{"id":931,"date":"2012-03-23T13:30:43","date_gmt":"2012-03-23T13:30:43","guid":{"rendered":"http:\/\/energeticienne-audibert.com\/Montpellier\/?page_id=931"},"modified":"2022-03-02T11:00:54","modified_gmt":"2022-03-02T11:00:54","slug":"actualite-formations","status":"publish","type":"page","link":"https:\/\/energeticienne-audibert.com\/Montpellier\/formations-reiki\/actualite-formations","title":{"rendered":"Dates des formations"},"content":{"rendered":"<div id=\"pl-931\"  class=\"panel-layout\" ><div id=\"pg-931-0\"  class=\"panel-grid panel-no-style\" ><div id=\"pgc-931-0-0\"  class=\"panel-grid-cell\" ><div id=\"panel-931-0-0-0\" class=\"so-panel widget widget_text panel-first-child panel-last-child\" data-index=\"0\" ><h3 class=\"widget-title\">Formation Reiki Usui<\/h3>\t\t\t<div class=\"textwidget\"><p><\/p>\n<ul>\n<li>Formation au 1er degr\u00e9 de Reiki Usui (accessible \u00e0 tous)<\/li>\n<li>Formation au 2nd degr\u00e9 de Reiki Usui \/ Shamballa (accessible avec le 1er degr\u00e9 reiki Usui)<\/li>\n<li>Formation au 3\u00e8me degr\u00e9 de Reiki Usui \/ Shamballa (accessible avec le 2nd degr\u00e9 reiki Usui obtenu)<\/li>\n<\/ul>\n<p><strong>Initiation sur un week-end au tarif de 250\u20ac par degr\u00e9.<\/strong><br \/>\n<a href=\"https:\/\/energeticienne-audibert.com\/Montpellier\/wp-content\/uploads\/2022\/03\/formulaire-formation-Reiki-2022.pdf\" target=\"_blank\" rel=\"noopener\">T\u00e9l\u00e9chargez d\u00e8s maintenant le bulletin d&rsquo;inscription<\/a><\/p>\n<\/div>\n\t\t<\/div><\/div><div id=\"pgc-931-0-1\"  class=\"panel-grid-cell\" ><div id=\"panel-931-0-1-0\" class=\"so-panel widget widget_text panel-first-child panel-last-child\" data-index=\"1\" ><h3 class=\"widget-title\">Formation Shamballa<\/h3>\t\t\t<div class=\"textwidget\"><p><\/p>\n<ul>\n<li>Formation Shamballa 1er niveau (accessible<br \/>\n\u00e0 tous)<\/li>\n<li>Formation Shamballa 2\u00e8me niveau (1er niveau accompli)<\/li>\n<li>Formation Shamballa 3\u00e8me niveau (2\u00e8me niveau accompli)<\/li>\n<\/ul>\n<p><strong>Initiation sur un week-end au tarif de 250\u20ac par degr\u00e9.<\/strong><br \/>\n<a href=\"https:\/\/energeticienne-audibert.com\/Montpellier\/wp-content\/uploads\/2022\/03\/formulaire-formation-Shamballa-2022.pdf\" target=\"_blank\" rel=\"noopener\">T\u00e9l\u00e9chargez d\u00e8s maintenant le bulletin d&rsquo;inscription<\/a><\/p>\n<\/div>\n\t\t<\/div><\/div><\/div><div id=\"pg-931-1\"  class=\"panel-grid panel-no-style\" ><div id=\"pgc-931-1-0\"  class=\"panel-grid-cell\" ><div id=\"panel-931-1-0-0\" class=\"so-panel widget widget_text panel-first-child panel-last-child\" data-index=\"2\" >\t\t\t<div class=\"textwidget\"><p><strong>Atelier de pratique Reiki <\/strong>\u00a0:<br \/>\npour les personnes initi\u00e9es, je propose un espace pour pratiquer et \u00e9changer. 20\u20ac l\u2019atelier<\/p>\n<p><strong>Atelier de pratique Shamballa<\/strong>\u00a0:<br \/>\npour les personnes initi\u00e9es, je propose un espace pour pratiquer et \u00e9changer. 35\u20ac l\u2019atelier pour le reiki<\/p>\n<p><strong>Le weekend de formation est \u00e0 250\u20ac dont 50\u20ac d\u2019arrhes \u00e0 l\u2019inscription.<\/strong><br \/>\n<a href=\"https:\/\/energeticienne-audibert.com\/Montpellier\/wp-content\/uploads\/2022\/03\/formulaire-formation-Reiki-2022.pdf\">Formulaire formation Reiki<\/a><br \/>\n<a href=\"https:\/\/energeticienne-audibert.com\/Montpellier\/wp-content\/uploads\/2022\/03\/formulaire-formation-Shamballa-2022.pdf\">Formulaire formation Shamballa<\/a><\/p>\n<p>N\u2019h\u00e9sitez pas \u00e0 m&rsquo;appeler au 06.87.54.82.06 ou \u00e0 m\u2019envoyer\u00a0<a href=\"mailto:genevieve-audibert@live.fr\">un mail<\/a>\u00a0pour plus d\u2019informations.<\/p>\n<\/div>\n\t\t<\/div><\/div><\/div><\/div>","protected":false},"excerpt":{"rendered":"<p>Formation au 1er degr\u00e9 de Reiki Usui (accessible \u00e0 tous) Formation au 2nd degr\u00e9 de Reiki Usui \/ Shamballa [&hellip;]<\/p>\n","protected":false},"author":2,"featured_media":820,"parent":79,"menu_order":0,"comment_status":"closed","ping_status":"open","template":"","meta":{"footnotes":""},"class_list":["post-931","page","type-page","status-publish","has-post-thumbnail","hentry"],"yoast_head":"<!-- This site is optimized with the Yoast SEO plugin v27.5 - https:\/\/yoast.com\/product\/yoast-seo-wordpress\/ -->\n<title>Dates des formations - Genevi\u00e8ve Audibert \u00e9nerg\u00e9ticienne<\/title>\n<meta name=\"robots\" content=\"index, follow, max-snippet:-1, max-image-preview:large, max-video-preview:-1\" \/>\n<link rel=\"canonical\" href=\"https:\/\/energeticienne-audibert.com\/Montpellier\/formations-reiki\/actualite-formations\" \/>\n<meta property=\"og:locale\" content=\"fr_FR\" \/>\n<meta property=\"og:type\" content=\"article\" \/>\n<meta property=\"og:title\" content=\"Dates des formations - Genevi\u00e8ve Audibert \u00e9nerg\u00e9ticienne\" \/>\n<meta property=\"og:description\" content=\"Formation au 1er degr\u00e9 de Reiki Usui (accessible \u00e0 tous) Formation au 2nd degr\u00e9 de Reiki Usui \/ Shamballa [&hellip;]\" \/>\n<meta property=\"og:url\" content=\"https:\/\/energeticienne-audibert.com\/Montpellier\/formations-reiki\/actualite-formations\" \/>\n<meta property=\"og:site_name\" content=\"Genevi\u00e8ve Audibert \u00e9nerg\u00e9ticienne\" \/>\n<meta property=\"article:modified_time\" content=\"2022-03-02T11:00:54+00:00\" \/>\n<meta property=\"og:image\" content=\"https:\/\/energeticienne-audibert.com\/Montpellier\/wp-content\/uploads\/2010\/11\/SoinsP1b.jpg\" \/>\n\t<meta property=\"og:image:width\" content=\"150\" \/>\n\t<meta property=\"og:image:height\" content=\"200\" \/>\n\t<meta property=\"og:image:type\" content=\"image\/jpeg\" \/>\n<meta name=\"twitter:card\" content=\"summary_large_image\" \/>\n<meta name=\"twitter:label1\" content=\"Dur\u00e9e de lecture estim\u00e9e\" \/>\n\t<meta name=\"twitter:data1\" content=\"1 minute\" \/>\n<script type=\"application\/ld+json\" class=\"yoast-schema-graph\">{\"@context\":\"https:\\\/\\\/schema.org\",\"@graph\":[{\"@type\":\"WebPage\",\"@id\":\"https:\\\/\\\/energeticienne-audibert.com\\\/Montpellier\\\/formations-reiki\\\/actualite-formations\",\"url\":\"https:\\\/\\\/energeticienne-audibert.com\\\/Montpellier\\\/formations-reiki\\\/actualite-formations\",\"name\":\"Dates des formations - Genevi\u00e8ve Audibert \u00e9nerg\u00e9ticienne\",\"isPartOf\":{\"@id\":\"https:\\\/\\\/energeticienne-audibert.com\\\/Montpellier\\\/#website\"},\"primaryImageOfPage\":{\"@id\":\"https:\\\/\\\/energeticienne-audibert.com\\\/Montpellier\\\/formations-reiki\\\/actualite-formations#primaryimage\"},\"image\":{\"@id\":\"https:\\\/\\\/energeticienne-audibert.com\\\/Montpellier\\\/formations-reiki\\\/actualite-formations#primaryimage\"},\"thumbnailUrl\":\"https:\\\/\\\/energeticienne-audibert.com\\\/Montpellier\\\/wp-content\\\/uploads\\\/2010\\\/11\\\/SoinsP1b.jpg\",\"datePublished\":\"2012-03-23T13:30:43+00:00\",\"dateModified\":\"2022-03-02T11:00:54+00:00\",\"breadcrumb\":{\"@id\":\"https:\\\/\\\/energeticienne-audibert.com\\\/Montpellier\\\/formations-reiki\\\/actualite-formations#breadcrumb\"},\"inLanguage\":\"fr-FR\",\"potentialAction\":[{\"@type\":\"ReadAction\",\"target\":[\"https:\\\/\\\/energeticienne-audibert.com\\\/Montpellier\\\/formations-reiki\\\/actualite-formations\"]}]},{\"@type\":\"ImageObject\",\"inLanguage\":\"fr-FR\",\"@id\":\"https:\\\/\\\/energeticienne-audibert.com\\\/Montpellier\\\/formations-reiki\\\/actualite-formations#primaryimage\",\"url\":\"https:\\\/\\\/energeticienne-audibert.com\\\/Montpellier\\\/wp-content\\\/uploads\\\/2010\\\/11\\\/SoinsP1b.jpg\",\"contentUrl\":\"https:\\\/\\\/energeticienne-audibert.com\\\/Montpellier\\\/wp-content\\\/uploads\\\/2010\\\/11\\\/SoinsP1b.jpg\",\"width\":\"150\",\"height\":\"200\"},{\"@type\":\"BreadcrumbList\",\"@id\":\"https:\\\/\\\/energeticienne-audibert.com\\\/Montpellier\\\/formations-reiki\\\/actualite-formations#breadcrumb\",\"itemListElement\":[{\"@type\":\"ListItem\",\"position\":1,\"name\":\"Accueil\",\"item\":\"https:\\\/\\\/energeticienne-audibert.com\\\/Montpellier\\\/\"},{\"@type\":\"ListItem\",\"position\":2,\"name\":\"Formations Reiki Usui\",\"item\":\"https:\\\/\\\/energeticienne-audibert.com\\\/Montpellier\\\/formations-reiki\"},{\"@type\":\"ListItem\",\"position\":3,\"name\":\"Dates des formations\"}]},{\"@type\":\"WebSite\",\"@id\":\"https:\\\/\\\/energeticienne-audibert.com\\\/Montpellier\\\/#website\",\"url\":\"https:\\\/\\\/energeticienne-audibert.com\\\/Montpellier\\\/\",\"name\":\"Genevi\u00e8ve Audibert \u00e9nerg\u00e9ticienne\",\"description\":\"\",\"publisher\":{\"@id\":\"https:\\\/\\\/energeticienne-audibert.com\\\/Montpellier\\\/#organization\"},\"potentialAction\":[{\"@type\":\"SearchAction\",\"target\":{\"@type\":\"EntryPoint\",\"urlTemplate\":\"https:\\\/\\\/energeticienne-audibert.com\\\/Montpellier\\\/?s={search_term_string}\"},\"query-input\":{\"@type\":\"PropertyValueSpecification\",\"valueRequired\":true,\"valueName\":\"search_term_string\"}}],\"inLanguage\":\"fr-FR\"},{\"@type\":\"Organization\",\"@id\":\"https:\\\/\\\/energeticienne-audibert.com\\\/Montpellier\\\/#organization\",\"name\":\"Genevi\u00e8ve Audibert \u00e9nerg\u00e9ticienne\",\"url\":\"https:\\\/\\\/energeticienne-audibert.com\\\/Montpellier\\\/\",\"logo\":{\"@type\":\"ImageObject\",\"inLanguage\":\"fr-FR\",\"@id\":\"https:\\\/\\\/energeticienne-audibert.com\\\/Montpellier\\\/#\\\/schema\\\/logo\\\/image\\\/\",\"url\":\"https:\\\/\\\/energeticienne-audibert.com\\\/Montpellier\\\/wp-content\\\/uploads\\\/2019\\\/01\\\/cropped-logo-genevieve-307.png\",\"contentUrl\":\"https:\\\/\\\/energeticienne-audibert.com\\\/Montpellier\\\/wp-content\\\/uploads\\\/2019\\\/01\\\/cropped-logo-genevieve-307.png\",\"width\":250,\"height\":253,\"caption\":\"Genevi\u00e8ve Audibert \u00e9nerg\u00e9ticienne\"},\"image\":{\"@id\":\"https:\\\/\\\/energeticienne-audibert.com\\\/Montpellier\\\/#\\\/schema\\\/logo\\\/image\\\/\"}}]}<\/script>\n<!-- \/ Yoast SEO plugin. -->","yoast_head_json":{"title":"Dates des formations - Genevi\u00e8ve Audibert \u00e9nerg\u00e9ticienne","robots":{"index":"index","follow":"follow","max-snippet":"max-snippet:-1","max-image-preview":"max-image-preview:large","max-video-preview":"max-video-preview:-1"},"canonical":"https:\/\/energeticienne-audibert.com\/Montpellier\/formations-reiki\/actualite-formations","og_locale":"fr_FR","og_type":"article","og_title":"Dates des formations - Genevi\u00e8ve Audibert \u00e9nerg\u00e9ticienne","og_description":"Formation au 1er degr\u00e9 de Reiki Usui (accessible \u00e0 tous) Formation au 2nd degr\u00e9 de Reiki Usui \/ Shamballa [&hellip;]","og_url":"https:\/\/energeticienne-audibert.com\/Montpellier\/formations-reiki\/actualite-formations","og_site_name":"Genevi\u00e8ve Audibert \u00e9nerg\u00e9ticienne","article_modified_time":"2022-03-02T11:00:54+00:00","og_image":[{"width":150,"height":200,"url":"https:\/\/energeticienne-audibert.com\/Montpellier\/wp-content\/uploads\/2010\/11\/SoinsP1b.jpg","type":"image\/jpeg"}],"twitter_card":"summary_large_image","twitter_misc":{"Dur\u00e9e de lecture estim\u00e9e":"1 minute"},"schema":{"@context":"https:\/\/schema.org","@graph":[{"@type":"WebPage","@id":"https:\/\/energeticienne-audibert.com\/Montpellier\/formations-reiki\/actualite-formations","url":"https:\/\/energeticienne-audibert.com\/Montpellier\/formations-reiki\/actualite-formations","name":"Dates des formations - Genevi\u00e8ve Audibert \u00e9nerg\u00e9ticienne","isPartOf":{"@id":"https:\/\/energeticienne-audibert.com\/Montpellier\/#website"},"primaryImageOfPage":{"@id":"https:\/\/energeticienne-audibert.com\/Montpellier\/formations-reiki\/actualite-formations#primaryimage"},"image":{"@id":"https:\/\/energeticienne-audibert.com\/Montpellier\/formations-reiki\/actualite-formations#primaryimage"},"thumbnailUrl":"https:\/\/energeticienne-audibert.com\/Montpellier\/wp-content\/uploads\/2010\/11\/SoinsP1b.jpg","datePublished":"2012-03-23T13:30:43+00:00","dateModified":"2022-03-02T11:00:54+00:00","breadcrumb":{"@id":"https:\/\/energeticienne-audibert.com\/Montpellier\/formations-reiki\/actualite-formations#breadcrumb"},"inLanguage":"fr-FR","potentialAction":[{"@type":"ReadAction","target":["https:\/\/energeticienne-audibert.com\/Montpellier\/formations-reiki\/actualite-formations"]}]},{"@type":"ImageObject","inLanguage":"fr-FR","@id":"https:\/\/energeticienne-audibert.com\/Montpellier\/formations-reiki\/actualite-formations#primaryimage","url":"https:\/\/energeticienne-audibert.com\/Montpellier\/wp-content\/uploads\/2010\/11\/SoinsP1b.jpg","contentUrl":"https:\/\/energeticienne-audibert.com\/Montpellier\/wp-content\/uploads\/2010\/11\/SoinsP1b.jpg","width":"150","height":"200"},{"@type":"BreadcrumbList","@id":"https:\/\/energeticienne-audibert.com\/Montpellier\/formations-reiki\/actualite-formations#breadcrumb","itemListElement":[{"@type":"ListItem","position":1,"name":"Accueil","item":"https:\/\/energeticienne-audibert.com\/Montpellier\/"},{"@type":"ListItem","position":2,"name":"Formations Reiki Usui","item":"https:\/\/energeticienne-audibert.com\/Montpellier\/formations-reiki"},{"@type":"ListItem","position":3,"name":"Dates des formations"}]},{"@type":"WebSite","@id":"https:\/\/energeticienne-audibert.com\/Montpellier\/#website","url":"https:\/\/energeticienne-audibert.com\/Montpellier\/","name":"Genevi\u00e8ve Audibert \u00e9nerg\u00e9ticienne","description":"","publisher":{"@id":"https:\/\/energeticienne-audibert.com\/Montpellier\/#organization"},"potentialAction":[{"@type":"SearchAction","target":{"@type":"EntryPoint","urlTemplate":"https:\/\/energeticienne-audibert.com\/Montpellier\/?s={search_term_string}"},"query-input":{"@type":"PropertyValueSpecification","valueRequired":true,"valueName":"search_term_string"}}],"inLanguage":"fr-FR"},{"@type":"Organization","@id":"https:\/\/energeticienne-audibert.com\/Montpellier\/#organization","name":"Genevi\u00e8ve Audibert \u00e9nerg\u00e9ticienne","url":"https:\/\/energeticienne-audibert.com\/Montpellier\/","logo":{"@type":"ImageObject","inLanguage":"fr-FR","@id":"https:\/\/energeticienne-audibert.com\/Montpellier\/#\/schema\/logo\/image\/","url":"https:\/\/energeticienne-audibert.com\/Montpellier\/wp-content\/uploads\/2019\/01\/cropped-logo-genevieve-307.png","contentUrl":"https:\/\/energeticienne-audibert.com\/Montpellier\/wp-content\/uploads\/2019\/01\/cropped-logo-genevieve-307.png","width":250,"height":253,"caption":"Genevi\u00e8ve Audibert \u00e9nerg\u00e9ticienne"},"image":{"@id":"https:\/\/energeticienne-audibert.com\/Montpellier\/#\/schema\/logo\/image\/"}}]}},"_links":{"self":[{"href":"https:\/\/energeticienne-audibert.com\/Montpellier\/wp-json\/wp\/v2\/pages\/931","targetHints":{"allow":["GET"]}}],"collection":[{"href":"https:\/\/energeticienne-audibert.com\/Montpellier\/wp-json\/wp\/v2\/pages"}],"about":[{"href":"https:\/\/energeticienne-audibert.com\/Montpellier\/wp-json\/wp\/v2\/types\/page"}],"author":[{"embeddable":true,"href":"https:\/\/energeticienne-audibert.com\/Montpellier\/wp-json\/wp\/v2\/users\/2"}],"replies":[{"embeddable":true,"href":"https:\/\/energeticienne-audibert.com\/Montpellier\/wp-json\/wp\/v2\/comments?post=931"}],"version-history":[{"count":230,"href":"https:\/\/energeticienne-audibert.com\/Montpellier\/wp-json\/wp\/v2\/pages\/931\/revisions"}],"predecessor-version":[{"id":2133,"href":"https:\/\/energeticienne-audibert.com\/Montpellier\/wp-json\/wp\/v2\/pages\/931\/revisions\/2133"}],"up":[{"embeddable":true,"href":"https:\/\/energeticienne-audibert.com\/Montpellier\/wp-json\/wp\/v2\/pages\/79"}],"wp:featuredmedia":[{"embeddable":true,"href":"https:\/\/energeticienne-audibert.com\/Montpellier\/wp-json\/wp\/v2\/media\/820"}],"wp:attachment":[{"href":"https:\/\/energeticienne-audibert.com\/Montpellier\/wp-json\/wp\/v2\/media?parent=931"}],"curies":[{"name":"wp","href":"https:\/\/api.w.org\/{rel}","templated":true}]}}