{"id":80,"date":"2010-09-20T20:22:25","date_gmt":"2010-09-20T20:22:25","guid":{"rendered":"http:\/\/energeticienne-audibert.com\/WordPress\/?page_id=80"},"modified":"2025-09-30T12:48:08","modified_gmt":"2025-09-30T12:48:08","slug":"liens-contacts","status":"publish","type":"page","link":"https:\/\/energeticienne-audibert.com\/Montpellier\/liens-contacts","title":{"rendered":"Contact &amp; liens"},"content":{"rendered":"\n<figure class=\"wp-block-gallery has-nested-images columns-default is-cropped wp-block-gallery-1 is-layout-flex wp-block-gallery-is-layout-flex\">\n<figure class=\"wp-block-image size-large\"><img loading=\"lazy\" decoding=\"async\" width=\"300\" height=\"365\" data-id=\"2031\" src=\"https:\/\/energeticienne-audibert.com\/Montpellier\/wp-content\/uploads\/2021\/04\/cabinet-rueCarrieu4.png\" alt=\"\" class=\"wp-image-2031\" srcset=\"https:\/\/energeticienne-audibert.com\/Montpellier\/wp-content\/uploads\/2021\/04\/cabinet-rueCarrieu4.png 300w, https:\/\/energeticienne-audibert.com\/Montpellier\/wp-content\/uploads\/2021\/04\/cabinet-rueCarrieu4-247x300.png 247w\" sizes=\"auto, (max-width: 300px) 100vw, 300px\" \/><\/figure>\n\n\n\n<figure class=\"wp-block-image size-large\"><img loading=\"lazy\" decoding=\"async\" width=\"300\" height=\"367\" data-id=\"2029\" src=\"https:\/\/energeticienne-audibert.com\/Montpellier\/wp-content\/uploads\/2021\/04\/cabinet-rueCarrieu1.png\" alt=\"\" class=\"wp-image-2029\" srcset=\"https:\/\/energeticienne-audibert.com\/Montpellier\/wp-content\/uploads\/2021\/04\/cabinet-rueCarrieu1.png 300w, https:\/\/energeticienne-audibert.com\/Montpellier\/wp-content\/uploads\/2021\/04\/cabinet-rueCarrieu1-245x300.png 245w\" sizes=\"auto, (max-width: 300px) 100vw, 300px\" \/><\/figure>\n\n\n\n<figure class=\"wp-block-image size-large\"><img loading=\"lazy\" decoding=\"async\" width=\"300\" height=\"367\" data-id=\"2028\" src=\"https:\/\/energeticienne-audibert.com\/Montpellier\/wp-content\/uploads\/2021\/04\/cabinet-rueCarrieu3.png\" alt=\"\" class=\"wp-image-2028\" srcset=\"https:\/\/energeticienne-audibert.com\/Montpellier\/wp-content\/uploads\/2021\/04\/cabinet-rueCarrieu3.png 300w, https:\/\/energeticienne-audibert.com\/Montpellier\/wp-content\/uploads\/2021\/04\/cabinet-rueCarrieu3-245x300.png 245w\" sizes=\"auto, (max-width: 300px) 100vw, 300px\" \/><\/figure>\n<\/figure>\n\n\n\n<h3 class=\"wp-block-heading\">Plan d&rsquo;acc\u00e8s :<\/h3>\n\n\n\n<div class=\"wp-block-columns is-layout-flex wp-container-core-columns-is-layout-9d6595d7 wp-block-columns-is-layout-flex\">\n<div class=\"wp-block-column is-layout-flow wp-block-column-is-layout-flow\" style=\"flex-basis:66.66%\">\n<iframe src=\"https:\/\/www.google.com\/maps\/embed?pb=!1m16!1m12!1m3!1d2049.607458444432!2d3.840882059762967!3d43.61581257569619!2m3!1f0!2f0!3f0!3m2!1i1024!2i768!4f13.1!2m1!1s211%20rue%20Marius%20Carrieu%20R%C3%A9sidence%20le%20Castelet%2034080%20Montpellier!5e0!3m2!1sfr!2sfr!4v1759236455732!5m2!1sfr!2sfr\" width=\"500\" height=\"450\" style=\"border:0;\" allowfullscreen=\"\" loading=\"lazy\" referrerpolicy=\"no-referrer-when-downgrade\"><\/iframe>\n<\/div>\n\n\n\n<div class=\"wp-block-column is-layout-flow wp-block-column-is-layout-flow\" style=\"flex-basis:33.33%\">\n<p><strong>Genevi\u00e8ve Audibert,<br>th\u00e9rapeute \u00e9nerg\u00e9ticienne<br><\/strong><br><strong>Adresse :<br><\/strong>Alco Sant\u00e9,<br>211 rue Marius Carrieu<br>R\u00e9sidence le Castelet<br>34080 Montpellier&nbsp;<br><br><strong>T\u00e9l\u00e9phone :<\/strong>&nbsp;06.87.54.82.06<br><br><strong>E-mail :&nbsp;<\/strong><a href=\"mailto:genevieve-audibert@live.fr\">cliquer ici<\/a><br><br><strong>TRAM :<\/strong>&nbsp;Ligne 3 \u2013 arr\u00eat Tonnelle<br><br><strong>Pour se garer&nbsp;:<\/strong> places de parking rue d\u2019Alco<\/p>\n<\/div>\n<\/div>\n","protected":false},"excerpt":{"rendered":"<p>Plan d&rsquo;acc\u00e8s : Genevi\u00e8ve Audibert,th\u00e9rapeute \u00e9nerg\u00e9ticienneAdresse :Alco Sant\u00e9,211 rue Marius CarrieuR\u00e9sidence le Castelet34080 Montpellier&nbsp; T\u00e9l\u00e9phone :&nbsp;06.87.54.82.06 E-mail :&nbsp;cliquer ici [&hellip;]<\/p>\n","protected":false},"author":2,"featured_media":0,"parent":0,"menu_order":15,"comment_status":"closed","ping_status":"closed","template":"","meta":{"footnotes":""},"class_list":["post-80","page","type-page","status-publish","hentry"],"yoast_head":"<!-- This site is optimized with the Yoast SEO plugin v27.5 - https:\/\/yoast.com\/product\/yoast-seo-wordpress\/ -->\n<title>Contact &amp; liens - Genevi\u00e8ve Audibert \u00e9nerg\u00e9ticienne<\/title>\n<meta name=\"robots\" content=\"index, follow, max-snippet:-1, max-image-preview:large, max-video-preview:-1\" \/>\n<link rel=\"canonical\" href=\"https:\/\/energeticienne-audibert.com\/Montpellier\/liens-contacts\" \/>\n<meta property=\"og:locale\" content=\"fr_FR\" \/>\n<meta property=\"og:type\" content=\"article\" \/>\n<meta property=\"og:title\" content=\"Contact &amp; liens - Genevi\u00e8ve Audibert \u00e9nerg\u00e9ticienne\" \/>\n<meta property=\"og:description\" content=\"Plan d&rsquo;acc\u00e8s : Genevi\u00e8ve Audibert,th\u00e9rapeute \u00e9nerg\u00e9ticienneAdresse :Alco Sant\u00e9,211 rue Marius CarrieuR\u00e9sidence le Castelet34080 Montpellier&nbsp; T\u00e9l\u00e9phone :&nbsp;06.87.54.82.06 E-mail :&nbsp;cliquer ici [&hellip;]\" \/>\n<meta property=\"og:url\" content=\"https:\/\/energeticienne-audibert.com\/Montpellier\/liens-contacts\" \/>\n<meta property=\"og:site_name\" content=\"Genevi\u00e8ve Audibert \u00e9nerg\u00e9ticienne\" \/>\n<meta property=\"article:modified_time\" content=\"2025-09-30T12:48:08+00:00\" \/>\n<meta property=\"og:image\" content=\"https:\/\/energeticienne-audibert.com\/Montpellier\/wp-content\/uploads\/2021\/04\/cabinet-rueCarrieu4.png\" \/>\n\t<meta property=\"og:image:width\" content=\"300\" \/>\n\t<meta property=\"og:image:height\" content=\"365\" \/>\n\t<meta property=\"og:image:type\" content=\"image\/png\" \/>\n<meta name=\"twitter:card\" content=\"summary_large_image\" \/>\n<meta name=\"twitter:label1\" content=\"Dur\u00e9e de lecture estim\u00e9e\" \/>\n\t<meta name=\"twitter:data1\" content=\"1 minute\" \/>\n<script type=\"application\/ld+json\" class=\"yoast-schema-graph\">{\"@context\":\"https:\\\/\\\/schema.org\",\"@graph\":[{\"@type\":\"WebPage\",\"@id\":\"https:\\\/\\\/energeticienne-audibert.com\\\/Montpellier\\\/liens-contacts\",\"url\":\"https:\\\/\\\/energeticienne-audibert.com\\\/Montpellier\\\/liens-contacts\",\"name\":\"Contact &amp; liens - Genevi\u00e8ve Audibert \u00e9nerg\u00e9ticienne\",\"isPartOf\":{\"@id\":\"https:\\\/\\\/energeticienne-audibert.com\\\/Montpellier\\\/#website\"},\"primaryImageOfPage\":{\"@id\":\"https:\\\/\\\/energeticienne-audibert.com\\\/Montpellier\\\/liens-contacts#primaryimage\"},\"image\":{\"@id\":\"https:\\\/\\\/energeticienne-audibert.com\\\/Montpellier\\\/liens-contacts#primaryimage\"},\"thumbnailUrl\":\"https:\\\/\\\/energeticienne-audibert.com\\\/Montpellier\\\/wp-content\\\/uploads\\\/2021\\\/04\\\/cabinet-rueCarrieu4.png\",\"datePublished\":\"2010-09-20T20:22:25+00:00\",\"dateModified\":\"2025-09-30T12:48:08+00:00\",\"breadcrumb\":{\"@id\":\"https:\\\/\\\/energeticienne-audibert.com\\\/Montpellier\\\/liens-contacts#breadcrumb\"},\"inLanguage\":\"fr-FR\",\"potentialAction\":[{\"@type\":\"ReadAction\",\"target\":[\"https:\\\/\\\/energeticienne-audibert.com\\\/Montpellier\\\/liens-contacts\"]}]},{\"@type\":\"ImageObject\",\"inLanguage\":\"fr-FR\",\"@id\":\"https:\\\/\\\/energeticienne-audibert.com\\\/Montpellier\\\/liens-contacts#primaryimage\",\"url\":\"https:\\\/\\\/energeticienne-audibert.com\\\/Montpellier\\\/wp-content\\\/uploads\\\/2021\\\/04\\\/cabinet-rueCarrieu4.png\",\"contentUrl\":\"https:\\\/\\\/energeticienne-audibert.com\\\/Montpellier\\\/wp-content\\\/uploads\\\/2021\\\/04\\\/cabinet-rueCarrieu4.png\",\"width\":300,\"height\":365,\"caption\":\"Cabinet Genevi\u00e8ve Audibert Energ\u00e9ticienne Montpellier\"},{\"@type\":\"BreadcrumbList\",\"@id\":\"https:\\\/\\\/energeticienne-audibert.com\\\/Montpellier\\\/liens-contacts#breadcrumb\",\"itemListElement\":[{\"@type\":\"ListItem\",\"position\":1,\"name\":\"Accueil\",\"item\":\"https:\\\/\\\/energeticienne-audibert.com\\\/Montpellier\\\/\"},{\"@type\":\"ListItem\",\"position\":2,\"name\":\"Contact &amp; liens\"}]},{\"@type\":\"WebSite\",\"@id\":\"https:\\\/\\\/energeticienne-audibert.com\\\/Montpellier\\\/#website\",\"url\":\"https:\\\/\\\/energeticienne-audibert.com\\\/Montpellier\\\/\",\"name\":\"Genevi\u00e8ve Audibert \u00e9nerg\u00e9ticienne\",\"description\":\"\",\"publisher\":{\"@id\":\"https:\\\/\\\/energeticienne-audibert.com\\\/Montpellier\\\/#organization\"},\"potentialAction\":[{\"@type\":\"SearchAction\",\"target\":{\"@type\":\"EntryPoint\",\"urlTemplate\":\"https:\\\/\\\/energeticienne-audibert.com\\\/Montpellier\\\/?s={search_term_string}\"},\"query-input\":{\"@type\":\"PropertyValueSpecification\",\"valueRequired\":true,\"valueName\":\"search_term_string\"}}],\"inLanguage\":\"fr-FR\"},{\"@type\":\"Organization\",\"@id\":\"https:\\\/\\\/energeticienne-audibert.com\\\/Montpellier\\\/#organization\",\"name\":\"Genevi\u00e8ve Audibert \u00e9nerg\u00e9ticienne\",\"url\":\"https:\\\/\\\/energeticienne-audibert.com\\\/Montpellier\\\/\",\"logo\":{\"@type\":\"ImageObject\",\"inLanguage\":\"fr-FR\",\"@id\":\"https:\\\/\\\/energeticienne-audibert.com\\\/Montpellier\\\/#\\\/schema\\\/logo\\\/image\\\/\",\"url\":\"https:\\\/\\\/energeticienne-audibert.com\\\/Montpellier\\\/wp-content\\\/uploads\\\/2019\\\/01\\\/cropped-logo-genevieve-307.png\",\"contentUrl\":\"https:\\\/\\\/energeticienne-audibert.com\\\/Montpellier\\\/wp-content\\\/uploads\\\/2019\\\/01\\\/cropped-logo-genevieve-307.png\",\"width\":250,\"height\":253,\"caption\":\"Genevi\u00e8ve Audibert \u00e9nerg\u00e9ticienne\"},\"image\":{\"@id\":\"https:\\\/\\\/energeticienne-audibert.com\\\/Montpellier\\\/#\\\/schema\\\/logo\\\/image\\\/\"}}]}<\/script>\n<!-- \/ Yoast SEO plugin. -->","yoast_head_json":{"title":"Contact &amp; liens - Genevi\u00e8ve Audibert \u00e9nerg\u00e9ticienne","robots":{"index":"index","follow":"follow","max-snippet":"max-snippet:-1","max-image-preview":"max-image-preview:large","max-video-preview":"max-video-preview:-1"},"canonical":"https:\/\/energeticienne-audibert.com\/Montpellier\/liens-contacts","og_locale":"fr_FR","og_type":"article","og_title":"Contact &amp; liens - Genevi\u00e8ve Audibert \u00e9nerg\u00e9ticienne","og_description":"Plan d&rsquo;acc\u00e8s : Genevi\u00e8ve Audibert,th\u00e9rapeute \u00e9nerg\u00e9ticienneAdresse :Alco Sant\u00e9,211 rue Marius CarrieuR\u00e9sidence le Castelet34080 Montpellier&nbsp; T\u00e9l\u00e9phone :&nbsp;06.87.54.82.06 E-mail :&nbsp;cliquer ici [&hellip;]","og_url":"https:\/\/energeticienne-audibert.com\/Montpellier\/liens-contacts","og_site_name":"Genevi\u00e8ve Audibert \u00e9nerg\u00e9ticienne","article_modified_time":"2025-09-30T12:48:08+00:00","og_image":[{"width":300,"height":365,"url":"https:\/\/energeticienne-audibert.com\/Montpellier\/wp-content\/uploads\/2021\/04\/cabinet-rueCarrieu4.png","type":"image\/png"}],"twitter_card":"summary_large_image","twitter_misc":{"Dur\u00e9e de lecture estim\u00e9e":"1 minute"},"schema":{"@context":"https:\/\/schema.org","@graph":[{"@type":"WebPage","@id":"https:\/\/energeticienne-audibert.com\/Montpellier\/liens-contacts","url":"https:\/\/energeticienne-audibert.com\/Montpellier\/liens-contacts","name":"Contact &amp; liens - Genevi\u00e8ve Audibert \u00e9nerg\u00e9ticienne","isPartOf":{"@id":"https:\/\/energeticienne-audibert.com\/Montpellier\/#website"},"primaryImageOfPage":{"@id":"https:\/\/energeticienne-audibert.com\/Montpellier\/liens-contacts#primaryimage"},"image":{"@id":"https:\/\/energeticienne-audibert.com\/Montpellier\/liens-contacts#primaryimage"},"thumbnailUrl":"https:\/\/energeticienne-audibert.com\/Montpellier\/wp-content\/uploads\/2021\/04\/cabinet-rueCarrieu4.png","datePublished":"2010-09-20T20:22:25+00:00","dateModified":"2025-09-30T12:48:08+00:00","breadcrumb":{"@id":"https:\/\/energeticienne-audibert.com\/Montpellier\/liens-contacts#breadcrumb"},"inLanguage":"fr-FR","potentialAction":[{"@type":"ReadAction","target":["https:\/\/energeticienne-audibert.com\/Montpellier\/liens-contacts"]}]},{"@type":"ImageObject","inLanguage":"fr-FR","@id":"https:\/\/energeticienne-audibert.com\/Montpellier\/liens-contacts#primaryimage","url":"https:\/\/energeticienne-audibert.com\/Montpellier\/wp-content\/uploads\/2021\/04\/cabinet-rueCarrieu4.png","contentUrl":"https:\/\/energeticienne-audibert.com\/Montpellier\/wp-content\/uploads\/2021\/04\/cabinet-rueCarrieu4.png","width":300,"height":365,"caption":"Cabinet Genevi\u00e8ve Audibert Energ\u00e9ticienne Montpellier"},{"@type":"BreadcrumbList","@id":"https:\/\/energeticienne-audibert.com\/Montpellier\/liens-contacts#breadcrumb","itemListElement":[{"@type":"ListItem","position":1,"name":"Accueil","item":"https:\/\/energeticienne-audibert.com\/Montpellier\/"},{"@type":"ListItem","position":2,"name":"Contact &amp; liens"}]},{"@type":"WebSite","@id":"https:\/\/energeticienne-audibert.com\/Montpellier\/#website","url":"https:\/\/energeticienne-audibert.com\/Montpellier\/","name":"Genevi\u00e8ve Audibert \u00e9nerg\u00e9ticienne","description":"","publisher":{"@id":"https:\/\/energeticienne-audibert.com\/Montpellier\/#organization"},"potentialAction":[{"@type":"SearchAction","target":{"@type":"EntryPoint","urlTemplate":"https:\/\/energeticienne-audibert.com\/Montpellier\/?s={search_term_string}"},"query-input":{"@type":"PropertyValueSpecification","valueRequired":true,"valueName":"search_term_string"}}],"inLanguage":"fr-FR"},{"@type":"Organization","@id":"https:\/\/energeticienne-audibert.com\/Montpellier\/#organization","name":"Genevi\u00e8ve Audibert \u00e9nerg\u00e9ticienne","url":"https:\/\/energeticienne-audibert.com\/Montpellier\/","logo":{"@type":"ImageObject","inLanguage":"fr-FR","@id":"https:\/\/energeticienne-audibert.com\/Montpellier\/#\/schema\/logo\/image\/","url":"https:\/\/energeticienne-audibert.com\/Montpellier\/wp-content\/uploads\/2019\/01\/cropped-logo-genevieve-307.png","contentUrl":"https:\/\/energeticienne-audibert.com\/Montpellier\/wp-content\/uploads\/2019\/01\/cropped-logo-genevieve-307.png","width":250,"height":253,"caption":"Genevi\u00e8ve Audibert \u00e9nerg\u00e9ticienne"},"image":{"@id":"https:\/\/energeticienne-audibert.com\/Montpellier\/#\/schema\/logo\/image\/"}}]}},"_links":{"self":[{"href":"https:\/\/energeticienne-audibert.com\/Montpellier\/wp-json\/wp\/v2\/pages\/80","targetHints":{"allow":["GET"]}}],"collection":[{"href":"https:\/\/energeticienne-audibert.com\/Montpellier\/wp-json\/wp\/v2\/pages"}],"about":[{"href":"https:\/\/energeticienne-audibert.com\/Montpellier\/wp-json\/wp\/v2\/types\/page"}],"author":[{"embeddable":true,"href":"https:\/\/energeticienne-audibert.com\/Montpellier\/wp-json\/wp\/v2\/users\/2"}],"replies":[{"embeddable":true,"href":"https:\/\/energeticienne-audibert.com\/Montpellier\/wp-json\/wp\/v2\/comments?post=80"}],"version-history":[{"count":43,"href":"https:\/\/energeticienne-audibert.com\/Montpellier\/wp-json\/wp\/v2\/pages\/80\/revisions"}],"predecessor-version":[{"id":2226,"href":"https:\/\/energeticienne-audibert.com\/Montpellier\/wp-json\/wp\/v2\/pages\/80\/revisions\/2226"}],"wp:attachment":[{"href":"https:\/\/energeticienne-audibert.com\/Montpellier\/wp-json\/wp\/v2\/media?parent=80"}],"curies":[{"name":"wp","href":"https:\/\/api.w.org\/{rel}","templated":true}]}}