{"id":74,"date":"2010-09-20T20:19:47","date_gmt":"2010-09-20T20:19:47","guid":{"rendered":"http:\/\/energeticienne-audibert.com\/WordPress\/?page_id=74"},"modified":"2025-09-30T12:52:01","modified_gmt":"2025-09-30T12:52:01","slug":"les-soins","status":"publish","type":"page","link":"https:\/\/energeticienne-audibert.com\/Montpellier\/les-soins","title":{"rendered":"Les soins"},"content":{"rendered":"<table style=\"font-size: 14px;\" border=\"0\" width=\"100%\" cellspacing=\"0\" cellpadding=\"0\">\n<tbody>\n<tr>\n<td valign=\"top\"><img decoding=\"async\" style=\"margin-bottom: 0px; float: left; margin-right: 10px;\" src=\"http:\/\/energeticienne-audibert.com\/Montpellier\/wp-content\/uploads\/2010\/11\/soinsP1.jpg\" alt=\"Soins\" \/><strong><span style=\"font-size: 15px;\">Les techniques \u00e9nerg\u00e9tiques sont compl\u00e9mentaires de toute autre forme de soin&#8230; <\/span><\/strong>Comme un traitement m\u00e9dical, ou une s\u00e9ance de psychoth\u00e9rapie\u2026 et ne sauraient les remplacer.<\/p>\n<p>Chaque soin fait appel a des techniques \u00e9nerg\u00e9tique, magn\u00e9tiques et des techniques Reiki.\u00a0Chaque soin commence par un entretien pr\u00e9liminaire pour prendre contact et r\u00e9pondre aux questions \u00e9ventuelles, et se termine par un \u00e9change avec partage du ressenti du patient et du th\u00e9rapeute.<\/p>\n<p>La s\u00e9ance se d\u00e9roule avec un fond musical, pour la d\u00e9tente et la relaxation favorisant l&rsquo;action du soin. Le patient reste habill\u00e9.<\/td>\n<\/tr>\n<\/tbody>\n<\/table>\n<table style=\"font-size: 14px;\" border=\"0\" width=\"100%\" cellspacing=\"0\" cellpadding=\"0\">\n<tbody>\n<tr>\n<td style=\"font-size: 14px;\" valign=\"top\"><img decoding=\"async\" style=\"float: right; margin: 5px 0px 0px 10px;\" src=\"http:\/\/energeticienne-audibert.com\/Montpellier\/wp-content\/uploads\/2010\/11\/SoinsP1b.jpg\" alt=\"Soins\" \/><strong><span style=\"font-size: 15px;\">Le ressenti \u00e9nerg\u00e9tique :<\/span><\/strong>Lors d&rsquo;un soin, le ressenti \u00e9nerg\u00e9tique permet de mettre \u00e0 jour des m\u00e9moires dans les diff\u00e9rentes couches \u00e9nerg\u00e9tiques. Elles se pr\u00e9sentent sous formes de masses d&rsquo;\u00e9nergies denses, peu actives, pouvant obstruer l&rsquo;\u00e9coulement d&rsquo;\u00e9nergie d&rsquo;un organe physique.<br \/>\nLa taille et la localisation d&rsquo;une m\u00e9moire peut renseigner sur l&rsquo;origine, l&rsquo;historique de la probl\u00e9matique de la personne en soin.<\/p>\n<p>Il est alors int\u00e9ressant d&rsquo;en discuter avec elle, pour accompagner le processus de \u00ab d\u00e9programmation \u00bb. Parfois des liens existent reliant une m\u00e9moire avec une partie du corps physique, ou d&rsquo;autres m\u00e9moires du corps \u00e9motionnel ou mental. Ces liens sont semblables \u00e0 des c\u00e2bles, immobilisant la masse \u00e0 un endroit d\u00e9termin\u00e9. En lib\u00e9rant ses liens la m\u00e9moire peut repartir dans le courant \u00e9nerg\u00e9tique et se r\u00e9sorber.<br \/>\nIl est possible de constater le d\u00e9placement de certains corps. Ils ne sont plus align\u00e9s autour du corps physique. Il peut en \u00eatre de m\u00eame avec les chakras. L&rsquo;un d&rsquo;eux peut \u00eatre sorti de l&rsquo;axe form\u00e9 par les 7 chakras principaux. L&rsquo;\u00e9change avec le patient sur son v\u00e9cu permet de comprendre l&rsquo;origine du d\u00e9calage et la remise en place du corps \u00e9nerg\u00e9tique permet la r\u00e9cup\u00e9ration du potentiel \u00e9nerg\u00e9tique initial.<\/p>\n<p style=\"margin-top: 20px;\"><strong>Chaque s\u00e9ance de soin dure 1 heure. Tarif de la s\u00e9ance : 60\u20ac<\/strong><\/p>\n<p style=\"margin-top: 20px; font-style: italic; font-size: 14px; color: #5f247d;\">Voir aussi <a href=\"http:\/\/energeticienne-audibert.com\/Montpellier\/les-soins\/soins-proposes-2\">les soins propos\u00e9s<\/a><\/p>\n<\/td>\n<\/tr>\n<\/tbody>\n<\/table>\n","protected":false},"excerpt":{"rendered":"<p>Les techniques \u00e9nerg\u00e9tiques sont compl\u00e9mentaires de toute autre forme de soin&#8230; Comme un traitement m\u00e9dical, ou une s\u00e9ance de [&hellip;]<\/p>\n","protected":false},"author":2,"featured_media":0,"parent":0,"menu_order":10,"comment_status":"closed","ping_status":"closed","template":"","meta":{"footnotes":""},"class_list":["post-74","page","type-page","status-publish","hentry"],"yoast_head":"<!-- This site is optimized with the Yoast SEO plugin v27.5 - https:\/\/yoast.com\/product\/yoast-seo-wordpress\/ -->\n<title>Les soins - Genevi\u00e8ve Audibert \u00e9nerg\u00e9ticienne<\/title>\n<meta name=\"robots\" content=\"index, follow, max-snippet:-1, max-image-preview:large, max-video-preview:-1\" \/>\n<link rel=\"canonical\" href=\"https:\/\/energeticienne-audibert.com\/Montpellier\/les-soins\" \/>\n<meta property=\"og:locale\" content=\"fr_FR\" \/>\n<meta property=\"og:type\" content=\"article\" \/>\n<meta property=\"og:title\" content=\"Les soins - Genevi\u00e8ve Audibert \u00e9nerg\u00e9ticienne\" \/>\n<meta property=\"og:description\" content=\"Les techniques \u00e9nerg\u00e9tiques sont compl\u00e9mentaires de toute autre forme de soin&#8230; Comme un traitement m\u00e9dical, ou une s\u00e9ance de [&hellip;]\" \/>\n<meta property=\"og:url\" content=\"https:\/\/energeticienne-audibert.com\/Montpellier\/les-soins\" \/>\n<meta property=\"og:site_name\" content=\"Genevi\u00e8ve Audibert \u00e9nerg\u00e9ticienne\" \/>\n<meta property=\"article:modified_time\" content=\"2025-09-30T12:52:01+00:00\" \/>\n<meta property=\"og:image\" content=\"http:\/\/energeticienne-audibert.com\/Montpellier\/wp-content\/uploads\/2010\/11\/soinsP1.jpg\" \/>\n<meta name=\"twitter:card\" content=\"summary_large_image\" \/>\n<meta name=\"twitter:label1\" content=\"Dur\u00e9e de lecture estim\u00e9e\" \/>\n\t<meta name=\"twitter:data1\" content=\"2 minutes\" \/>\n<script type=\"application\/ld+json\" class=\"yoast-schema-graph\">{\"@context\":\"https:\\\/\\\/schema.org\",\"@graph\":[{\"@type\":\"WebPage\",\"@id\":\"https:\\\/\\\/energeticienne-audibert.com\\\/Montpellier\\\/les-soins\",\"url\":\"https:\\\/\\\/energeticienne-audibert.com\\\/Montpellier\\\/les-soins\",\"name\":\"Les soins - Genevi\u00e8ve Audibert \u00e9nerg\u00e9ticienne\",\"isPartOf\":{\"@id\":\"https:\\\/\\\/energeticienne-audibert.com\\\/Montpellier\\\/#website\"},\"primaryImageOfPage\":{\"@id\":\"https:\\\/\\\/energeticienne-audibert.com\\\/Montpellier\\\/les-soins#primaryimage\"},\"image\":{\"@id\":\"https:\\\/\\\/energeticienne-audibert.com\\\/Montpellier\\\/les-soins#primaryimage\"},\"thumbnailUrl\":\"http:\\\/\\\/energeticienne-audibert.com\\\/Montpellier\\\/wp-content\\\/uploads\\\/2010\\\/11\\\/soinsP1.jpg\",\"datePublished\":\"2010-09-20T20:19:47+00:00\",\"dateModified\":\"2025-09-30T12:52:01+00:00\",\"breadcrumb\":{\"@id\":\"https:\\\/\\\/energeticienne-audibert.com\\\/Montpellier\\\/les-soins#breadcrumb\"},\"inLanguage\":\"fr-FR\",\"potentialAction\":[{\"@type\":\"ReadAction\",\"target\":[\"https:\\\/\\\/energeticienne-audibert.com\\\/Montpellier\\\/les-soins\"]}]},{\"@type\":\"ImageObject\",\"inLanguage\":\"fr-FR\",\"@id\":\"https:\\\/\\\/energeticienne-audibert.com\\\/Montpellier\\\/les-soins#primaryimage\",\"url\":\"https:\\\/\\\/energeticienne-audibert.com\\\/Montpellier\\\/wp-content\\\/uploads\\\/2010\\\/11\\\/soinsP1.jpg\",\"contentUrl\":\"https:\\\/\\\/energeticienne-audibert.com\\\/Montpellier\\\/wp-content\\\/uploads\\\/2010\\\/11\\\/soinsP1.jpg\",\"width\":\"150\",\"height\":\"200\"},{\"@type\":\"BreadcrumbList\",\"@id\":\"https:\\\/\\\/energeticienne-audibert.com\\\/Montpellier\\\/les-soins#breadcrumb\",\"itemListElement\":[{\"@type\":\"ListItem\",\"position\":1,\"name\":\"Accueil\",\"item\":\"https:\\\/\\\/energeticienne-audibert.com\\\/Montpellier\\\/\"},{\"@type\":\"ListItem\",\"position\":2,\"name\":\"Les soins\"}]},{\"@type\":\"WebSite\",\"@id\":\"https:\\\/\\\/energeticienne-audibert.com\\\/Montpellier\\\/#website\",\"url\":\"https:\\\/\\\/energeticienne-audibert.com\\\/Montpellier\\\/\",\"name\":\"Genevi\u00e8ve Audibert \u00e9nerg\u00e9ticienne\",\"description\":\"\",\"publisher\":{\"@id\":\"https:\\\/\\\/energeticienne-audibert.com\\\/Montpellier\\\/#organization\"},\"potentialAction\":[{\"@type\":\"SearchAction\",\"target\":{\"@type\":\"EntryPoint\",\"urlTemplate\":\"https:\\\/\\\/energeticienne-audibert.com\\\/Montpellier\\\/?s={search_term_string}\"},\"query-input\":{\"@type\":\"PropertyValueSpecification\",\"valueRequired\":true,\"valueName\":\"search_term_string\"}}],\"inLanguage\":\"fr-FR\"},{\"@type\":\"Organization\",\"@id\":\"https:\\\/\\\/energeticienne-audibert.com\\\/Montpellier\\\/#organization\",\"name\":\"Genevi\u00e8ve Audibert \u00e9nerg\u00e9ticienne\",\"url\":\"https:\\\/\\\/energeticienne-audibert.com\\\/Montpellier\\\/\",\"logo\":{\"@type\":\"ImageObject\",\"inLanguage\":\"fr-FR\",\"@id\":\"https:\\\/\\\/energeticienne-audibert.com\\\/Montpellier\\\/#\\\/schema\\\/logo\\\/image\\\/\",\"url\":\"https:\\\/\\\/energeticienne-audibert.com\\\/Montpellier\\\/wp-content\\\/uploads\\\/2019\\\/01\\\/cropped-logo-genevieve-307.png\",\"contentUrl\":\"https:\\\/\\\/energeticienne-audibert.com\\\/Montpellier\\\/wp-content\\\/uploads\\\/2019\\\/01\\\/cropped-logo-genevieve-307.png\",\"width\":250,\"height\":253,\"caption\":\"Genevi\u00e8ve Audibert \u00e9nerg\u00e9ticienne\"},\"image\":{\"@id\":\"https:\\\/\\\/energeticienne-audibert.com\\\/Montpellier\\\/#\\\/schema\\\/logo\\\/image\\\/\"}}]}<\/script>\n<!-- \/ Yoast SEO plugin. -->","yoast_head_json":{"title":"Les soins - Genevi\u00e8ve Audibert \u00e9nerg\u00e9ticienne","robots":{"index":"index","follow":"follow","max-snippet":"max-snippet:-1","max-image-preview":"max-image-preview:large","max-video-preview":"max-video-preview:-1"},"canonical":"https:\/\/energeticienne-audibert.com\/Montpellier\/les-soins","og_locale":"fr_FR","og_type":"article","og_title":"Les soins - Genevi\u00e8ve Audibert \u00e9nerg\u00e9ticienne","og_description":"Les techniques \u00e9nerg\u00e9tiques sont compl\u00e9mentaires de toute autre forme de soin&#8230; Comme un traitement m\u00e9dical, ou une s\u00e9ance de [&hellip;]","og_url":"https:\/\/energeticienne-audibert.com\/Montpellier\/les-soins","og_site_name":"Genevi\u00e8ve Audibert \u00e9nerg\u00e9ticienne","article_modified_time":"2025-09-30T12:52:01+00:00","og_image":[{"url":"http:\/\/energeticienne-audibert.com\/Montpellier\/wp-content\/uploads\/2010\/11\/soinsP1.jpg","type":"","width":"","height":""}],"twitter_card":"summary_large_image","twitter_misc":{"Dur\u00e9e de lecture estim\u00e9e":"2 minutes"},"schema":{"@context":"https:\/\/schema.org","@graph":[{"@type":"WebPage","@id":"https:\/\/energeticienne-audibert.com\/Montpellier\/les-soins","url":"https:\/\/energeticienne-audibert.com\/Montpellier\/les-soins","name":"Les soins - Genevi\u00e8ve Audibert \u00e9nerg\u00e9ticienne","isPartOf":{"@id":"https:\/\/energeticienne-audibert.com\/Montpellier\/#website"},"primaryImageOfPage":{"@id":"https:\/\/energeticienne-audibert.com\/Montpellier\/les-soins#primaryimage"},"image":{"@id":"https:\/\/energeticienne-audibert.com\/Montpellier\/les-soins#primaryimage"},"thumbnailUrl":"http:\/\/energeticienne-audibert.com\/Montpellier\/wp-content\/uploads\/2010\/11\/soinsP1.jpg","datePublished":"2010-09-20T20:19:47+00:00","dateModified":"2025-09-30T12:52:01+00:00","breadcrumb":{"@id":"https:\/\/energeticienne-audibert.com\/Montpellier\/les-soins#breadcrumb"},"inLanguage":"fr-FR","potentialAction":[{"@type":"ReadAction","target":["https:\/\/energeticienne-audibert.com\/Montpellier\/les-soins"]}]},{"@type":"ImageObject","inLanguage":"fr-FR","@id":"https:\/\/energeticienne-audibert.com\/Montpellier\/les-soins#primaryimage","url":"https:\/\/energeticienne-audibert.com\/Montpellier\/wp-content\/uploads\/2010\/11\/soinsP1.jpg","contentUrl":"https:\/\/energeticienne-audibert.com\/Montpellier\/wp-content\/uploads\/2010\/11\/soinsP1.jpg","width":"150","height":"200"},{"@type":"BreadcrumbList","@id":"https:\/\/energeticienne-audibert.com\/Montpellier\/les-soins#breadcrumb","itemListElement":[{"@type":"ListItem","position":1,"name":"Accueil","item":"https:\/\/energeticienne-audibert.com\/Montpellier\/"},{"@type":"ListItem","position":2,"name":"Les soins"}]},{"@type":"WebSite","@id":"https:\/\/energeticienne-audibert.com\/Montpellier\/#website","url":"https:\/\/energeticienne-audibert.com\/Montpellier\/","name":"Genevi\u00e8ve Audibert \u00e9nerg\u00e9ticienne","description":"","publisher":{"@id":"https:\/\/energeticienne-audibert.com\/Montpellier\/#organization"},"potentialAction":[{"@type":"SearchAction","target":{"@type":"EntryPoint","urlTemplate":"https:\/\/energeticienne-audibert.com\/Montpellier\/?s={search_term_string}"},"query-input":{"@type":"PropertyValueSpecification","valueRequired":true,"valueName":"search_term_string"}}],"inLanguage":"fr-FR"},{"@type":"Organization","@id":"https:\/\/energeticienne-audibert.com\/Montpellier\/#organization","name":"Genevi\u00e8ve Audibert \u00e9nerg\u00e9ticienne","url":"https:\/\/energeticienne-audibert.com\/Montpellier\/","logo":{"@type":"ImageObject","inLanguage":"fr-FR","@id":"https:\/\/energeticienne-audibert.com\/Montpellier\/#\/schema\/logo\/image\/","url":"https:\/\/energeticienne-audibert.com\/Montpellier\/wp-content\/uploads\/2019\/01\/cropped-logo-genevieve-307.png","contentUrl":"https:\/\/energeticienne-audibert.com\/Montpellier\/wp-content\/uploads\/2019\/01\/cropped-logo-genevieve-307.png","width":250,"height":253,"caption":"Genevi\u00e8ve Audibert \u00e9nerg\u00e9ticienne"},"image":{"@id":"https:\/\/energeticienne-audibert.com\/Montpellier\/#\/schema\/logo\/image\/"}}]}},"_links":{"self":[{"href":"https:\/\/energeticienne-audibert.com\/Montpellier\/wp-json\/wp\/v2\/pages\/74","targetHints":{"allow":["GET"]}}],"collection":[{"href":"https:\/\/energeticienne-audibert.com\/Montpellier\/wp-json\/wp\/v2\/pages"}],"about":[{"href":"https:\/\/energeticienne-audibert.com\/Montpellier\/wp-json\/wp\/v2\/types\/page"}],"author":[{"embeddable":true,"href":"https:\/\/energeticienne-audibert.com\/Montpellier\/wp-json\/wp\/v2\/users\/2"}],"replies":[{"embeddable":true,"href":"https:\/\/energeticienne-audibert.com\/Montpellier\/wp-json\/wp\/v2\/comments?post=74"}],"version-history":[{"count":31,"href":"https:\/\/energeticienne-audibert.com\/Montpellier\/wp-json\/wp\/v2\/pages\/74\/revisions"}],"predecessor-version":[{"id":2228,"href":"https:\/\/energeticienne-audibert.com\/Montpellier\/wp-json\/wp\/v2\/pages\/74\/revisions\/2228"}],"wp:attachment":[{"href":"https:\/\/energeticienne-audibert.com\/Montpellier\/wp-json\/wp\/v2\/media?parent=74"}],"curies":[{"name":"wp","href":"https:\/\/api.w.org\/{rel}","templated":true}]}}