{"id":68,"date":"2010-09-20T20:17:03","date_gmt":"2010-09-20T20:17:03","guid":{"rendered":"http:\/\/energeticienne-audibert.com\/WordPress\/?page_id=68"},"modified":"2018-07-06T21:17:59","modified_gmt":"2018-07-06T21:17:59","slug":"en-savoir-plus","status":"publish","type":"page","link":"https:\/\/energeticienne-audibert.com\/Montpellier\/la-therapie-energetique\/en-savoir-plus","title":{"rendered":"En savoir plus"},"content":{"rendered":"<table style=\"text-align:left;\">\n<tr>\n<td colspan=\"2\">\n<p><strong>Tableau des correspondances des chakras<\/strong><\/p>\n<table width=\"100%\" border=\"1\" cellpadding=\"4\" bordercolor=\"#b4c45a\" bgcolor=\"#ffffff\" style=\"font-size:12px\" >\n<tr valign=\"top\" bgcolor=\"#5f247d\" style=\"color:#FFF\">\n<td bgcolor=\"#ffffff\">&nbsp;<\/td>\n<td>1er chakra<\/td>\n<td>2\u00e8me chakra<\/td>\n<td>3\u00e8me chakra<\/td>\n<td>4\u00e8me chakra<\/td>\n<td>5\u00e8me chakra<\/td>\n<td>6\u00e8me chakra<\/td>\n<td>7\u00e8me chakra<\/td>\n<\/tr>\n<tr valign=\"top\">\n<td bgcolor=\"#5f247d\" style=\"color:#b5c45a\">ZONE<\/td>\n<td>Prolongement <br \/>\n             coccyx<\/td>\n<td>Nombril<\/td>\n<td>Plexus <br \/>\n             solaire<\/td>\n<td>Plexus <br \/>\n             cardiaque<\/td>\n<td>Plexus <br \/>\n             laryng\u00e9<\/td>\n<td>Centre <br \/>\n             frontal<\/td>\n<td>Cerveau <br \/>\n             Vertex<\/td>\n<\/tr>\n<tr valign=\"top\">\n<td bgcolor=\"#5f247d\" style=\"color:#b5c45a\">COULEUR<\/td>\n<td>Rouge<\/td>\n<td>Orange<\/td>\n<td>Jaune<\/td>\n<td>Vert \/ Rose<\/td>\n<td>Bleu clair \/ Vert<\/td>\n<td>Indigo ou Violet \/ Jaune<\/td>\n<td>Violet ou Blanc \/ Or<\/td>\n<\/tr>\n<tr valign=\"top\">\n<td bgcolor=\"#5f247d\" style=\"color:#b5c45a\">\u00c9L\u00c9MENT<\/td>\n<td>Terre<\/td>\n<td>Eau<\/td>\n<td>Feu<\/td>\n<td>Air<\/td>\n<td>Ether<\/td>\n<td>Intellect<\/td>\n<td>Cosmos<\/td>\n<\/tr>\n<tr valign=\"top\">\n<td bgcolor=\"#5f247d\" style=\"color:#b5c45a\">GROUPE<\/td>\n<td>Physiologique<\/td>\n<td>Physiologique<\/td>\n<td>Personnel<\/td>\n<td>Personnel<\/td>\n<td>Personnel<\/td>\n<td>Spirituel<\/td>\n<td>Spirituel<\/td>\n<\/tr>\n<tr valign=\"top\">\n<td bgcolor=\"#5f247d\" style=\"color:#b5c45a\">FORCE correspondante<\/td>\n<td>Koundalini<\/td>\n<td>Prana<\/td>\n<td>Astrale inf\u00e9rieure<\/td>\n<td>Astrale sup\u00e9rieure<\/td>\n<td>Mentale inf\u00e9rieure<\/td>\n<td>Sup\u00e9rieure \u00e0 travers le corps pitutaire ou hypophyse<\/td>\n<td>Sup\u00e9rieure \u00e0 travers la glande pin\u00e9ale<\/td>\n<\/tr>\n<tr valign=\"top\">\n<td bgcolor=\"#5f247d\" style=\"color:#b5c45a\">SENS<\/td>\n<td>Odorat<\/td>\n<td>Go\u00fbt<\/td>\n<td>Vue<\/td>\n<td>Toucher<\/td>\n<td>Ou\u00efe<\/td>\n<td>Tous<\/td>\n<td>Empathie<\/td>\n<\/tr>\n<tr valign=\"top\">\n<td bgcolor=\"#5f247d\" style=\"color:#b5c45a\">Caract\u00e8re<\/td>\n<td>Suret\u00e9 mati\u00e8re<\/td>\n<td>Sexualit\u00e9 alimentation<\/td>\n<td>R\u00e9alisation de soi, \u00e9mo<\/td>\n<td>Relation affectif<\/td>\n<td>Expression<\/td>\n<td>Spiritualit\u00e9<\/td>\n<td>Conscience universelle<\/td>\n<\/tr>\n<tr valign=\"top\">\n<td bgcolor=\"#5f247d\" style=\"color:#b5c45a\">GLANDES<\/td>\n<td>Surr\u00e9nales<\/td>\n<td>Gonades<\/td>\n<td>Pancr\u00e9as<\/td>\n<td>Thymus<\/td>\n<td>Thyro\u00efde<\/td>\n<td>Hypophyse<\/td>\n<td>Pin\u00e9ale (\u00e9piphyse)<\/td>\n<\/tr>\n<tr valign=\"top\">\n<td bgcolor=\"#5f247d\" style=\"color:#b5c45a\">ORGANES<\/td>\n<td style=\"font-size:13px\">Dents, ongles, anus, os, GI prostate, sang, structure cellulaire<\/td>\n<td style=\"font-size:13px\">Bassin, reins, org. g\u00e9nitaux, vessie, sang, lymphe, sperme<\/td>\n<td style=\"font-size:13px\">Bas du dos, abdomen, syst\u00e8me digest. et nerveux v\u00e9g\u00e9tatif<\/td>\n<td style=\"font-size:13px\">Coeur, partie sup. du dos, poumons inf\u00e9r., circulation du sang, peau<\/td>\n<td style=\"font-size:13px\">Cou, nuque, m\u00e2choires, oreilles, bras, voix, bronches, oesophage<\/td>\n<td style=\"font-size:13px\">Yeux, oreilles, visage, sinus, cervelet, nez, syst\u00e8me nerveux central<\/td>\n<td style=\"font-size:13px\">N\u00e9o-cortex, cerveau<\/td>\n<\/tr>\n<tr valign=\"top\">\n<td bgcolor=\"#5f247d\" style=\"color:#b5c45a\">SUPRA caract\u00e8re<\/td>\n<td>Survie<\/td>\n<td>La m\u00e8re<\/td>\n<td>Le pouvoir<br \/>\n               le p\u00e8re<\/td>\n<td>Perception sensorielle<\/td>\n<td>Conscience d&rsquo;individuali\u00e9<\/td>\n<td>Conscience spirituelle<\/td>\n<td>Conscience ultime<\/td>\n<\/tr>\n<tr valign=\"top\">\n<td bgcolor=\"#5f247d\" style=\"color:#b5c45a\">Pierres<\/td>\n<td>Agathe, rubis, h\u00e9matite, jaspe, grenat, corail<\/td>\n<td>Cornaline, pierre de lune<\/td>\n<td>Oeil du tigre, ambre, citrine<\/td>\n<td>Quartz rose, tourmaline v\/r, kunzit, jade, \u00e9meraude<\/td>\n<td>Aigue-marine, turquoise, calc\u00e9doine<\/td>\n<td>Lapis lazuli, saphir bleu indi, sodalite<\/td>\n<td>Am\u00e9thyste, cristal de roche<\/td>\n<\/tr>\n<tr valign=\"top\">\n<td bgcolor=\"#5f247d\" style=\"color:#b5c45a\">Ar\u00f4mes<\/td>\n<td>C\u00e8dre, clou de girofle<\/td>\n<td>Ylang ylang, santal<\/td>\n<td>Lavande, romarin, bergamote<\/td>\n<td>Essence de rose<\/td>\n<td>Sauge, eucalyptus<\/td>\n<td>Jasmin, menthe<\/td>\n<td>Lotus, olibanum<\/td>\n<\/tr>\n<tr valign=\"top\">\n<td bgcolor=\"#5f247d\" style=\"color:#b5c45a\">Voyelles<\/td>\n<td>&laquo; U &raquo;<\/td>\n<td>&laquo; O &raquo; ferm\u00e9<\/td>\n<td>&laquo; O &raquo; ouvert<\/td>\n<td>&laquo; A &raquo; (ah !)<\/td>\n<td>&laquo; E &raquo; a &rarr; i en chromatique<\/td>\n<td>&laquo; I &raquo;<\/td>\n<td>&laquo; M &raquo; (voyelle en Inde)<\/td>\n<\/tr>\n<\/table>\n<p>&nbsp;<\/p>\n<\/td>\n<\/tr>\n<tr>\n<td valign=\"top\" width=\"30%\">\n<p style=\"text-align:left\"><strong>Le corps \u00e9th\u00e9rique<\/strong><\/p>\n<p style=\"text-align:left\">Corps \u00e9th\u00e9rique : Liens Nadis du chakra 1 vers les autres chakras (en rose). Liens Nadis des chakras 2, 3, 4, 5, 6 et 7 vers le chakra 1 (en bleu)<\/p>\n<\/td>\n<td>\n<p><img decoding=\"async\" src=\"http:\/\/energeticienne-audibert.com\/Montpellier\/wp-content\/uploads\/2010\/11\/schema5b.jpg\" alt=\"corps \u00e9th\u00e9rique\" \/><\/p>\n<\/td>\n<\/tr>\n<\/table>\n","protected":false},"excerpt":{"rendered":"<p>Tableau des correspondances des chakras &nbsp; 1er chakra 2\u00e8me chakra 3\u00e8me chakra 4\u00e8me chakra 5\u00e8me chakra 6\u00e8me chakra 7\u00e8me [&hellip;]<\/p>\n","protected":false},"author":2,"featured_media":0,"parent":62,"menu_order":4,"comment_status":"closed","ping_status":"closed","template":"","meta":{"footnotes":""},"class_list":["post-68","page","type-page","status-publish","hentry"],"yoast_head":"<!-- This site is optimized with the Yoast SEO plugin v27.3 - https:\/\/yoast.com\/product\/yoast-seo-wordpress\/ -->\n<title>En savoir plus - Genevi\u00e8ve Audibert \u00e9nerg\u00e9ticienne<\/title>\n<meta name=\"robots\" content=\"index, follow, max-snippet:-1, max-image-preview:large, max-video-preview:-1\" \/>\n<link rel=\"canonical\" href=\"https:\/\/energeticienne-audibert.com\/Montpellier\/la-therapie-energetique\/en-savoir-plus\" \/>\n<meta property=\"og:locale\" content=\"fr_FR\" \/>\n<meta property=\"og:type\" content=\"article\" \/>\n<meta property=\"og:title\" content=\"En savoir plus - Genevi\u00e8ve Audibert \u00e9nerg\u00e9ticienne\" \/>\n<meta property=\"og:description\" content=\"Tableau des correspondances des chakras &nbsp; 1er chakra 2\u00e8me chakra 3\u00e8me chakra 4\u00e8me chakra 5\u00e8me chakra 6\u00e8me chakra 7\u00e8me [&hellip;]\" \/>\n<meta property=\"og:url\" content=\"https:\/\/energeticienne-audibert.com\/Montpellier\/la-therapie-energetique\/en-savoir-plus\" \/>\n<meta property=\"og:site_name\" content=\"Genevi\u00e8ve Audibert \u00e9nerg\u00e9ticienne\" \/>\n<meta property=\"article:modified_time\" content=\"2018-07-06T21:17:59+00:00\" \/>\n<meta property=\"og:image\" content=\"http:\/\/energeticienne-audibert.com\/Montpellier\/wp-content\/uploads\/2010\/11\/schema5b.jpg\" \/>\n<meta name=\"twitter:card\" content=\"summary_large_image\" \/>\n<meta name=\"twitter:label1\" content=\"Dur\u00e9e de lecture estim\u00e9e\" \/>\n\t<meta name=\"twitter:data1\" content=\"2 minutes\" \/>\n<script type=\"application\/ld+json\" class=\"yoast-schema-graph\">{\"@context\":\"https:\\\/\\\/schema.org\",\"@graph\":[{\"@type\":\"WebPage\",\"@id\":\"https:\\\/\\\/energeticienne-audibert.com\\\/Montpellier\\\/la-therapie-energetique\\\/en-savoir-plus\",\"url\":\"https:\\\/\\\/energeticienne-audibert.com\\\/Montpellier\\\/la-therapie-energetique\\\/en-savoir-plus\",\"name\":\"En savoir plus - Genevi\u00e8ve Audibert \u00e9nerg\u00e9ticienne\",\"isPartOf\":{\"@id\":\"https:\\\/\\\/energeticienne-audibert.com\\\/Montpellier\\\/#website\"},\"primaryImageOfPage\":{\"@id\":\"https:\\\/\\\/energeticienne-audibert.com\\\/Montpellier\\\/la-therapie-energetique\\\/en-savoir-plus#primaryimage\"},\"image\":{\"@id\":\"https:\\\/\\\/energeticienne-audibert.com\\\/Montpellier\\\/la-therapie-energetique\\\/en-savoir-plus#primaryimage\"},\"thumbnailUrl\":\"http:\\\/\\\/energeticienne-audibert.com\\\/Montpellier\\\/wp-content\\\/uploads\\\/2010\\\/11\\\/schema5b.jpg\",\"datePublished\":\"2010-09-20T20:17:03+00:00\",\"dateModified\":\"2018-07-06T21:17:59+00:00\",\"breadcrumb\":{\"@id\":\"https:\\\/\\\/energeticienne-audibert.com\\\/Montpellier\\\/la-therapie-energetique\\\/en-savoir-plus#breadcrumb\"},\"inLanguage\":\"fr-FR\",\"potentialAction\":[{\"@type\":\"ReadAction\",\"target\":[\"https:\\\/\\\/energeticienne-audibert.com\\\/Montpellier\\\/la-therapie-energetique\\\/en-savoir-plus\"]}]},{\"@type\":\"ImageObject\",\"inLanguage\":\"fr-FR\",\"@id\":\"https:\\\/\\\/energeticienne-audibert.com\\\/Montpellier\\\/la-therapie-energetique\\\/en-savoir-plus#primaryimage\",\"url\":\"https:\\\/\\\/energeticienne-audibert.com\\\/Montpellier\\\/wp-content\\\/uploads\\\/2010\\\/11\\\/schema5b.jpg\",\"contentUrl\":\"https:\\\/\\\/energeticienne-audibert.com\\\/Montpellier\\\/wp-content\\\/uploads\\\/2010\\\/11\\\/schema5b.jpg\",\"width\":\"383\",\"height\":\"427\"},{\"@type\":\"BreadcrumbList\",\"@id\":\"https:\\\/\\\/energeticienne-audibert.com\\\/Montpellier\\\/la-therapie-energetique\\\/en-savoir-plus#breadcrumb\",\"itemListElement\":[{\"@type\":\"ListItem\",\"position\":1,\"name\":\"Accueil\",\"item\":\"https:\\\/\\\/energeticienne-audibert.com\\\/Montpellier\\\/\"},{\"@type\":\"ListItem\",\"position\":2,\"name\":\"La th\u00e9rapie \u00e9nerg\u00e9tique\",\"item\":\"https:\\\/\\\/energeticienne-audibert.com\\\/Montpellier\\\/la-therapie-energetique\"},{\"@type\":\"ListItem\",\"position\":3,\"name\":\"En savoir plus\"}]},{\"@type\":\"WebSite\",\"@id\":\"https:\\\/\\\/energeticienne-audibert.com\\\/Montpellier\\\/#website\",\"url\":\"https:\\\/\\\/energeticienne-audibert.com\\\/Montpellier\\\/\",\"name\":\"Genevi\u00e8ve Audibert \u00e9nerg\u00e9ticienne\",\"description\":\"\",\"publisher\":{\"@id\":\"https:\\\/\\\/energeticienne-audibert.com\\\/Montpellier\\\/#organization\"},\"potentialAction\":[{\"@type\":\"SearchAction\",\"target\":{\"@type\":\"EntryPoint\",\"urlTemplate\":\"https:\\\/\\\/energeticienne-audibert.com\\\/Montpellier\\\/?s={search_term_string}\"},\"query-input\":{\"@type\":\"PropertyValueSpecification\",\"valueRequired\":true,\"valueName\":\"search_term_string\"}}],\"inLanguage\":\"fr-FR\"},{\"@type\":\"Organization\",\"@id\":\"https:\\\/\\\/energeticienne-audibert.com\\\/Montpellier\\\/#organization\",\"name\":\"Genevi\u00e8ve Audibert \u00e9nerg\u00e9ticienne\",\"url\":\"https:\\\/\\\/energeticienne-audibert.com\\\/Montpellier\\\/\",\"logo\":{\"@type\":\"ImageObject\",\"inLanguage\":\"fr-FR\",\"@id\":\"https:\\\/\\\/energeticienne-audibert.com\\\/Montpellier\\\/#\\\/schema\\\/logo\\\/image\\\/\",\"url\":\"https:\\\/\\\/energeticienne-audibert.com\\\/Montpellier\\\/wp-content\\\/uploads\\\/2019\\\/01\\\/cropped-logo-genevieve-307.png\",\"contentUrl\":\"https:\\\/\\\/energeticienne-audibert.com\\\/Montpellier\\\/wp-content\\\/uploads\\\/2019\\\/01\\\/cropped-logo-genevieve-307.png\",\"width\":250,\"height\":253,\"caption\":\"Genevi\u00e8ve Audibert \u00e9nerg\u00e9ticienne\"},\"image\":{\"@id\":\"https:\\\/\\\/energeticienne-audibert.com\\\/Montpellier\\\/#\\\/schema\\\/logo\\\/image\\\/\"}}]}<\/script>\n<!-- \/ Yoast SEO plugin. -->","yoast_head_json":{"title":"En savoir plus - Genevi\u00e8ve Audibert \u00e9nerg\u00e9ticienne","robots":{"index":"index","follow":"follow","max-snippet":"max-snippet:-1","max-image-preview":"max-image-preview:large","max-video-preview":"max-video-preview:-1"},"canonical":"https:\/\/energeticienne-audibert.com\/Montpellier\/la-therapie-energetique\/en-savoir-plus","og_locale":"fr_FR","og_type":"article","og_title":"En savoir plus - Genevi\u00e8ve Audibert \u00e9nerg\u00e9ticienne","og_description":"Tableau des correspondances des chakras &nbsp; 1er chakra 2\u00e8me chakra 3\u00e8me chakra 4\u00e8me chakra 5\u00e8me chakra 6\u00e8me chakra 7\u00e8me [&hellip;]","og_url":"https:\/\/energeticienne-audibert.com\/Montpellier\/la-therapie-energetique\/en-savoir-plus","og_site_name":"Genevi\u00e8ve Audibert \u00e9nerg\u00e9ticienne","article_modified_time":"2018-07-06T21:17:59+00:00","og_image":[{"url":"http:\/\/energeticienne-audibert.com\/Montpellier\/wp-content\/uploads\/2010\/11\/schema5b.jpg","type":"","width":"","height":""}],"twitter_card":"summary_large_image","twitter_misc":{"Dur\u00e9e de lecture estim\u00e9e":"2 minutes"},"schema":{"@context":"https:\/\/schema.org","@graph":[{"@type":"WebPage","@id":"https:\/\/energeticienne-audibert.com\/Montpellier\/la-therapie-energetique\/en-savoir-plus","url":"https:\/\/energeticienne-audibert.com\/Montpellier\/la-therapie-energetique\/en-savoir-plus","name":"En savoir plus - Genevi\u00e8ve Audibert \u00e9nerg\u00e9ticienne","isPartOf":{"@id":"https:\/\/energeticienne-audibert.com\/Montpellier\/#website"},"primaryImageOfPage":{"@id":"https:\/\/energeticienne-audibert.com\/Montpellier\/la-therapie-energetique\/en-savoir-plus#primaryimage"},"image":{"@id":"https:\/\/energeticienne-audibert.com\/Montpellier\/la-therapie-energetique\/en-savoir-plus#primaryimage"},"thumbnailUrl":"http:\/\/energeticienne-audibert.com\/Montpellier\/wp-content\/uploads\/2010\/11\/schema5b.jpg","datePublished":"2010-09-20T20:17:03+00:00","dateModified":"2018-07-06T21:17:59+00:00","breadcrumb":{"@id":"https:\/\/energeticienne-audibert.com\/Montpellier\/la-therapie-energetique\/en-savoir-plus#breadcrumb"},"inLanguage":"fr-FR","potentialAction":[{"@type":"ReadAction","target":["https:\/\/energeticienne-audibert.com\/Montpellier\/la-therapie-energetique\/en-savoir-plus"]}]},{"@type":"ImageObject","inLanguage":"fr-FR","@id":"https:\/\/energeticienne-audibert.com\/Montpellier\/la-therapie-energetique\/en-savoir-plus#primaryimage","url":"https:\/\/energeticienne-audibert.com\/Montpellier\/wp-content\/uploads\/2010\/11\/schema5b.jpg","contentUrl":"https:\/\/energeticienne-audibert.com\/Montpellier\/wp-content\/uploads\/2010\/11\/schema5b.jpg","width":"383","height":"427"},{"@type":"BreadcrumbList","@id":"https:\/\/energeticienne-audibert.com\/Montpellier\/la-therapie-energetique\/en-savoir-plus#breadcrumb","itemListElement":[{"@type":"ListItem","position":1,"name":"Accueil","item":"https:\/\/energeticienne-audibert.com\/Montpellier\/"},{"@type":"ListItem","position":2,"name":"La th\u00e9rapie \u00e9nerg\u00e9tique","item":"https:\/\/energeticienne-audibert.com\/Montpellier\/la-therapie-energetique"},{"@type":"ListItem","position":3,"name":"En savoir plus"}]},{"@type":"WebSite","@id":"https:\/\/energeticienne-audibert.com\/Montpellier\/#website","url":"https:\/\/energeticienne-audibert.com\/Montpellier\/","name":"Genevi\u00e8ve Audibert \u00e9nerg\u00e9ticienne","description":"","publisher":{"@id":"https:\/\/energeticienne-audibert.com\/Montpellier\/#organization"},"potentialAction":[{"@type":"SearchAction","target":{"@type":"EntryPoint","urlTemplate":"https:\/\/energeticienne-audibert.com\/Montpellier\/?s={search_term_string}"},"query-input":{"@type":"PropertyValueSpecification","valueRequired":true,"valueName":"search_term_string"}}],"inLanguage":"fr-FR"},{"@type":"Organization","@id":"https:\/\/energeticienne-audibert.com\/Montpellier\/#organization","name":"Genevi\u00e8ve Audibert \u00e9nerg\u00e9ticienne","url":"https:\/\/energeticienne-audibert.com\/Montpellier\/","logo":{"@type":"ImageObject","inLanguage":"fr-FR","@id":"https:\/\/energeticienne-audibert.com\/Montpellier\/#\/schema\/logo\/image\/","url":"https:\/\/energeticienne-audibert.com\/Montpellier\/wp-content\/uploads\/2019\/01\/cropped-logo-genevieve-307.png","contentUrl":"https:\/\/energeticienne-audibert.com\/Montpellier\/wp-content\/uploads\/2019\/01\/cropped-logo-genevieve-307.png","width":250,"height":253,"caption":"Genevi\u00e8ve Audibert \u00e9nerg\u00e9ticienne"},"image":{"@id":"https:\/\/energeticienne-audibert.com\/Montpellier\/#\/schema\/logo\/image\/"}}]}},"_links":{"self":[{"href":"https:\/\/energeticienne-audibert.com\/Montpellier\/wp-json\/wp\/v2\/pages\/68","targetHints":{"allow":["GET"]}}],"collection":[{"href":"https:\/\/energeticienne-audibert.com\/Montpellier\/wp-json\/wp\/v2\/pages"}],"about":[{"href":"https:\/\/energeticienne-audibert.com\/Montpellier\/wp-json\/wp\/v2\/types\/page"}],"author":[{"embeddable":true,"href":"https:\/\/energeticienne-audibert.com\/Montpellier\/wp-json\/wp\/v2\/users\/2"}],"replies":[{"embeddable":true,"href":"https:\/\/energeticienne-audibert.com\/Montpellier\/wp-json\/wp\/v2\/comments?post=68"}],"version-history":[{"count":2,"href":"https:\/\/energeticienne-audibert.com\/Montpellier\/wp-json\/wp\/v2\/pages\/68\/revisions"}],"predecessor-version":[{"id":1351,"href":"https:\/\/energeticienne-audibert.com\/Montpellier\/wp-json\/wp\/v2\/pages\/68\/revisions\/1351"}],"up":[{"embeddable":true,"href":"https:\/\/energeticienne-audibert.com\/Montpellier\/wp-json\/wp\/v2\/pages\/62"}],"wp:attachment":[{"href":"https:\/\/energeticienne-audibert.com\/Montpellier\/wp-json\/wp\/v2\/media?parent=68"}],"curies":[{"name":"wp","href":"https:\/\/api.w.org\/{rel}","templated":true}]}}