{"id":650,"date":"2010-11-11T19:07:27","date_gmt":"2010-11-11T19:07:27","guid":{"rendered":"http:\/\/energeticienne-audibert.com\/WordPress\/?page_id=650"},"modified":"2025-09-30T12:51:24","modified_gmt":"2025-09-30T12:51:24","slug":"soins-proposes-2","status":"publish","type":"page","link":"https:\/\/energeticienne-audibert.com\/Montpellier\/les-soins\/soins-proposes-2","title":{"rendered":"Soins propos\u00e9s"},"content":{"rendered":"<div id=\"pl-650\"  class=\"panel-layout\" ><div id=\"pg-650-0\"  class=\"panel-grid panel-no-style\" ><div id=\"pgc-650-0-0\"  class=\"panel-grid-cell\" ><div id=\"panel-650-0-0-0\" class=\"widget_text so-panel widget widget_custom_html panel-first-child panel-last-child\" data-index=\"0\" ><h3 class=\"widget-title\">Soin de r\u00e9-harmonisation \u00e9nerg\u00e9tique<\/h3><div class=\"textwidget custom-html-widget\"><br \/><br \/>\nSoin \u00e0 vis\u00e9e de bien-\u00eatre et de ressourcement<br \/><br \/>\nCe soin permet le centrage des diff\u00e9rents corps \u00e9nerg\u00e9tiques, l'\u00e9valuation de leur vitalit\u00e9.<br \/><br \/>\nLa v\u00e9rification de l'alignement des principaux chakras, leur fonctionnement.\nLa mesure des enracinements terre, ciel.<br \/><br \/>\nD\u00e9roulement :<br \/>\n\u2022 v\u00e9rification du syst\u00e8me \u00e9nerg\u00e9tique dans son ensemble,<br \/>\n\u2022 correction des \u00e9ventuels d\u00e9r\u00e8glements, d\u00e9calages<\/div><\/div><\/div><div id=\"pgc-650-0-1\"  class=\"panel-grid-cell\" ><div id=\"panel-650-0-1-0\" class=\"widget_text so-panel widget widget_custom_html panel-first-child panel-last-child\" data-index=\"1\" ><h3 class=\"widget-title\">Soin th\u00e9rapeutique<\/h3><div class=\"textwidget custom-html-widget\"><br \/><br \/><br \/>Le soin th\u00e9rapeutique \u00e9nerg\u00e9tique est propos\u00e9 : en accompagnement dans un processus de maladie, pour aider la personne en difficult\u00e9 relationnelle, personnelle, familiale, professionnelle, dans une d\u00e9marche consciente de connaissance de soi.\n<br \/><br \/>\nD\u00e9roulement : <br \/>\n\u2022 entretien pr\u00e9liminaire pour d\u00e9terminer l'orientation du soin, <br \/>\n\u2022 soin avec recherche de m\u00e9moires dans les corps \u00e9nerg\u00e9tiques, puis \u00e9limination pour permettre une meilleure circulation \u00e9nerg\u00e9tique. Il peut s'agir d'une r\u00e9paration d'une enveloppe suite \u00e0 un traumatisme : physique (accident, chute, chocs divers), \u00e9motionnel (chagrin, rupture affective, deuil, agression), mental (croyances, manipulations), r\u00e9-harmonisation \u00e9nerg\u00e9tique.<\/div><\/div><\/div><div id=\"pgc-650-0-2\"  class=\"panel-grid-cell\" ><div id=\"panel-650-0-2-0\" class=\"widget_text so-panel widget widget_custom_html panel-first-child panel-last-child\" data-index=\"2\" ><h3 class=\"widget-title\">Soin de r\u00e8glement des m\u00e9moires du pass\u00e9<\/h3><div class=\"textwidget custom-html-widget\"><br \/><br \/><br \/>Face \u00e0 certains d\u00e9r\u00e8glements, la personne est confront\u00e9e \u00e0 un fonctionnement r\u00e9p\u00e9titif engendrant le m\u00eame r\u00e9sultat insatisfaisant. En repla\u00e7ant l'\u00eatre dans son int\u00e9grit\u00e9 \u00e9nerg\u00e9tique, on lui permet de comprendre son histoire et de pouvoir modifier son attitude, son action.\n<br \/><br \/>\nD\u00e9roulement : identique \u00e0 une s\u00e9ance de soin th\u00e9rapeutiques. <\/div><\/div><\/div><\/div><div id=\"pg-650-1\"  class=\"panel-grid panel-no-style\" ><div id=\"pgc-650-1-0\"  class=\"panel-grid-cell\" ><div id=\"panel-650-1-0-0\" class=\"widget_text so-panel widget widget_custom_html panel-first-child panel-last-child\" data-index=\"3\" ><div class=\"textwidget custom-html-widget\"><strong>Chaque s\u00e9ance de soin dure 1 heure. Tarif de la s\u00e9ance : 60\u20ac<\/strong><\/div><\/div><\/div><\/div><div id=\"pg-650-2\"  class=\"panel-grid panel-no-style\" ><div id=\"pgc-650-2-0\"  class=\"panel-grid-cell panel-grid-cell-empty\" ><\/div><div id=\"pgc-650-2-1\"  class=\"panel-grid-cell\" ><div id=\"panel-650-2-1-0\" class=\"widget_text so-panel widget widget_custom_html panel-first-child panel-last-child\" data-index=\"4\" ><div class=\"textwidget custom-html-widget\"><!--[download_after_email id=\"2161\"]\t--><\/div><\/div><\/div><\/div><\/div>","protected":false},"excerpt":{"rendered":"<p>Soin de r\u00e9-harmonisation \u00e9nerg\u00e9tique Soin \u00e0 vis\u00e9e de bien-\u00eatre et de ressourcement Ce soin permet le centrage des diff\u00e9rents [&hellip;]<\/p>\n","protected":false},"author":2,"featured_media":1729,"parent":74,"menu_order":0,"comment_status":"closed","ping_status":"closed","template":"","meta":{"footnotes":""},"class_list":["post-650","page","type-page","status-publish","has-post-thumbnail","hentry"],"yoast_head":"<!-- This site is optimized with the Yoast SEO plugin v27.5 - https:\/\/yoast.com\/product\/yoast-seo-wordpress\/ -->\n<title>Soins propos\u00e9s - Genevi\u00e8ve Audibert \u00e9nerg\u00e9ticienne<\/title>\n<meta name=\"robots\" content=\"index, follow, max-snippet:-1, max-image-preview:large, max-video-preview:-1\" \/>\n<link rel=\"canonical\" href=\"https:\/\/energeticienne-audibert.com\/Montpellier\/les-soins\/soins-proposes-2\" \/>\n<meta property=\"og:locale\" content=\"fr_FR\" \/>\n<meta property=\"og:type\" content=\"article\" \/>\n<meta property=\"og:title\" content=\"Soins propos\u00e9s - Genevi\u00e8ve Audibert \u00e9nerg\u00e9ticienne\" \/>\n<meta property=\"og:description\" content=\"Soin de r\u00e9-harmonisation \u00e9nerg\u00e9tique Soin \u00e0 vis\u00e9e de bien-\u00eatre et de ressourcement Ce soin permet le centrage des diff\u00e9rents [&hellip;]\" \/>\n<meta property=\"og:url\" content=\"https:\/\/energeticienne-audibert.com\/Montpellier\/les-soins\/soins-proposes-2\" \/>\n<meta property=\"og:site_name\" content=\"Genevi\u00e8ve Audibert \u00e9nerg\u00e9ticienne\" \/>\n<meta property=\"article:modified_time\" content=\"2025-09-30T12:51:24+00:00\" \/>\n<meta property=\"og:image\" content=\"https:\/\/energeticienne-audibert.com\/Montpellier\/wp-content\/uploads\/2018\/07\/slider2-1420x800.jpg\" \/>\n\t<meta property=\"og:image:width\" content=\"1420\" \/>\n\t<meta property=\"og:image:height\" content=\"800\" \/>\n\t<meta property=\"og:image:type\" content=\"image\/jpeg\" \/>\n<meta name=\"twitter:card\" content=\"summary_large_image\" \/>\n<script type=\"application\/ld+json\" class=\"yoast-schema-graph\">{\"@context\":\"https:\\\/\\\/schema.org\",\"@graph\":[{\"@type\":\"WebPage\",\"@id\":\"https:\\\/\\\/energeticienne-audibert.com\\\/Montpellier\\\/les-soins\\\/soins-proposes-2\",\"url\":\"https:\\\/\\\/energeticienne-audibert.com\\\/Montpellier\\\/les-soins\\\/soins-proposes-2\",\"name\":\"Soins propos\u00e9s - Genevi\u00e8ve Audibert \u00e9nerg\u00e9ticienne\",\"isPartOf\":{\"@id\":\"https:\\\/\\\/energeticienne-audibert.com\\\/Montpellier\\\/#website\"},\"primaryImageOfPage\":{\"@id\":\"https:\\\/\\\/energeticienne-audibert.com\\\/Montpellier\\\/les-soins\\\/soins-proposes-2#primaryimage\"},\"image\":{\"@id\":\"https:\\\/\\\/energeticienne-audibert.com\\\/Montpellier\\\/les-soins\\\/soins-proposes-2#primaryimage\"},\"thumbnailUrl\":\"https:\\\/\\\/energeticienne-audibert.com\\\/Montpellier\\\/wp-content\\\/uploads\\\/2018\\\/07\\\/slider2-1420x800.jpg\",\"datePublished\":\"2010-11-11T19:07:27+00:00\",\"dateModified\":\"2025-09-30T12:51:24+00:00\",\"breadcrumb\":{\"@id\":\"https:\\\/\\\/energeticienne-audibert.com\\\/Montpellier\\\/les-soins\\\/soins-proposes-2#breadcrumb\"},\"inLanguage\":\"fr-FR\",\"potentialAction\":[{\"@type\":\"ReadAction\",\"target\":[\"https:\\\/\\\/energeticienne-audibert.com\\\/Montpellier\\\/les-soins\\\/soins-proposes-2\"]}]},{\"@type\":\"ImageObject\",\"inLanguage\":\"fr-FR\",\"@id\":\"https:\\\/\\\/energeticienne-audibert.com\\\/Montpellier\\\/les-soins\\\/soins-proposes-2#primaryimage\",\"url\":\"https:\\\/\\\/energeticienne-audibert.com\\\/Montpellier\\\/wp-content\\\/uploads\\\/2018\\\/07\\\/slider2-1420x800.jpg\",\"contentUrl\":\"https:\\\/\\\/energeticienne-audibert.com\\\/Montpellier\\\/wp-content\\\/uploads\\\/2018\\\/07\\\/slider2-1420x800.jpg\",\"width\":1420,\"height\":800},{\"@type\":\"BreadcrumbList\",\"@id\":\"https:\\\/\\\/energeticienne-audibert.com\\\/Montpellier\\\/les-soins\\\/soins-proposes-2#breadcrumb\",\"itemListElement\":[{\"@type\":\"ListItem\",\"position\":1,\"name\":\"Accueil\",\"item\":\"https:\\\/\\\/energeticienne-audibert.com\\\/Montpellier\\\/\"},{\"@type\":\"ListItem\",\"position\":2,\"name\":\"Les soins\",\"item\":\"https:\\\/\\\/energeticienne-audibert.com\\\/Montpellier\\\/les-soins\"},{\"@type\":\"ListItem\",\"position\":3,\"name\":\"Soins propos\u00e9s\"}]},{\"@type\":\"WebSite\",\"@id\":\"https:\\\/\\\/energeticienne-audibert.com\\\/Montpellier\\\/#website\",\"url\":\"https:\\\/\\\/energeticienne-audibert.com\\\/Montpellier\\\/\",\"name\":\"Genevi\u00e8ve Audibert \u00e9nerg\u00e9ticienne\",\"description\":\"\",\"publisher\":{\"@id\":\"https:\\\/\\\/energeticienne-audibert.com\\\/Montpellier\\\/#organization\"},\"potentialAction\":[{\"@type\":\"SearchAction\",\"target\":{\"@type\":\"EntryPoint\",\"urlTemplate\":\"https:\\\/\\\/energeticienne-audibert.com\\\/Montpellier\\\/?s={search_term_string}\"},\"query-input\":{\"@type\":\"PropertyValueSpecification\",\"valueRequired\":true,\"valueName\":\"search_term_string\"}}],\"inLanguage\":\"fr-FR\"},{\"@type\":\"Organization\",\"@id\":\"https:\\\/\\\/energeticienne-audibert.com\\\/Montpellier\\\/#organization\",\"name\":\"Genevi\u00e8ve Audibert \u00e9nerg\u00e9ticienne\",\"url\":\"https:\\\/\\\/energeticienne-audibert.com\\\/Montpellier\\\/\",\"logo\":{\"@type\":\"ImageObject\",\"inLanguage\":\"fr-FR\",\"@id\":\"https:\\\/\\\/energeticienne-audibert.com\\\/Montpellier\\\/#\\\/schema\\\/logo\\\/image\\\/\",\"url\":\"https:\\\/\\\/energeticienne-audibert.com\\\/Montpellier\\\/wp-content\\\/uploads\\\/2019\\\/01\\\/cropped-logo-genevieve-307.png\",\"contentUrl\":\"https:\\\/\\\/energeticienne-audibert.com\\\/Montpellier\\\/wp-content\\\/uploads\\\/2019\\\/01\\\/cropped-logo-genevieve-307.png\",\"width\":250,\"height\":253,\"caption\":\"Genevi\u00e8ve Audibert \u00e9nerg\u00e9ticienne\"},\"image\":{\"@id\":\"https:\\\/\\\/energeticienne-audibert.com\\\/Montpellier\\\/#\\\/schema\\\/logo\\\/image\\\/\"}}]}<\/script>\n<!-- \/ Yoast SEO plugin. -->","yoast_head_json":{"title":"Soins propos\u00e9s - Genevi\u00e8ve Audibert \u00e9nerg\u00e9ticienne","robots":{"index":"index","follow":"follow","max-snippet":"max-snippet:-1","max-image-preview":"max-image-preview:large","max-video-preview":"max-video-preview:-1"},"canonical":"https:\/\/energeticienne-audibert.com\/Montpellier\/les-soins\/soins-proposes-2","og_locale":"fr_FR","og_type":"article","og_title":"Soins propos\u00e9s - Genevi\u00e8ve Audibert \u00e9nerg\u00e9ticienne","og_description":"Soin de r\u00e9-harmonisation \u00e9nerg\u00e9tique Soin \u00e0 vis\u00e9e de bien-\u00eatre et de ressourcement Ce soin permet le centrage des diff\u00e9rents [&hellip;]","og_url":"https:\/\/energeticienne-audibert.com\/Montpellier\/les-soins\/soins-proposes-2","og_site_name":"Genevi\u00e8ve Audibert \u00e9nerg\u00e9ticienne","article_modified_time":"2025-09-30T12:51:24+00:00","og_image":[{"width":1420,"height":800,"url":"https:\/\/energeticienne-audibert.com\/Montpellier\/wp-content\/uploads\/2018\/07\/slider2-1420x800.jpg","type":"image\/jpeg"}],"twitter_card":"summary_large_image","schema":{"@context":"https:\/\/schema.org","@graph":[{"@type":"WebPage","@id":"https:\/\/energeticienne-audibert.com\/Montpellier\/les-soins\/soins-proposes-2","url":"https:\/\/energeticienne-audibert.com\/Montpellier\/les-soins\/soins-proposes-2","name":"Soins propos\u00e9s - Genevi\u00e8ve Audibert \u00e9nerg\u00e9ticienne","isPartOf":{"@id":"https:\/\/energeticienne-audibert.com\/Montpellier\/#website"},"primaryImageOfPage":{"@id":"https:\/\/energeticienne-audibert.com\/Montpellier\/les-soins\/soins-proposes-2#primaryimage"},"image":{"@id":"https:\/\/energeticienne-audibert.com\/Montpellier\/les-soins\/soins-proposes-2#primaryimage"},"thumbnailUrl":"https:\/\/energeticienne-audibert.com\/Montpellier\/wp-content\/uploads\/2018\/07\/slider2-1420x800.jpg","datePublished":"2010-11-11T19:07:27+00:00","dateModified":"2025-09-30T12:51:24+00:00","breadcrumb":{"@id":"https:\/\/energeticienne-audibert.com\/Montpellier\/les-soins\/soins-proposes-2#breadcrumb"},"inLanguage":"fr-FR","potentialAction":[{"@type":"ReadAction","target":["https:\/\/energeticienne-audibert.com\/Montpellier\/les-soins\/soins-proposes-2"]}]},{"@type":"ImageObject","inLanguage":"fr-FR","@id":"https:\/\/energeticienne-audibert.com\/Montpellier\/les-soins\/soins-proposes-2#primaryimage","url":"https:\/\/energeticienne-audibert.com\/Montpellier\/wp-content\/uploads\/2018\/07\/slider2-1420x800.jpg","contentUrl":"https:\/\/energeticienne-audibert.com\/Montpellier\/wp-content\/uploads\/2018\/07\/slider2-1420x800.jpg","width":1420,"height":800},{"@type":"BreadcrumbList","@id":"https:\/\/energeticienne-audibert.com\/Montpellier\/les-soins\/soins-proposes-2#breadcrumb","itemListElement":[{"@type":"ListItem","position":1,"name":"Accueil","item":"https:\/\/energeticienne-audibert.com\/Montpellier\/"},{"@type":"ListItem","position":2,"name":"Les soins","item":"https:\/\/energeticienne-audibert.com\/Montpellier\/les-soins"},{"@type":"ListItem","position":3,"name":"Soins propos\u00e9s"}]},{"@type":"WebSite","@id":"https:\/\/energeticienne-audibert.com\/Montpellier\/#website","url":"https:\/\/energeticienne-audibert.com\/Montpellier\/","name":"Genevi\u00e8ve Audibert \u00e9nerg\u00e9ticienne","description":"","publisher":{"@id":"https:\/\/energeticienne-audibert.com\/Montpellier\/#organization"},"potentialAction":[{"@type":"SearchAction","target":{"@type":"EntryPoint","urlTemplate":"https:\/\/energeticienne-audibert.com\/Montpellier\/?s={search_term_string}"},"query-input":{"@type":"PropertyValueSpecification","valueRequired":true,"valueName":"search_term_string"}}],"inLanguage":"fr-FR"},{"@type":"Organization","@id":"https:\/\/energeticienne-audibert.com\/Montpellier\/#organization","name":"Genevi\u00e8ve Audibert \u00e9nerg\u00e9ticienne","url":"https:\/\/energeticienne-audibert.com\/Montpellier\/","logo":{"@type":"ImageObject","inLanguage":"fr-FR","@id":"https:\/\/energeticienne-audibert.com\/Montpellier\/#\/schema\/logo\/image\/","url":"https:\/\/energeticienne-audibert.com\/Montpellier\/wp-content\/uploads\/2019\/01\/cropped-logo-genevieve-307.png","contentUrl":"https:\/\/energeticienne-audibert.com\/Montpellier\/wp-content\/uploads\/2019\/01\/cropped-logo-genevieve-307.png","width":250,"height":253,"caption":"Genevi\u00e8ve Audibert \u00e9nerg\u00e9ticienne"},"image":{"@id":"https:\/\/energeticienne-audibert.com\/Montpellier\/#\/schema\/logo\/image\/"}}]}},"_links":{"self":[{"href":"https:\/\/energeticienne-audibert.com\/Montpellier\/wp-json\/wp\/v2\/pages\/650","targetHints":{"allow":["GET"]}}],"collection":[{"href":"https:\/\/energeticienne-audibert.com\/Montpellier\/wp-json\/wp\/v2\/pages"}],"about":[{"href":"https:\/\/energeticienne-audibert.com\/Montpellier\/wp-json\/wp\/v2\/types\/page"}],"author":[{"embeddable":true,"href":"https:\/\/energeticienne-audibert.com\/Montpellier\/wp-json\/wp\/v2\/users\/2"}],"replies":[{"embeddable":true,"href":"https:\/\/energeticienne-audibert.com\/Montpellier\/wp-json\/wp\/v2\/comments?post=650"}],"version-history":[{"count":29,"href":"https:\/\/energeticienne-audibert.com\/Montpellier\/wp-json\/wp\/v2\/pages\/650\/revisions"}],"predecessor-version":[{"id":2227,"href":"https:\/\/energeticienne-audibert.com\/Montpellier\/wp-json\/wp\/v2\/pages\/650\/revisions\/2227"}],"up":[{"embeddable":true,"href":"https:\/\/energeticienne-audibert.com\/Montpellier\/wp-json\/wp\/v2\/pages\/74"}],"wp:featuredmedia":[{"embeddable":true,"href":"https:\/\/energeticienne-audibert.com\/Montpellier\/wp-json\/wp\/v2\/media\/1729"}],"wp:attachment":[{"href":"https:\/\/energeticienne-audibert.com\/Montpellier\/wp-json\/wp\/v2\/media?parent=650"}],"curies":[{"name":"wp","href":"https:\/\/api.w.org\/{rel}","templated":true}]}}