{"id":62,"date":"2018-07-06T20:15:02","date_gmt":"2018-07-06T20:15:02","guid":{"rendered":"http:\/\/energeticienne-audibert.com\/WordPress\/?page_id=62"},"modified":"2018-07-08T17:54:06","modified_gmt":"2018-07-08T17:54:06","slug":"la-therapie-energetique","status":"publish","type":"page","link":"https:\/\/energeticienne-audibert.com\/Montpellier\/la-therapie-energetique","title":{"rendered":"La th\u00e9rapie \u00e9nerg\u00e9tique"},"content":{"rendered":"<table style=\"text-align: left;\">\n<tbody>\n<tr>\n<td>\n<p style=\"text-align: justify;\"><strong>La th\u00e9rapie \u00e9nerg\u00e9tique est un ensemble de techniques permettant d&rsquo;acc\u00e9der \u00e0 l&rsquo;anatomie \u00e9nerg\u00e9tique de l&rsquo;individu.<\/strong><\/p>\n<p>Elle consiste \u00e0 harmoniser, r\u00e9parer, r\u00e9organiser l&rsquo;ensemble des enveloppes \u00e9nerg\u00e9tiques par :<br \/>\n&#8211; le ressenti \u00e9nerg\u00e9tique,<br \/>\n&#8211; la mesure des taux vibratoires des corps \u00e9nerg\u00e9tiques, des chakras,<br \/>\n&#8211; l&rsquo;\u00e9valuation des ancrages terre\/ciel,<br \/>\n&#8211; la localisation des blocages \u00e9nerg\u00e9tiques et des liens corporels existants.<\/p>\n<p>Le but de cette th\u00e9rapie est de rendre \u00e0 l&rsquo;individu une meilleure int\u00e9grit\u00e9. La personne peut alors exp\u00e9rimenter avec plus de souplesse et d&rsquo;\u00e9coute, d\u00e9couvrir d&rsquo;autres modes r\u00e9actionnels face aux diverses situations rencontr\u00e9es dans sa vie.<\/p>\n<p>Le magn\u00e9tisme, par action sur la mati\u00e8re et ses composantes, permet de re-dynamiser un organe, une fonction d\u00e9faillante, pour permettre \u00e0 la trame corporelle d&rsquo;incarner son histoire et accompagner l&rsquo;\u00eatre dans la concr\u00e9tisation de ses choix de vie.<\/p>\n<p>L&rsquo;\u00e9nerg\u00e9tique et le Reiki donnent acc\u00e8s aux dimensions plus subtiles de l&rsquo;\u00eatre. Ils permettent de redonner aux corps d\u00e9r\u00e9gl\u00e9s l&rsquo;\u00e9nergie n\u00e9cessaire pour affronter une difficult\u00e9, pour soutenir l&rsquo;individu dans tout changement profond de vie n\u00e9cessitant d&rsquo;\u00eatre pr\u00e9sent, lucide et actif dans la dur\u00e9e.<br \/>\nEn modifiant l&rsquo;\u00e9quilibre \u00e9nerg\u00e9tique pr\u00e9sent, la personne peut avoir acc\u00e8s \u00e0 d&rsquo;autres modes relationnels lui permettant une adaptation plus juste \u00e0 son univers, \u00e0 ceux des autres.<\/p>\n<p>Ces techniques peuvent mettre \u00e0 jour des conflits transg\u00e9n\u00e9rationnels, des probl\u00e9matiques d&rsquo;ordre karmique, des blocages spirituels, des liens relationnels difficiles avec des personnes vivantes ou d\u00e9c\u00e9d\u00e9es, et mettre en lien la personne avec l&rsquo;\u00e2me d&rsquo;un proche d\u00e9c\u00e9d\u00e9 pour r\u00e9gler des situations pass\u00e9es (ces situations sont \u00e0 consid\u00e9rer en fonction des croyances de chacun).<br \/>\nElles permettent de pacifier son histoire pour vivre plus serein et \u00e9voluer vers plus d&rsquo;humanit\u00e9 envers soi, envers les autres.<\/p>\n<p>Dans les th\u00e9rapies \u00e9nerg\u00e9tiques les croyances spirituelles de chacun sont respect\u00e9es. Le travail effectu\u00e9 doit tenir compte de ce postulat.<\/td>\n<\/tr>\n<\/tbody>\n<\/table>\n","protected":false},"excerpt":{"rendered":"<p>La th\u00e9rapie \u00e9nerg\u00e9tique est un ensemble de techniques permettant d&rsquo;acc\u00e9der \u00e0 l&rsquo;anatomie \u00e9nerg\u00e9tique de l&rsquo;individu. Elle consiste \u00e0 harmoniser, [&hellip;]<\/p>\n","protected":false},"author":2,"featured_media":1730,"parent":0,"menu_order":5,"comment_status":"closed","ping_status":"closed","template":"","meta":{"footnotes":""},"class_list":["post-62","page","type-page","status-publish","has-post-thumbnail","hentry"],"yoast_head":"<!-- This site is optimized with the Yoast SEO plugin v27.4 - https:\/\/yoast.com\/product\/yoast-seo-wordpress\/ -->\n<title>La th\u00e9rapie \u00e9nerg\u00e9tique - Genevi\u00e8ve Audibert \u00e9nerg\u00e9ticienne<\/title>\n<meta name=\"robots\" content=\"index, follow, max-snippet:-1, max-image-preview:large, max-video-preview:-1\" \/>\n<link rel=\"canonical\" href=\"https:\/\/energeticienne-audibert.com\/Montpellier\/la-therapie-energetique\" \/>\n<meta property=\"og:locale\" content=\"fr_FR\" \/>\n<meta property=\"og:type\" content=\"article\" \/>\n<meta property=\"og:title\" content=\"La th\u00e9rapie \u00e9nerg\u00e9tique - Genevi\u00e8ve Audibert \u00e9nerg\u00e9ticienne\" \/>\n<meta property=\"og:description\" content=\"La th\u00e9rapie \u00e9nerg\u00e9tique est un ensemble de techniques permettant d&rsquo;acc\u00e9der \u00e0 l&rsquo;anatomie \u00e9nerg\u00e9tique de l&rsquo;individu. Elle consiste \u00e0 harmoniser, [&hellip;]\" \/>\n<meta property=\"og:url\" content=\"https:\/\/energeticienne-audibert.com\/Montpellier\/la-therapie-energetique\" \/>\n<meta property=\"og:site_name\" content=\"Genevi\u00e8ve Audibert \u00e9nerg\u00e9ticienne\" \/>\n<meta property=\"article:modified_time\" content=\"2018-07-08T17:54:06+00:00\" \/>\n<meta property=\"og:image\" content=\"https:\/\/energeticienne-audibert.com\/Montpellier\/wp-content\/uploads\/2018\/07\/slider1-1420x800.jpg\" \/>\n\t<meta property=\"og:image:width\" content=\"1420\" \/>\n\t<meta property=\"og:image:height\" content=\"800\" \/>\n\t<meta property=\"og:image:type\" content=\"image\/jpeg\" \/>\n<meta name=\"twitter:card\" content=\"summary_large_image\" \/>\n<meta name=\"twitter:label1\" content=\"Dur\u00e9e de lecture estim\u00e9e\" \/>\n\t<meta name=\"twitter:data1\" content=\"2 minutes\" \/>\n<script type=\"application\/ld+json\" class=\"yoast-schema-graph\">{\"@context\":\"https:\\\/\\\/schema.org\",\"@graph\":[{\"@type\":\"WebPage\",\"@id\":\"https:\\\/\\\/energeticienne-audibert.com\\\/Montpellier\\\/la-therapie-energetique\",\"url\":\"https:\\\/\\\/energeticienne-audibert.com\\\/Montpellier\\\/la-therapie-energetique\",\"name\":\"La th\u00e9rapie \u00e9nerg\u00e9tique - Genevi\u00e8ve Audibert \u00e9nerg\u00e9ticienne\",\"isPartOf\":{\"@id\":\"https:\\\/\\\/energeticienne-audibert.com\\\/Montpellier\\\/#website\"},\"primaryImageOfPage\":{\"@id\":\"https:\\\/\\\/energeticienne-audibert.com\\\/Montpellier\\\/la-therapie-energetique#primaryimage\"},\"image\":{\"@id\":\"https:\\\/\\\/energeticienne-audibert.com\\\/Montpellier\\\/la-therapie-energetique#primaryimage\"},\"thumbnailUrl\":\"https:\\\/\\\/energeticienne-audibert.com\\\/Montpellier\\\/wp-content\\\/uploads\\\/2018\\\/07\\\/slider1-1420x800.jpg\",\"datePublished\":\"2018-07-06T20:15:02+00:00\",\"dateModified\":\"2018-07-08T17:54:06+00:00\",\"breadcrumb\":{\"@id\":\"https:\\\/\\\/energeticienne-audibert.com\\\/Montpellier\\\/la-therapie-energetique#breadcrumb\"},\"inLanguage\":\"fr-FR\",\"potentialAction\":[{\"@type\":\"ReadAction\",\"target\":[\"https:\\\/\\\/energeticienne-audibert.com\\\/Montpellier\\\/la-therapie-energetique\"]}]},{\"@type\":\"ImageObject\",\"inLanguage\":\"fr-FR\",\"@id\":\"https:\\\/\\\/energeticienne-audibert.com\\\/Montpellier\\\/la-therapie-energetique#primaryimage\",\"url\":\"https:\\\/\\\/energeticienne-audibert.com\\\/Montpellier\\\/wp-content\\\/uploads\\\/2018\\\/07\\\/slider1-1420x800.jpg\",\"contentUrl\":\"https:\\\/\\\/energeticienne-audibert.com\\\/Montpellier\\\/wp-content\\\/uploads\\\/2018\\\/07\\\/slider1-1420x800.jpg\",\"width\":1420,\"height\":800},{\"@type\":\"BreadcrumbList\",\"@id\":\"https:\\\/\\\/energeticienne-audibert.com\\\/Montpellier\\\/la-therapie-energetique#breadcrumb\",\"itemListElement\":[{\"@type\":\"ListItem\",\"position\":1,\"name\":\"Accueil\",\"item\":\"https:\\\/\\\/energeticienne-audibert.com\\\/Montpellier\\\/\"},{\"@type\":\"ListItem\",\"position\":2,\"name\":\"La th\u00e9rapie \u00e9nerg\u00e9tique\"}]},{\"@type\":\"WebSite\",\"@id\":\"https:\\\/\\\/energeticienne-audibert.com\\\/Montpellier\\\/#website\",\"url\":\"https:\\\/\\\/energeticienne-audibert.com\\\/Montpellier\\\/\",\"name\":\"Genevi\u00e8ve Audibert \u00e9nerg\u00e9ticienne\",\"description\":\"\",\"publisher\":{\"@id\":\"https:\\\/\\\/energeticienne-audibert.com\\\/Montpellier\\\/#organization\"},\"potentialAction\":[{\"@type\":\"SearchAction\",\"target\":{\"@type\":\"EntryPoint\",\"urlTemplate\":\"https:\\\/\\\/energeticienne-audibert.com\\\/Montpellier\\\/?s={search_term_string}\"},\"query-input\":{\"@type\":\"PropertyValueSpecification\",\"valueRequired\":true,\"valueName\":\"search_term_string\"}}],\"inLanguage\":\"fr-FR\"},{\"@type\":\"Organization\",\"@id\":\"https:\\\/\\\/energeticienne-audibert.com\\\/Montpellier\\\/#organization\",\"name\":\"Genevi\u00e8ve Audibert \u00e9nerg\u00e9ticienne\",\"url\":\"https:\\\/\\\/energeticienne-audibert.com\\\/Montpellier\\\/\",\"logo\":{\"@type\":\"ImageObject\",\"inLanguage\":\"fr-FR\",\"@id\":\"https:\\\/\\\/energeticienne-audibert.com\\\/Montpellier\\\/#\\\/schema\\\/logo\\\/image\\\/\",\"url\":\"https:\\\/\\\/energeticienne-audibert.com\\\/Montpellier\\\/wp-content\\\/uploads\\\/2019\\\/01\\\/cropped-logo-genevieve-307.png\",\"contentUrl\":\"https:\\\/\\\/energeticienne-audibert.com\\\/Montpellier\\\/wp-content\\\/uploads\\\/2019\\\/01\\\/cropped-logo-genevieve-307.png\",\"width\":250,\"height\":253,\"caption\":\"Genevi\u00e8ve Audibert \u00e9nerg\u00e9ticienne\"},\"image\":{\"@id\":\"https:\\\/\\\/energeticienne-audibert.com\\\/Montpellier\\\/#\\\/schema\\\/logo\\\/image\\\/\"}}]}<\/script>\n<!-- \/ Yoast SEO plugin. -->","yoast_head_json":{"title":"La th\u00e9rapie \u00e9nerg\u00e9tique - Genevi\u00e8ve Audibert \u00e9nerg\u00e9ticienne","robots":{"index":"index","follow":"follow","max-snippet":"max-snippet:-1","max-image-preview":"max-image-preview:large","max-video-preview":"max-video-preview:-1"},"canonical":"https:\/\/energeticienne-audibert.com\/Montpellier\/la-therapie-energetique","og_locale":"fr_FR","og_type":"article","og_title":"La th\u00e9rapie \u00e9nerg\u00e9tique - Genevi\u00e8ve Audibert \u00e9nerg\u00e9ticienne","og_description":"La th\u00e9rapie \u00e9nerg\u00e9tique est un ensemble de techniques permettant d&rsquo;acc\u00e9der \u00e0 l&rsquo;anatomie \u00e9nerg\u00e9tique de l&rsquo;individu. Elle consiste \u00e0 harmoniser, [&hellip;]","og_url":"https:\/\/energeticienne-audibert.com\/Montpellier\/la-therapie-energetique","og_site_name":"Genevi\u00e8ve Audibert \u00e9nerg\u00e9ticienne","article_modified_time":"2018-07-08T17:54:06+00:00","og_image":[{"width":1420,"height":800,"url":"https:\/\/energeticienne-audibert.com\/Montpellier\/wp-content\/uploads\/2018\/07\/slider1-1420x800.jpg","type":"image\/jpeg"}],"twitter_card":"summary_large_image","twitter_misc":{"Dur\u00e9e de lecture estim\u00e9e":"2 minutes"},"schema":{"@context":"https:\/\/schema.org","@graph":[{"@type":"WebPage","@id":"https:\/\/energeticienne-audibert.com\/Montpellier\/la-therapie-energetique","url":"https:\/\/energeticienne-audibert.com\/Montpellier\/la-therapie-energetique","name":"La th\u00e9rapie \u00e9nerg\u00e9tique - Genevi\u00e8ve Audibert \u00e9nerg\u00e9ticienne","isPartOf":{"@id":"https:\/\/energeticienne-audibert.com\/Montpellier\/#website"},"primaryImageOfPage":{"@id":"https:\/\/energeticienne-audibert.com\/Montpellier\/la-therapie-energetique#primaryimage"},"image":{"@id":"https:\/\/energeticienne-audibert.com\/Montpellier\/la-therapie-energetique#primaryimage"},"thumbnailUrl":"https:\/\/energeticienne-audibert.com\/Montpellier\/wp-content\/uploads\/2018\/07\/slider1-1420x800.jpg","datePublished":"2018-07-06T20:15:02+00:00","dateModified":"2018-07-08T17:54:06+00:00","breadcrumb":{"@id":"https:\/\/energeticienne-audibert.com\/Montpellier\/la-therapie-energetique#breadcrumb"},"inLanguage":"fr-FR","potentialAction":[{"@type":"ReadAction","target":["https:\/\/energeticienne-audibert.com\/Montpellier\/la-therapie-energetique"]}]},{"@type":"ImageObject","inLanguage":"fr-FR","@id":"https:\/\/energeticienne-audibert.com\/Montpellier\/la-therapie-energetique#primaryimage","url":"https:\/\/energeticienne-audibert.com\/Montpellier\/wp-content\/uploads\/2018\/07\/slider1-1420x800.jpg","contentUrl":"https:\/\/energeticienne-audibert.com\/Montpellier\/wp-content\/uploads\/2018\/07\/slider1-1420x800.jpg","width":1420,"height":800},{"@type":"BreadcrumbList","@id":"https:\/\/energeticienne-audibert.com\/Montpellier\/la-therapie-energetique#breadcrumb","itemListElement":[{"@type":"ListItem","position":1,"name":"Accueil","item":"https:\/\/energeticienne-audibert.com\/Montpellier\/"},{"@type":"ListItem","position":2,"name":"La th\u00e9rapie \u00e9nerg\u00e9tique"}]},{"@type":"WebSite","@id":"https:\/\/energeticienne-audibert.com\/Montpellier\/#website","url":"https:\/\/energeticienne-audibert.com\/Montpellier\/","name":"Genevi\u00e8ve Audibert \u00e9nerg\u00e9ticienne","description":"","publisher":{"@id":"https:\/\/energeticienne-audibert.com\/Montpellier\/#organization"},"potentialAction":[{"@type":"SearchAction","target":{"@type":"EntryPoint","urlTemplate":"https:\/\/energeticienne-audibert.com\/Montpellier\/?s={search_term_string}"},"query-input":{"@type":"PropertyValueSpecification","valueRequired":true,"valueName":"search_term_string"}}],"inLanguage":"fr-FR"},{"@type":"Organization","@id":"https:\/\/energeticienne-audibert.com\/Montpellier\/#organization","name":"Genevi\u00e8ve Audibert \u00e9nerg\u00e9ticienne","url":"https:\/\/energeticienne-audibert.com\/Montpellier\/","logo":{"@type":"ImageObject","inLanguage":"fr-FR","@id":"https:\/\/energeticienne-audibert.com\/Montpellier\/#\/schema\/logo\/image\/","url":"https:\/\/energeticienne-audibert.com\/Montpellier\/wp-content\/uploads\/2019\/01\/cropped-logo-genevieve-307.png","contentUrl":"https:\/\/energeticienne-audibert.com\/Montpellier\/wp-content\/uploads\/2019\/01\/cropped-logo-genevieve-307.png","width":250,"height":253,"caption":"Genevi\u00e8ve Audibert \u00e9nerg\u00e9ticienne"},"image":{"@id":"https:\/\/energeticienne-audibert.com\/Montpellier\/#\/schema\/logo\/image\/"}}]}},"_links":{"self":[{"href":"https:\/\/energeticienne-audibert.com\/Montpellier\/wp-json\/wp\/v2\/pages\/62","targetHints":{"allow":["GET"]}}],"collection":[{"href":"https:\/\/energeticienne-audibert.com\/Montpellier\/wp-json\/wp\/v2\/pages"}],"about":[{"href":"https:\/\/energeticienne-audibert.com\/Montpellier\/wp-json\/wp\/v2\/types\/page"}],"author":[{"embeddable":true,"href":"https:\/\/energeticienne-audibert.com\/Montpellier\/wp-json\/wp\/v2\/users\/2"}],"replies":[{"embeddable":true,"href":"https:\/\/energeticienne-audibert.com\/Montpellier\/wp-json\/wp\/v2\/comments?post=62"}],"version-history":[{"count":1,"href":"https:\/\/energeticienne-audibert.com\/Montpellier\/wp-json\/wp\/v2\/pages\/62\/revisions"}],"predecessor-version":[{"id":1087,"href":"https:\/\/energeticienne-audibert.com\/Montpellier\/wp-json\/wp\/v2\/pages\/62\/revisions\/1087"}],"wp:featuredmedia":[{"embeddable":true,"href":"https:\/\/energeticienne-audibert.com\/Montpellier\/wp-json\/wp\/v2\/media\/1730"}],"wp:attachment":[{"href":"https:\/\/energeticienne-audibert.com\/Montpellier\/wp-json\/wp\/v2\/media?parent=62"}],"curies":[{"name":"wp","href":"https:\/\/api.w.org\/{rel}","templated":true}]}}