{"id":52,"date":"2022-02-22T17:56:30","date_gmt":"2022-02-22T17:56:30","guid":{"rendered":"http:\/\/energeticienne-audibert.com\/WordPress\/?page_id=52"},"modified":"2022-02-22T17:57:25","modified_gmt":"2022-02-22T17:57:25","slug":"ma-pratique-en-energetique","status":"publish","type":"page","link":"https:\/\/energeticienne-audibert.com\/Montpellier\/ma-pratique-en-energetique","title":{"rendered":"Qui suis-je ?"},"content":{"rendered":"\n<div class=\"wp-block-image wp-image-36 size-full\"><figure class=\"alignleft\"><img decoding=\"async\" src=\"http:\/\/energeticienne-audibert.com\/Montpellier\/wp-content\/uploads\/2011\/02\/genevieve-audibert.jpg\" alt=\"\" class=\"wp-image-36\"\/><figcaption>Genevi\u00e8ve Audibert, th\u00e9rapeute \u00e9nerg\u00e9ticienne<\/figcaption><\/figure><\/div>\n\n\n\n<p><strong>De formation param\u00e9dicale, j\u2019ai travaill\u00e9 comme infirmi\u00e8re en milieu hospitalier pendant une dizaine d\u2019ann\u00e9e, d\u2019abord en service de m\u00e9decine pluridisciplinaire (cardiologie, pneumologie, neurologie, diab\u00e9\u00adtologie\u2026) puis en service de g\u00e9rontologie. J&rsquo;ai d\u00e9cid\u00e9 d&rsquo;aller pratiquer en tant\u00a0 qu&rsquo;infirmi\u00e8re lib\u00e9rale pendant une quinzaine d&rsquo;ann\u00e9es&#8230; Depuis 2016, j&rsquo;ai choisi de me consacrer uniquement \u00e0 l&rsquo;accompagnement par les soins \u00e9nerg\u00e9tiques, et la transmission par des stages, et des ateliers autour des techniques \u00e9nerg\u00e9tiques.<\/strong><\/p>\n\n\n\n<p>Mon parcours professionnel m\u2019a r\u00e9guli\u00e8rement confront\u00e9e \u00e0 la maladie, \u00e0 l\u2019\u00eatre humain faisant face \u00e0 sa maladie et face \u00e0 la fin de vie, aux familles et \u00e0 leurs inqui\u00e9tudes\u2026 mes comp\u00e9tences d\u2019alors ne m\u2019ont pas toujours permise de r\u00e9pondre aux sollicitations non m\u00e9dicales des patients et de leur entourage. Apr\u00e8s toutes ces ann\u00e9es d\u2019exp\u00e9rience, il m\u2019a donc sembl\u00e9 int\u00e9ressant d\u2019aller \u00e0 la recherche de nouveaux moyens de m\u2019occuper des patients, de mani\u00e8re plus globale.<\/p>\n\n\n\n<p>J\u2019ai exp\u00e9riment\u00e9 sur moi diff\u00e9rentes techniques de soin (acupuncture, astrologie, sophrologie psycho\u00adth\u00e9rapie\u2026) puis, en ayant ressenti les b\u00e9n\u00e9fices, je me suis form\u00e9e \u00e0 d\u2019autres pratiques et ai acquis des comp\u00e9tences comme l&rsquo;<a href=\"http:\/\/energeticienne-audibert.com\/Montpellier\/la-therapie-energetique\/lenergetique\">\u00e9nerg\u00e9tique<\/a> de l&rsquo;individu, <a href=\"http:\/\/energeticienne-audibert.com\/Montpellier\/energetique-de-lhabitat\">l&rsquo;\u00e9nerg\u00e9tique des lieux<\/a>, la lithoth\u00e9rapie, la th\u00e9rapie par les couleurs, le <a href=\"http:\/\/energeticienne-audibert.com\/Montpellier\/la-therapie-energetique\/le-reiki\">Reiki<\/a> et l&rsquo;exploration des \u00e9tats de conscience de la m\u00e9thode de l&rsquo;<a href=\"http:\/\/www.harmonic-vision.com\/\" target=\"_blank\" rel=\"noopener\">institut Monroe<\/a>.<br>Mes premi\u00e8res pratiques de <a href=\"http:\/\/energeticienne-audibert.com\/Montpellier\/les-soins\">soins \u00e9nerg\u00e9tiques<\/a> remontent \u00e0 2002, et je suis enseignante Reiki depuis 2007 (Usui Shiki Ryoho et Shamballa).<\/p>\n\n\n\n<p>Je continue \u00e0 me former \u00e0 d&rsquo;autres techniques d&rsquo;approche de l&rsquo;individu, pour mon propre cheminement et pour faire \u00e9voluer ma pratique et partager mon exp\u00e9rience.<\/p>\n\n\n\n<p>Mais la meilleure des \u00e9coles est d&rsquo;abord et avant tout celle de la vie, aujourd&rsquo;hui, ici et maintenant.<\/p>\n","protected":false},"excerpt":{"rendered":"<p>De formation param\u00e9dicale, j\u2019ai travaill\u00e9 comme infirmi\u00e8re en milieu hospitalier pendant une dizaine d\u2019ann\u00e9e, d\u2019abord en service de m\u00e9decine [&hellip;]<\/p>\n","protected":false},"author":2,"featured_media":1558,"parent":0,"menu_order":2,"comment_status":"closed","ping_status":"closed","template":"","meta":{"footnotes":""},"class_list":["post-52","page","type-page","status-publish","has-post-thumbnail","hentry"],"yoast_head":"<!-- This site is optimized with the Yoast SEO plugin v27.3 - https:\/\/yoast.com\/product\/yoast-seo-wordpress\/ -->\n<title>Qui suis-je ? - Genevi\u00e8ve Audibert \u00e9nerg\u00e9ticienne<\/title>\n<meta name=\"description\" content=\"J&#039;accompagne mes patients dans leurs difficult\u00e9s gr\u00e2ce \u00e0 des soins \u00e9nerg\u00e9tiques. Et j&#039;enseigne les techniques \u00e9nerg\u00e9tiques gr\u00e2ce \u00e0 des stages et des ateliers.\" \/>\n<meta name=\"robots\" content=\"index, follow, max-snippet:-1, max-image-preview:large, max-video-preview:-1\" \/>\n<link rel=\"canonical\" href=\"https:\/\/energeticienne-audibert.com\/Montpellier\/ma-pratique-en-energetique\" \/>\n<meta property=\"og:locale\" content=\"fr_FR\" \/>\n<meta property=\"og:type\" content=\"article\" \/>\n<meta property=\"og:title\" content=\"Qui suis-je ? - Genevi\u00e8ve Audibert \u00e9nerg\u00e9ticienne\" \/>\n<meta property=\"og:description\" content=\"J&#039;accompagne mes patients dans leurs difficult\u00e9s gr\u00e2ce \u00e0 des soins \u00e9nerg\u00e9tiques. Et j&#039;enseigne les techniques \u00e9nerg\u00e9tiques gr\u00e2ce \u00e0 des stages et des ateliers.\" \/>\n<meta property=\"og:url\" content=\"https:\/\/energeticienne-audibert.com\/Montpellier\/ma-pratique-en-energetique\" \/>\n<meta property=\"og:site_name\" content=\"Genevi\u00e8ve Audibert \u00e9nerg\u00e9ticienne\" \/>\n<meta property=\"article:modified_time\" content=\"2022-02-22T17:57:25+00:00\" \/>\n<meta property=\"og:image\" content=\"https:\/\/energeticienne-audibert.com\/Montpellier\/wp-content\/uploads\/2018\/07\/genevieve-audibert-365.jpg\" \/>\n\t<meta property=\"og:image:width\" content=\"365\" \/>\n\t<meta property=\"og:image:height\" content=\"235\" \/>\n\t<meta property=\"og:image:type\" content=\"image\/jpeg\" \/>\n<meta name=\"twitter:card\" content=\"summary_large_image\" \/>\n<meta name=\"twitter:label1\" content=\"Dur\u00e9e de lecture estim\u00e9e\" \/>\n\t<meta name=\"twitter:data1\" content=\"2 minutes\" \/>\n<script type=\"application\/ld+json\" class=\"yoast-schema-graph\">{\"@context\":\"https:\\\/\\\/schema.org\",\"@graph\":[{\"@type\":\"WebPage\",\"@id\":\"https:\\\/\\\/energeticienne-audibert.com\\\/Montpellier\\\/ma-pratique-en-energetique\",\"url\":\"https:\\\/\\\/energeticienne-audibert.com\\\/Montpellier\\\/ma-pratique-en-energetique\",\"name\":\"Qui suis-je ? - Genevi\u00e8ve Audibert \u00e9nerg\u00e9ticienne\",\"isPartOf\":{\"@id\":\"https:\\\/\\\/energeticienne-audibert.com\\\/Montpellier\\\/#website\"},\"primaryImageOfPage\":{\"@id\":\"https:\\\/\\\/energeticienne-audibert.com\\\/Montpellier\\\/ma-pratique-en-energetique#primaryimage\"},\"image\":{\"@id\":\"https:\\\/\\\/energeticienne-audibert.com\\\/Montpellier\\\/ma-pratique-en-energetique#primaryimage\"},\"thumbnailUrl\":\"https:\\\/\\\/energeticienne-audibert.com\\\/Montpellier\\\/wp-content\\\/uploads\\\/2018\\\/07\\\/genevieve-audibert-365.jpg\",\"datePublished\":\"2022-02-22T17:56:30+00:00\",\"dateModified\":\"2022-02-22T17:57:25+00:00\",\"description\":\"J'accompagne mes patients dans leurs difficult\u00e9s gr\u00e2ce \u00e0 des soins \u00e9nerg\u00e9tiques. Et j'enseigne les techniques \u00e9nerg\u00e9tiques gr\u00e2ce \u00e0 des stages et des ateliers.\",\"breadcrumb\":{\"@id\":\"https:\\\/\\\/energeticienne-audibert.com\\\/Montpellier\\\/ma-pratique-en-energetique#breadcrumb\"},\"inLanguage\":\"fr-FR\",\"potentialAction\":[{\"@type\":\"ReadAction\",\"target\":[\"https:\\\/\\\/energeticienne-audibert.com\\\/Montpellier\\\/ma-pratique-en-energetique\"]}]},{\"@type\":\"ImageObject\",\"inLanguage\":\"fr-FR\",\"@id\":\"https:\\\/\\\/energeticienne-audibert.com\\\/Montpellier\\\/ma-pratique-en-energetique#primaryimage\",\"url\":\"https:\\\/\\\/energeticienne-audibert.com\\\/Montpellier\\\/wp-content\\\/uploads\\\/2018\\\/07\\\/genevieve-audibert-365.jpg\",\"contentUrl\":\"https:\\\/\\\/energeticienne-audibert.com\\\/Montpellier\\\/wp-content\\\/uploads\\\/2018\\\/07\\\/genevieve-audibert-365.jpg\",\"width\":365,\"height\":235,\"caption\":\"Genevi\u00e8ve Audibert \u00e9nerg\u00e9ticienne \u00e0 Montpellier\"},{\"@type\":\"BreadcrumbList\",\"@id\":\"https:\\\/\\\/energeticienne-audibert.com\\\/Montpellier\\\/ma-pratique-en-energetique#breadcrumb\",\"itemListElement\":[{\"@type\":\"ListItem\",\"position\":1,\"name\":\"Accueil\",\"item\":\"https:\\\/\\\/energeticienne-audibert.com\\\/Montpellier\\\/\"},{\"@type\":\"ListItem\",\"position\":2,\"name\":\"Qui suis-je ?\"}]},{\"@type\":\"WebSite\",\"@id\":\"https:\\\/\\\/energeticienne-audibert.com\\\/Montpellier\\\/#website\",\"url\":\"https:\\\/\\\/energeticienne-audibert.com\\\/Montpellier\\\/\",\"name\":\"Genevi\u00e8ve Audibert \u00e9nerg\u00e9ticienne\",\"description\":\"\",\"publisher\":{\"@id\":\"https:\\\/\\\/energeticienne-audibert.com\\\/Montpellier\\\/#organization\"},\"potentialAction\":[{\"@type\":\"SearchAction\",\"target\":{\"@type\":\"EntryPoint\",\"urlTemplate\":\"https:\\\/\\\/energeticienne-audibert.com\\\/Montpellier\\\/?s={search_term_string}\"},\"query-input\":{\"@type\":\"PropertyValueSpecification\",\"valueRequired\":true,\"valueName\":\"search_term_string\"}}],\"inLanguage\":\"fr-FR\"},{\"@type\":\"Organization\",\"@id\":\"https:\\\/\\\/energeticienne-audibert.com\\\/Montpellier\\\/#organization\",\"name\":\"Genevi\u00e8ve Audibert \u00e9nerg\u00e9ticienne\",\"url\":\"https:\\\/\\\/energeticienne-audibert.com\\\/Montpellier\\\/\",\"logo\":{\"@type\":\"ImageObject\",\"inLanguage\":\"fr-FR\",\"@id\":\"https:\\\/\\\/energeticienne-audibert.com\\\/Montpellier\\\/#\\\/schema\\\/logo\\\/image\\\/\",\"url\":\"https:\\\/\\\/energeticienne-audibert.com\\\/Montpellier\\\/wp-content\\\/uploads\\\/2019\\\/01\\\/cropped-logo-genevieve-307.png\",\"contentUrl\":\"https:\\\/\\\/energeticienne-audibert.com\\\/Montpellier\\\/wp-content\\\/uploads\\\/2019\\\/01\\\/cropped-logo-genevieve-307.png\",\"width\":250,\"height\":253,\"caption\":\"Genevi\u00e8ve Audibert \u00e9nerg\u00e9ticienne\"},\"image\":{\"@id\":\"https:\\\/\\\/energeticienne-audibert.com\\\/Montpellier\\\/#\\\/schema\\\/logo\\\/image\\\/\"}}]}<\/script>\n<!-- \/ Yoast SEO plugin. -->","yoast_head_json":{"title":"Qui suis-je ? - Genevi\u00e8ve Audibert \u00e9nerg\u00e9ticienne","description":"J'accompagne mes patients dans leurs difficult\u00e9s gr\u00e2ce \u00e0 des soins \u00e9nerg\u00e9tiques. Et j'enseigne les techniques \u00e9nerg\u00e9tiques gr\u00e2ce \u00e0 des stages et des ateliers.","robots":{"index":"index","follow":"follow","max-snippet":"max-snippet:-1","max-image-preview":"max-image-preview:large","max-video-preview":"max-video-preview:-1"},"canonical":"https:\/\/energeticienne-audibert.com\/Montpellier\/ma-pratique-en-energetique","og_locale":"fr_FR","og_type":"article","og_title":"Qui suis-je ? - Genevi\u00e8ve Audibert \u00e9nerg\u00e9ticienne","og_description":"J'accompagne mes patients dans leurs difficult\u00e9s gr\u00e2ce \u00e0 des soins \u00e9nerg\u00e9tiques. Et j'enseigne les techniques \u00e9nerg\u00e9tiques gr\u00e2ce \u00e0 des stages et des ateliers.","og_url":"https:\/\/energeticienne-audibert.com\/Montpellier\/ma-pratique-en-energetique","og_site_name":"Genevi\u00e8ve Audibert \u00e9nerg\u00e9ticienne","article_modified_time":"2022-02-22T17:57:25+00:00","og_image":[{"width":365,"height":235,"url":"https:\/\/energeticienne-audibert.com\/Montpellier\/wp-content\/uploads\/2018\/07\/genevieve-audibert-365.jpg","type":"image\/jpeg"}],"twitter_card":"summary_large_image","twitter_misc":{"Dur\u00e9e de lecture estim\u00e9e":"2 minutes"},"schema":{"@context":"https:\/\/schema.org","@graph":[{"@type":"WebPage","@id":"https:\/\/energeticienne-audibert.com\/Montpellier\/ma-pratique-en-energetique","url":"https:\/\/energeticienne-audibert.com\/Montpellier\/ma-pratique-en-energetique","name":"Qui suis-je ? - Genevi\u00e8ve Audibert \u00e9nerg\u00e9ticienne","isPartOf":{"@id":"https:\/\/energeticienne-audibert.com\/Montpellier\/#website"},"primaryImageOfPage":{"@id":"https:\/\/energeticienne-audibert.com\/Montpellier\/ma-pratique-en-energetique#primaryimage"},"image":{"@id":"https:\/\/energeticienne-audibert.com\/Montpellier\/ma-pratique-en-energetique#primaryimage"},"thumbnailUrl":"https:\/\/energeticienne-audibert.com\/Montpellier\/wp-content\/uploads\/2018\/07\/genevieve-audibert-365.jpg","datePublished":"2022-02-22T17:56:30+00:00","dateModified":"2022-02-22T17:57:25+00:00","description":"J'accompagne mes patients dans leurs difficult\u00e9s gr\u00e2ce \u00e0 des soins \u00e9nerg\u00e9tiques. Et j'enseigne les techniques \u00e9nerg\u00e9tiques gr\u00e2ce \u00e0 des stages et des ateliers.","breadcrumb":{"@id":"https:\/\/energeticienne-audibert.com\/Montpellier\/ma-pratique-en-energetique#breadcrumb"},"inLanguage":"fr-FR","potentialAction":[{"@type":"ReadAction","target":["https:\/\/energeticienne-audibert.com\/Montpellier\/ma-pratique-en-energetique"]}]},{"@type":"ImageObject","inLanguage":"fr-FR","@id":"https:\/\/energeticienne-audibert.com\/Montpellier\/ma-pratique-en-energetique#primaryimage","url":"https:\/\/energeticienne-audibert.com\/Montpellier\/wp-content\/uploads\/2018\/07\/genevieve-audibert-365.jpg","contentUrl":"https:\/\/energeticienne-audibert.com\/Montpellier\/wp-content\/uploads\/2018\/07\/genevieve-audibert-365.jpg","width":365,"height":235,"caption":"Genevi\u00e8ve Audibert \u00e9nerg\u00e9ticienne \u00e0 Montpellier"},{"@type":"BreadcrumbList","@id":"https:\/\/energeticienne-audibert.com\/Montpellier\/ma-pratique-en-energetique#breadcrumb","itemListElement":[{"@type":"ListItem","position":1,"name":"Accueil","item":"https:\/\/energeticienne-audibert.com\/Montpellier\/"},{"@type":"ListItem","position":2,"name":"Qui suis-je ?"}]},{"@type":"WebSite","@id":"https:\/\/energeticienne-audibert.com\/Montpellier\/#website","url":"https:\/\/energeticienne-audibert.com\/Montpellier\/","name":"Genevi\u00e8ve Audibert \u00e9nerg\u00e9ticienne","description":"","publisher":{"@id":"https:\/\/energeticienne-audibert.com\/Montpellier\/#organization"},"potentialAction":[{"@type":"SearchAction","target":{"@type":"EntryPoint","urlTemplate":"https:\/\/energeticienne-audibert.com\/Montpellier\/?s={search_term_string}"},"query-input":{"@type":"PropertyValueSpecification","valueRequired":true,"valueName":"search_term_string"}}],"inLanguage":"fr-FR"},{"@type":"Organization","@id":"https:\/\/energeticienne-audibert.com\/Montpellier\/#organization","name":"Genevi\u00e8ve Audibert \u00e9nerg\u00e9ticienne","url":"https:\/\/energeticienne-audibert.com\/Montpellier\/","logo":{"@type":"ImageObject","inLanguage":"fr-FR","@id":"https:\/\/energeticienne-audibert.com\/Montpellier\/#\/schema\/logo\/image\/","url":"https:\/\/energeticienne-audibert.com\/Montpellier\/wp-content\/uploads\/2019\/01\/cropped-logo-genevieve-307.png","contentUrl":"https:\/\/energeticienne-audibert.com\/Montpellier\/wp-content\/uploads\/2019\/01\/cropped-logo-genevieve-307.png","width":250,"height":253,"caption":"Genevi\u00e8ve Audibert \u00e9nerg\u00e9ticienne"},"image":{"@id":"https:\/\/energeticienne-audibert.com\/Montpellier\/#\/schema\/logo\/image\/"}}]}},"_links":{"self":[{"href":"https:\/\/energeticienne-audibert.com\/Montpellier\/wp-json\/wp\/v2\/pages\/52","targetHints":{"allow":["GET"]}}],"collection":[{"href":"https:\/\/energeticienne-audibert.com\/Montpellier\/wp-json\/wp\/v2\/pages"}],"about":[{"href":"https:\/\/energeticienne-audibert.com\/Montpellier\/wp-json\/wp\/v2\/types\/page"}],"author":[{"embeddable":true,"href":"https:\/\/energeticienne-audibert.com\/Montpellier\/wp-json\/wp\/v2\/users\/2"}],"replies":[{"embeddable":true,"href":"https:\/\/energeticienne-audibert.com\/Montpellier\/wp-json\/wp\/v2\/comments?post=52"}],"version-history":[{"count":13,"href":"https:\/\/energeticienne-audibert.com\/Montpellier\/wp-json\/wp\/v2\/pages\/52\/revisions"}],"predecessor-version":[{"id":2071,"href":"https:\/\/energeticienne-audibert.com\/Montpellier\/wp-json\/wp\/v2\/pages\/52\/revisions\/2071"}],"wp:featuredmedia":[{"embeddable":true,"href":"https:\/\/energeticienne-audibert.com\/Montpellier\/wp-json\/wp\/v2\/media\/1558"}],"wp:attachment":[{"href":"https:\/\/energeticienne-audibert.com\/Montpellier\/wp-json\/wp\/v2\/media?parent=52"}],"curies":[{"name":"wp","href":"https:\/\/api.w.org\/{rel}","templated":true}]}}