{"id":18,"date":"2018-07-06T16:26:32","date_gmt":"2018-07-06T16:26:32","guid":{"rendered":"http:\/\/energeticienne-audibert.com\/WordPress\/?page_id=18"},"modified":"2018-07-09T17:25:04","modified_gmt":"2018-07-09T17:25:04","slug":"ma-formation","status":"publish","type":"page","link":"https:\/\/energeticienne-audibert.com\/Montpellier\/ma-pratique-en-energetique\/ma-formation","title":{"rendered":"Ma formation"},"content":{"rendered":"<p><img decoding=\"async\" class=\"alignright\" src=\"http:\/\/energeticienne-audibert.com\/Montpellier\/wp-content\/uploads\/2010\/11\/formation.jpg\" alt=\"Formation \u00e9nerg\u00e9tique\" \/><\/p>\n<ul>\n<li><strong>Formation en <a href=\"http:\/\/energeticienne-audibert.com\/Montpellier\/la-therapie-energetique\/lenergetique\">\u00e9nerg\u00e9tique<\/a><\/strong><\/li>\n<\/ul>\n<p>Avec G\u00e9rard Schrapff et Josie Mandrou, psycho\u00e9nerg\u00e9ticiens.<\/p>\n<p>De septembre 2001 \u00e0 juin 2002 : \u00e9nerg\u00e9tique g\u00e9n\u00e9rale, mondes vibratoires, protections, radionique, cristaux et \u00e9nergies, traitement des chakras, Feng-Shui.<\/p>\n<ul>\n<li><strong>Formations en <a href=\"http:\/\/energeticienne-audibert.com\/Montpellier\/la-therapie-energetique\/le-reiki\">Reiki<\/a>\u00a0<\/strong><\/li>\n<\/ul>\n<p>&#8211; 1er, 2\u00e8me et 3\u00e8me degr\u00e9s Reiki Usui Shiki Ryoho avec Jean-Louis Giovanni, Ma\u00eetre Reiki Shiki Ryoho, de 2002 \u00e0 2004.<\/p>\n<p>&#8211; 1er, 2\u00e8me, 3\u00e8me degr\u00e9 et ma\u00eetrise enseignant Reiki Usui Shamballa avec Isabelle Mora, Ma\u00eetre Reiki Usui Shamballa, de 2006 \u00e0 2007.<\/p>\n<ul>\n<li><strong>Formations \u00ab Conscience, \u00e9nergie, corps \u00bb<\/strong><\/li>\n<\/ul>\n<p>Avec Dominique Lussan en 2008 et 2009.<\/p>\n<ul>\n<li><strong>S\u00e9minaires de l&rsquo;<a href=\"http:\/\/www.harmonic-vision.com\/\" target=\"_blank\" rel=\"noopener\">Institut Monroe<\/a> <\/strong><\/li>\n<\/ul>\n<p>Avec Dominique Lussan : Passage (2007) et Life-line (2010), exploration 27 en 2013<\/p>\n<ul>\n<li><strong>Formation Fleurs de Bach <\/strong><\/li>\n<\/ul>\n<p>Niveau 1 en 2012.<\/p>\n","protected":false},"excerpt":{"rendered":"<p>Formation en \u00e9nerg\u00e9tique Avec G\u00e9rard Schrapff et Josie Mandrou, psycho\u00e9nerg\u00e9ticiens. De septembre 2001 \u00e0 juin 2002 : \u00e9nerg\u00e9tique g\u00e9n\u00e9rale, [&hellip;]<\/p>\n","protected":false},"author":2,"featured_media":0,"parent":52,"menu_order":4,"comment_status":"closed","ping_status":"closed","template":"","meta":{"footnotes":""},"class_list":["post-18","page","type-page","status-publish","hentry"],"yoast_head":"<!-- This site is optimized with the Yoast SEO plugin v27.3 - https:\/\/yoast.com\/product\/yoast-seo-wordpress\/ -->\n<title>Ma formation - Genevi\u00e8ve Audibert \u00e9nerg\u00e9ticienne<\/title>\n<meta name=\"robots\" content=\"index, follow, max-snippet:-1, max-image-preview:large, max-video-preview:-1\" \/>\n<link rel=\"canonical\" href=\"https:\/\/energeticienne-audibert.com\/Montpellier\/ma-pratique-en-energetique\/ma-formation\" \/>\n<meta property=\"og:locale\" content=\"fr_FR\" \/>\n<meta property=\"og:type\" content=\"article\" \/>\n<meta property=\"og:title\" content=\"Ma formation - Genevi\u00e8ve Audibert \u00e9nerg\u00e9ticienne\" \/>\n<meta property=\"og:description\" content=\"Formation en \u00e9nerg\u00e9tique Avec G\u00e9rard Schrapff et Josie Mandrou, psycho\u00e9nerg\u00e9ticiens. De septembre 2001 \u00e0 juin 2002 : \u00e9nerg\u00e9tique g\u00e9n\u00e9rale, [&hellip;]\" \/>\n<meta property=\"og:url\" content=\"https:\/\/energeticienne-audibert.com\/Montpellier\/ma-pratique-en-energetique\/ma-formation\" \/>\n<meta property=\"og:site_name\" content=\"Genevi\u00e8ve Audibert \u00e9nerg\u00e9ticienne\" \/>\n<meta property=\"article:modified_time\" content=\"2018-07-09T17:25:04+00:00\" \/>\n<meta property=\"og:image\" content=\"http:\/\/energeticienne-audibert.com\/Montpellier\/wp-content\/uploads\/2010\/11\/formation.jpg\" \/>\n<meta name=\"twitter:card\" content=\"summary_large_image\" \/>\n<meta name=\"twitter:label1\" content=\"Dur\u00e9e de lecture estim\u00e9e\" \/>\n\t<meta name=\"twitter:data1\" content=\"1 minute\" \/>\n<script type=\"application\/ld+json\" class=\"yoast-schema-graph\">{\"@context\":\"https:\\\/\\\/schema.org\",\"@graph\":[{\"@type\":\"WebPage\",\"@id\":\"https:\\\/\\\/energeticienne-audibert.com\\\/Montpellier\\\/ma-pratique-en-energetique\\\/ma-formation\",\"url\":\"https:\\\/\\\/energeticienne-audibert.com\\\/Montpellier\\\/ma-pratique-en-energetique\\\/ma-formation\",\"name\":\"Ma formation - Genevi\u00e8ve Audibert \u00e9nerg\u00e9ticienne\",\"isPartOf\":{\"@id\":\"https:\\\/\\\/energeticienne-audibert.com\\\/Montpellier\\\/#website\"},\"primaryImageOfPage\":{\"@id\":\"https:\\\/\\\/energeticienne-audibert.com\\\/Montpellier\\\/ma-pratique-en-energetique\\\/ma-formation#primaryimage\"},\"image\":{\"@id\":\"https:\\\/\\\/energeticienne-audibert.com\\\/Montpellier\\\/ma-pratique-en-energetique\\\/ma-formation#primaryimage\"},\"thumbnailUrl\":\"http:\\\/\\\/energeticienne-audibert.com\\\/Montpellier\\\/wp-content\\\/uploads\\\/2010\\\/11\\\/formation.jpg\",\"datePublished\":\"2018-07-06T16:26:32+00:00\",\"dateModified\":\"2018-07-09T17:25:04+00:00\",\"breadcrumb\":{\"@id\":\"https:\\\/\\\/energeticienne-audibert.com\\\/Montpellier\\\/ma-pratique-en-energetique\\\/ma-formation#breadcrumb\"},\"inLanguage\":\"fr-FR\",\"potentialAction\":[{\"@type\":\"ReadAction\",\"target\":[\"https:\\\/\\\/energeticienne-audibert.com\\\/Montpellier\\\/ma-pratique-en-energetique\\\/ma-formation\"]}]},{\"@type\":\"ImageObject\",\"inLanguage\":\"fr-FR\",\"@id\":\"https:\\\/\\\/energeticienne-audibert.com\\\/Montpellier\\\/ma-pratique-en-energetique\\\/ma-formation#primaryimage\",\"url\":\"https:\\\/\\\/energeticienne-audibert.com\\\/Montpellier\\\/wp-content\\\/uploads\\\/2010\\\/11\\\/formation.jpg\",\"contentUrl\":\"https:\\\/\\\/energeticienne-audibert.com\\\/Montpellier\\\/wp-content\\\/uploads\\\/2010\\\/11\\\/formation.jpg\",\"width\":\"150\",\"height\":\"192\"},{\"@type\":\"BreadcrumbList\",\"@id\":\"https:\\\/\\\/energeticienne-audibert.com\\\/Montpellier\\\/ma-pratique-en-energetique\\\/ma-formation#breadcrumb\",\"itemListElement\":[{\"@type\":\"ListItem\",\"position\":1,\"name\":\"Accueil\",\"item\":\"https:\\\/\\\/energeticienne-audibert.com\\\/Montpellier\\\/\"},{\"@type\":\"ListItem\",\"position\":2,\"name\":\"Qui suis-je ?\",\"item\":\"https:\\\/\\\/energeticienne-audibert.com\\\/Montpellier\\\/ma-pratique-en-energetique\"},{\"@type\":\"ListItem\",\"position\":3,\"name\":\"Ma formation\"}]},{\"@type\":\"WebSite\",\"@id\":\"https:\\\/\\\/energeticienne-audibert.com\\\/Montpellier\\\/#website\",\"url\":\"https:\\\/\\\/energeticienne-audibert.com\\\/Montpellier\\\/\",\"name\":\"Genevi\u00e8ve Audibert \u00e9nerg\u00e9ticienne\",\"description\":\"\",\"publisher\":{\"@id\":\"https:\\\/\\\/energeticienne-audibert.com\\\/Montpellier\\\/#organization\"},\"potentialAction\":[{\"@type\":\"SearchAction\",\"target\":{\"@type\":\"EntryPoint\",\"urlTemplate\":\"https:\\\/\\\/energeticienne-audibert.com\\\/Montpellier\\\/?s={search_term_string}\"},\"query-input\":{\"@type\":\"PropertyValueSpecification\",\"valueRequired\":true,\"valueName\":\"search_term_string\"}}],\"inLanguage\":\"fr-FR\"},{\"@type\":\"Organization\",\"@id\":\"https:\\\/\\\/energeticienne-audibert.com\\\/Montpellier\\\/#organization\",\"name\":\"Genevi\u00e8ve Audibert \u00e9nerg\u00e9ticienne\",\"url\":\"https:\\\/\\\/energeticienne-audibert.com\\\/Montpellier\\\/\",\"logo\":{\"@type\":\"ImageObject\",\"inLanguage\":\"fr-FR\",\"@id\":\"https:\\\/\\\/energeticienne-audibert.com\\\/Montpellier\\\/#\\\/schema\\\/logo\\\/image\\\/\",\"url\":\"https:\\\/\\\/energeticienne-audibert.com\\\/Montpellier\\\/wp-content\\\/uploads\\\/2019\\\/01\\\/cropped-logo-genevieve-307.png\",\"contentUrl\":\"https:\\\/\\\/energeticienne-audibert.com\\\/Montpellier\\\/wp-content\\\/uploads\\\/2019\\\/01\\\/cropped-logo-genevieve-307.png\",\"width\":250,\"height\":253,\"caption\":\"Genevi\u00e8ve Audibert \u00e9nerg\u00e9ticienne\"},\"image\":{\"@id\":\"https:\\\/\\\/energeticienne-audibert.com\\\/Montpellier\\\/#\\\/schema\\\/logo\\\/image\\\/\"}}]}<\/script>\n<!-- \/ Yoast SEO plugin. -->","yoast_head_json":{"title":"Ma formation - Genevi\u00e8ve Audibert \u00e9nerg\u00e9ticienne","robots":{"index":"index","follow":"follow","max-snippet":"max-snippet:-1","max-image-preview":"max-image-preview:large","max-video-preview":"max-video-preview:-1"},"canonical":"https:\/\/energeticienne-audibert.com\/Montpellier\/ma-pratique-en-energetique\/ma-formation","og_locale":"fr_FR","og_type":"article","og_title":"Ma formation - Genevi\u00e8ve Audibert \u00e9nerg\u00e9ticienne","og_description":"Formation en \u00e9nerg\u00e9tique Avec G\u00e9rard Schrapff et Josie Mandrou, psycho\u00e9nerg\u00e9ticiens. De septembre 2001 \u00e0 juin 2002 : \u00e9nerg\u00e9tique g\u00e9n\u00e9rale, [&hellip;]","og_url":"https:\/\/energeticienne-audibert.com\/Montpellier\/ma-pratique-en-energetique\/ma-formation","og_site_name":"Genevi\u00e8ve Audibert \u00e9nerg\u00e9ticienne","article_modified_time":"2018-07-09T17:25:04+00:00","og_image":[{"url":"http:\/\/energeticienne-audibert.com\/Montpellier\/wp-content\/uploads\/2010\/11\/formation.jpg","type":"","width":"","height":""}],"twitter_card":"summary_large_image","twitter_misc":{"Dur\u00e9e de lecture estim\u00e9e":"1 minute"},"schema":{"@context":"https:\/\/schema.org","@graph":[{"@type":"WebPage","@id":"https:\/\/energeticienne-audibert.com\/Montpellier\/ma-pratique-en-energetique\/ma-formation","url":"https:\/\/energeticienne-audibert.com\/Montpellier\/ma-pratique-en-energetique\/ma-formation","name":"Ma formation - Genevi\u00e8ve Audibert \u00e9nerg\u00e9ticienne","isPartOf":{"@id":"https:\/\/energeticienne-audibert.com\/Montpellier\/#website"},"primaryImageOfPage":{"@id":"https:\/\/energeticienne-audibert.com\/Montpellier\/ma-pratique-en-energetique\/ma-formation#primaryimage"},"image":{"@id":"https:\/\/energeticienne-audibert.com\/Montpellier\/ma-pratique-en-energetique\/ma-formation#primaryimage"},"thumbnailUrl":"http:\/\/energeticienne-audibert.com\/Montpellier\/wp-content\/uploads\/2010\/11\/formation.jpg","datePublished":"2018-07-06T16:26:32+00:00","dateModified":"2018-07-09T17:25:04+00:00","breadcrumb":{"@id":"https:\/\/energeticienne-audibert.com\/Montpellier\/ma-pratique-en-energetique\/ma-formation#breadcrumb"},"inLanguage":"fr-FR","potentialAction":[{"@type":"ReadAction","target":["https:\/\/energeticienne-audibert.com\/Montpellier\/ma-pratique-en-energetique\/ma-formation"]}]},{"@type":"ImageObject","inLanguage":"fr-FR","@id":"https:\/\/energeticienne-audibert.com\/Montpellier\/ma-pratique-en-energetique\/ma-formation#primaryimage","url":"https:\/\/energeticienne-audibert.com\/Montpellier\/wp-content\/uploads\/2010\/11\/formation.jpg","contentUrl":"https:\/\/energeticienne-audibert.com\/Montpellier\/wp-content\/uploads\/2010\/11\/formation.jpg","width":"150","height":"192"},{"@type":"BreadcrumbList","@id":"https:\/\/energeticienne-audibert.com\/Montpellier\/ma-pratique-en-energetique\/ma-formation#breadcrumb","itemListElement":[{"@type":"ListItem","position":1,"name":"Accueil","item":"https:\/\/energeticienne-audibert.com\/Montpellier\/"},{"@type":"ListItem","position":2,"name":"Qui suis-je ?","item":"https:\/\/energeticienne-audibert.com\/Montpellier\/ma-pratique-en-energetique"},{"@type":"ListItem","position":3,"name":"Ma formation"}]},{"@type":"WebSite","@id":"https:\/\/energeticienne-audibert.com\/Montpellier\/#website","url":"https:\/\/energeticienne-audibert.com\/Montpellier\/","name":"Genevi\u00e8ve Audibert \u00e9nerg\u00e9ticienne","description":"","publisher":{"@id":"https:\/\/energeticienne-audibert.com\/Montpellier\/#organization"},"potentialAction":[{"@type":"SearchAction","target":{"@type":"EntryPoint","urlTemplate":"https:\/\/energeticienne-audibert.com\/Montpellier\/?s={search_term_string}"},"query-input":{"@type":"PropertyValueSpecification","valueRequired":true,"valueName":"search_term_string"}}],"inLanguage":"fr-FR"},{"@type":"Organization","@id":"https:\/\/energeticienne-audibert.com\/Montpellier\/#organization","name":"Genevi\u00e8ve Audibert \u00e9nerg\u00e9ticienne","url":"https:\/\/energeticienne-audibert.com\/Montpellier\/","logo":{"@type":"ImageObject","inLanguage":"fr-FR","@id":"https:\/\/energeticienne-audibert.com\/Montpellier\/#\/schema\/logo\/image\/","url":"https:\/\/energeticienne-audibert.com\/Montpellier\/wp-content\/uploads\/2019\/01\/cropped-logo-genevieve-307.png","contentUrl":"https:\/\/energeticienne-audibert.com\/Montpellier\/wp-content\/uploads\/2019\/01\/cropped-logo-genevieve-307.png","width":250,"height":253,"caption":"Genevi\u00e8ve Audibert \u00e9nerg\u00e9ticienne"},"image":{"@id":"https:\/\/energeticienne-audibert.com\/Montpellier\/#\/schema\/logo\/image\/"}}]}},"_links":{"self":[{"href":"https:\/\/energeticienne-audibert.com\/Montpellier\/wp-json\/wp\/v2\/pages\/18","targetHints":{"allow":["GET"]}}],"collection":[{"href":"https:\/\/energeticienne-audibert.com\/Montpellier\/wp-json\/wp\/v2\/pages"}],"about":[{"href":"https:\/\/energeticienne-audibert.com\/Montpellier\/wp-json\/wp\/v2\/types\/page"}],"author":[{"embeddable":true,"href":"https:\/\/energeticienne-audibert.com\/Montpellier\/wp-json\/wp\/v2\/users\/2"}],"replies":[{"embeddable":true,"href":"https:\/\/energeticienne-audibert.com\/Montpellier\/wp-json\/wp\/v2\/comments?post=18"}],"version-history":[{"count":12,"href":"https:\/\/energeticienne-audibert.com\/Montpellier\/wp-json\/wp\/v2\/pages\/18\/revisions"}],"predecessor-version":[{"id":1840,"href":"https:\/\/energeticienne-audibert.com\/Montpellier\/wp-json\/wp\/v2\/pages\/18\/revisions\/1840"}],"up":[{"embeddable":true,"href":"https:\/\/energeticienne-audibert.com\/Montpellier\/wp-json\/wp\/v2\/pages\/52"}],"wp:attachment":[{"href":"https:\/\/energeticienne-audibert.com\/Montpellier\/wp-json\/wp\/v2\/media?parent=18"}],"curies":[{"name":"wp","href":"https:\/\/api.w.org\/{rel}","templated":true}]}}