{"id":1753,"date":"2018-07-08T18:48:56","date_gmt":"2018-07-08T18:48:56","guid":{"rendered":"http:\/\/energeticienne-audibert.com\/Montpellier\/?page_id=1753"},"modified":"2018-07-09T16:16:30","modified_gmt":"2018-07-09T16:16:30","slug":"energetique-de-lhabitat-2","status":"publish","type":"page","link":"https:\/\/energeticienne-audibert.com\/Montpellier\/les-soins\/energetique-de-lhabitat-2","title":{"rendered":"\u00c9nerg\u00e9tique de l&rsquo;habitat"},"content":{"rendered":"<p><a href=\"http:\/\/energeticienne-audibert.com\/Montpellier\/energetique-de-lhabitat\/appartement-energetique-habitat#main\" rel=\"attachment wp-att-1652\"><img loading=\"lazy\" decoding=\"async\" class=\"wp-image-1750 size-medium alignleft\" src=\"http:\/\/energeticienne-audibert.com\/Montpellier\/wp-content\/uploads\/2018\/07\/appartement-e\u0301nerge\u0301tique-habitat-300x200.png\" alt=\"\" width=\"300\" height=\"200\" srcset=\"https:\/\/energeticienne-audibert.com\/Montpellier\/wp-content\/uploads\/2018\/07\/appartement-e\u0301nerge\u0301tique-habitat-300x200.png 300w, https:\/\/energeticienne-audibert.com\/Montpellier\/wp-content\/uploads\/2018\/07\/appartement-e\u0301nerge\u0301tique-habitat-768x512.png 768w, https:\/\/energeticienne-audibert.com\/Montpellier\/wp-content\/uploads\/2018\/07\/appartement-e\u0301nerge\u0301tique-habitat.png 800w\" sizes=\"auto, (max-width: 300px) 100vw, 300px\" \/><\/a><strong>Le lieu o\u00f9 l&rsquo;on vit peut pr\u00e9senter des d\u00e9r\u00e8glements \u00e9nerg\u00e9tiques susceptibles d&rsquo;influencer la qualit\u00e9 de vie, la qualit\u00e9 du repos. Ils peuvent \u00eatre facteurs d\u00e9clencheurs de maladies ou entretenir des pathologies pr\u00e9sentant des manifestations chroniques.<\/strong><\/p>\n<p>Souvent les personnes concern\u00e9es ont des intuitions sur le d\u00e9s\u00e9quilibre pr\u00e9sent dans leur habitation. Ils sont intervenus pour trouver un nouvel \u00e9quilibre plus satisfaisant. Parfois cela suffit. Dans des d\u00e9structurations anciennes (li\u00e9es \u00e0 l&rsquo;histoire de la maison, du lieu, de ses anciens propri\u00e9taires\u2026) la visite d&rsquo;un professionnel s&rsquo;av\u00e8re utile pour apaiser le lieu, le nettoyer des vieilles m\u00e9moires, re-dynamiser les circuits \u00e9nerg\u00e9tiques de l&rsquo;habitation.<\/p>\n<p>En intervenant sur un lieu de vie on permet \u00e0 ses habitants d&rsquo;avoir acc\u00e8s \u00e0 un espace de ressourcement indispensable au bon \u00e9quilibre de chacun.<\/p>\n<p>La tarification est \u00e0 \u00e9valuer en fonction de la probl\u00e9matique (\u00e0 partir de 100 \u20ac).<\/p>\n","protected":false},"excerpt":{"rendered":"<p>Le lieu o\u00f9 l&rsquo;on vit peut pr\u00e9senter des d\u00e9r\u00e8glements \u00e9nerg\u00e9tiques susceptibles d&rsquo;influencer la qualit\u00e9 de vie, la qualit\u00e9 du [&hellip;]<\/p>\n","protected":false},"author":2,"featured_media":1750,"parent":74,"menu_order":0,"comment_status":"closed","ping_status":"closed","template":"","meta":{"footnotes":""},"class_list":["post-1753","page","type-page","status-publish","has-post-thumbnail","hentry"],"yoast_head":"<!-- This site is optimized with the Yoast SEO plugin v27.3 - https:\/\/yoast.com\/product\/yoast-seo-wordpress\/ -->\n<title>\u00c9nerg\u00e9tique de l&#039;habitat - Genevi\u00e8ve Audibert \u00e9nerg\u00e9ticienne<\/title>\n<meta name=\"robots\" content=\"index, follow, max-snippet:-1, max-image-preview:large, max-video-preview:-1\" \/>\n<link rel=\"canonical\" href=\"https:\/\/energeticienne-audibert.com\/Montpellier\/les-soins\/energetique-de-lhabitat-2\" \/>\n<meta property=\"og:locale\" content=\"fr_FR\" \/>\n<meta property=\"og:type\" content=\"article\" \/>\n<meta property=\"og:title\" content=\"\u00c9nerg\u00e9tique de l&#039;habitat - Genevi\u00e8ve Audibert \u00e9nerg\u00e9ticienne\" \/>\n<meta property=\"og:description\" content=\"Le lieu o\u00f9 l&rsquo;on vit peut pr\u00e9senter des d\u00e9r\u00e8glements \u00e9nerg\u00e9tiques susceptibles d&rsquo;influencer la qualit\u00e9 de vie, la qualit\u00e9 du [&hellip;]\" \/>\n<meta property=\"og:url\" content=\"https:\/\/energeticienne-audibert.com\/Montpellier\/les-soins\/energetique-de-lhabitat-2\" \/>\n<meta property=\"og:site_name\" content=\"Genevi\u00e8ve Audibert \u00e9nerg\u00e9ticienne\" \/>\n<meta property=\"article:modified_time\" content=\"2018-07-09T16:16:30+00:00\" \/>\n<meta property=\"og:image\" content=\"https:\/\/energeticienne-audibert.com\/Montpellier\/wp-content\/uploads\/2018\/07\/appartement-e\u0301nerge\u0301tique-habitat.png\" \/>\n\t<meta property=\"og:image:width\" content=\"800\" \/>\n\t<meta property=\"og:image:height\" content=\"533\" \/>\n\t<meta property=\"og:image:type\" content=\"image\/png\" \/>\n<meta name=\"twitter:card\" content=\"summary_large_image\" \/>\n<meta name=\"twitter:label1\" content=\"Dur\u00e9e de lecture estim\u00e9e\" \/>\n\t<meta name=\"twitter:data1\" content=\"1 minute\" \/>\n<script type=\"application\/ld+json\" class=\"yoast-schema-graph\">{\"@context\":\"https:\\\/\\\/schema.org\",\"@graph\":[{\"@type\":\"WebPage\",\"@id\":\"https:\\\/\\\/energeticienne-audibert.com\\\/Montpellier\\\/les-soins\\\/energetique-de-lhabitat-2\",\"url\":\"https:\\\/\\\/energeticienne-audibert.com\\\/Montpellier\\\/les-soins\\\/energetique-de-lhabitat-2\",\"name\":\"\u00c9nerg\u00e9tique de l'habitat - Genevi\u00e8ve Audibert \u00e9nerg\u00e9ticienne\",\"isPartOf\":{\"@id\":\"https:\\\/\\\/energeticienne-audibert.com\\\/Montpellier\\\/#website\"},\"primaryImageOfPage\":{\"@id\":\"https:\\\/\\\/energeticienne-audibert.com\\\/Montpellier\\\/les-soins\\\/energetique-de-lhabitat-2#primaryimage\"},\"image\":{\"@id\":\"https:\\\/\\\/energeticienne-audibert.com\\\/Montpellier\\\/les-soins\\\/energetique-de-lhabitat-2#primaryimage\"},\"thumbnailUrl\":\"https:\\\/\\\/energeticienne-audibert.com\\\/Montpellier\\\/wp-content\\\/uploads\\\/2018\\\/07\\\/appartement-e\u0301nerge\u0301tique-habitat.png\",\"datePublished\":\"2018-07-08T18:48:56+00:00\",\"dateModified\":\"2018-07-09T16:16:30+00:00\",\"breadcrumb\":{\"@id\":\"https:\\\/\\\/energeticienne-audibert.com\\\/Montpellier\\\/les-soins\\\/energetique-de-lhabitat-2#breadcrumb\"},\"inLanguage\":\"fr-FR\",\"potentialAction\":[{\"@type\":\"ReadAction\",\"target\":[\"https:\\\/\\\/energeticienne-audibert.com\\\/Montpellier\\\/les-soins\\\/energetique-de-lhabitat-2\"]}]},{\"@type\":\"ImageObject\",\"inLanguage\":\"fr-FR\",\"@id\":\"https:\\\/\\\/energeticienne-audibert.com\\\/Montpellier\\\/les-soins\\\/energetique-de-lhabitat-2#primaryimage\",\"url\":\"https:\\\/\\\/energeticienne-audibert.com\\\/Montpellier\\\/wp-content\\\/uploads\\\/2018\\\/07\\\/appartement-e\u0301nerge\u0301tique-habitat.png\",\"contentUrl\":\"https:\\\/\\\/energeticienne-audibert.com\\\/Montpellier\\\/wp-content\\\/uploads\\\/2018\\\/07\\\/appartement-e\u0301nerge\u0301tique-habitat.png\",\"width\":800,\"height\":533},{\"@type\":\"BreadcrumbList\",\"@id\":\"https:\\\/\\\/energeticienne-audibert.com\\\/Montpellier\\\/les-soins\\\/energetique-de-lhabitat-2#breadcrumb\",\"itemListElement\":[{\"@type\":\"ListItem\",\"position\":1,\"name\":\"Accueil\",\"item\":\"https:\\\/\\\/energeticienne-audibert.com\\\/Montpellier\\\/\"},{\"@type\":\"ListItem\",\"position\":2,\"name\":\"Les soins\",\"item\":\"https:\\\/\\\/energeticienne-audibert.com\\\/Montpellier\\\/les-soins\"},{\"@type\":\"ListItem\",\"position\":3,\"name\":\"\u00c9nerg\u00e9tique de l&rsquo;habitat\"}]},{\"@type\":\"WebSite\",\"@id\":\"https:\\\/\\\/energeticienne-audibert.com\\\/Montpellier\\\/#website\",\"url\":\"https:\\\/\\\/energeticienne-audibert.com\\\/Montpellier\\\/\",\"name\":\"Genevi\u00e8ve Audibert \u00e9nerg\u00e9ticienne\",\"description\":\"\",\"publisher\":{\"@id\":\"https:\\\/\\\/energeticienne-audibert.com\\\/Montpellier\\\/#organization\"},\"potentialAction\":[{\"@type\":\"SearchAction\",\"target\":{\"@type\":\"EntryPoint\",\"urlTemplate\":\"https:\\\/\\\/energeticienne-audibert.com\\\/Montpellier\\\/?s={search_term_string}\"},\"query-input\":{\"@type\":\"PropertyValueSpecification\",\"valueRequired\":true,\"valueName\":\"search_term_string\"}}],\"inLanguage\":\"fr-FR\"},{\"@type\":\"Organization\",\"@id\":\"https:\\\/\\\/energeticienne-audibert.com\\\/Montpellier\\\/#organization\",\"name\":\"Genevi\u00e8ve Audibert \u00e9nerg\u00e9ticienne\",\"url\":\"https:\\\/\\\/energeticienne-audibert.com\\\/Montpellier\\\/\",\"logo\":{\"@type\":\"ImageObject\",\"inLanguage\":\"fr-FR\",\"@id\":\"https:\\\/\\\/energeticienne-audibert.com\\\/Montpellier\\\/#\\\/schema\\\/logo\\\/image\\\/\",\"url\":\"https:\\\/\\\/energeticienne-audibert.com\\\/Montpellier\\\/wp-content\\\/uploads\\\/2019\\\/01\\\/cropped-logo-genevieve-307.png\",\"contentUrl\":\"https:\\\/\\\/energeticienne-audibert.com\\\/Montpellier\\\/wp-content\\\/uploads\\\/2019\\\/01\\\/cropped-logo-genevieve-307.png\",\"width\":250,\"height\":253,\"caption\":\"Genevi\u00e8ve Audibert \u00e9nerg\u00e9ticienne\"},\"image\":{\"@id\":\"https:\\\/\\\/energeticienne-audibert.com\\\/Montpellier\\\/#\\\/schema\\\/logo\\\/image\\\/\"}}]}<\/script>\n<!-- \/ Yoast SEO plugin. -->","yoast_head_json":{"title":"\u00c9nerg\u00e9tique de l'habitat - Genevi\u00e8ve Audibert \u00e9nerg\u00e9ticienne","robots":{"index":"index","follow":"follow","max-snippet":"max-snippet:-1","max-image-preview":"max-image-preview:large","max-video-preview":"max-video-preview:-1"},"canonical":"https:\/\/energeticienne-audibert.com\/Montpellier\/les-soins\/energetique-de-lhabitat-2","og_locale":"fr_FR","og_type":"article","og_title":"\u00c9nerg\u00e9tique de l'habitat - Genevi\u00e8ve Audibert \u00e9nerg\u00e9ticienne","og_description":"Le lieu o\u00f9 l&rsquo;on vit peut pr\u00e9senter des d\u00e9r\u00e8glements \u00e9nerg\u00e9tiques susceptibles d&rsquo;influencer la qualit\u00e9 de vie, la qualit\u00e9 du [&hellip;]","og_url":"https:\/\/energeticienne-audibert.com\/Montpellier\/les-soins\/energetique-de-lhabitat-2","og_site_name":"Genevi\u00e8ve Audibert \u00e9nerg\u00e9ticienne","article_modified_time":"2018-07-09T16:16:30+00:00","og_image":[{"width":800,"height":533,"url":"https:\/\/energeticienne-audibert.com\/Montpellier\/wp-content\/uploads\/2018\/07\/appartement-e\u0301nerge\u0301tique-habitat.png","type":"image\/png"}],"twitter_card":"summary_large_image","twitter_misc":{"Dur\u00e9e de lecture estim\u00e9e":"1 minute"},"schema":{"@context":"https:\/\/schema.org","@graph":[{"@type":"WebPage","@id":"https:\/\/energeticienne-audibert.com\/Montpellier\/les-soins\/energetique-de-lhabitat-2","url":"https:\/\/energeticienne-audibert.com\/Montpellier\/les-soins\/energetique-de-lhabitat-2","name":"\u00c9nerg\u00e9tique de l'habitat - Genevi\u00e8ve Audibert \u00e9nerg\u00e9ticienne","isPartOf":{"@id":"https:\/\/energeticienne-audibert.com\/Montpellier\/#website"},"primaryImageOfPage":{"@id":"https:\/\/energeticienne-audibert.com\/Montpellier\/les-soins\/energetique-de-lhabitat-2#primaryimage"},"image":{"@id":"https:\/\/energeticienne-audibert.com\/Montpellier\/les-soins\/energetique-de-lhabitat-2#primaryimage"},"thumbnailUrl":"https:\/\/energeticienne-audibert.com\/Montpellier\/wp-content\/uploads\/2018\/07\/appartement-e\u0301nerge\u0301tique-habitat.png","datePublished":"2018-07-08T18:48:56+00:00","dateModified":"2018-07-09T16:16:30+00:00","breadcrumb":{"@id":"https:\/\/energeticienne-audibert.com\/Montpellier\/les-soins\/energetique-de-lhabitat-2#breadcrumb"},"inLanguage":"fr-FR","potentialAction":[{"@type":"ReadAction","target":["https:\/\/energeticienne-audibert.com\/Montpellier\/les-soins\/energetique-de-lhabitat-2"]}]},{"@type":"ImageObject","inLanguage":"fr-FR","@id":"https:\/\/energeticienne-audibert.com\/Montpellier\/les-soins\/energetique-de-lhabitat-2#primaryimage","url":"https:\/\/energeticienne-audibert.com\/Montpellier\/wp-content\/uploads\/2018\/07\/appartement-e\u0301nerge\u0301tique-habitat.png","contentUrl":"https:\/\/energeticienne-audibert.com\/Montpellier\/wp-content\/uploads\/2018\/07\/appartement-e\u0301nerge\u0301tique-habitat.png","width":800,"height":533},{"@type":"BreadcrumbList","@id":"https:\/\/energeticienne-audibert.com\/Montpellier\/les-soins\/energetique-de-lhabitat-2#breadcrumb","itemListElement":[{"@type":"ListItem","position":1,"name":"Accueil","item":"https:\/\/energeticienne-audibert.com\/Montpellier\/"},{"@type":"ListItem","position":2,"name":"Les soins","item":"https:\/\/energeticienne-audibert.com\/Montpellier\/les-soins"},{"@type":"ListItem","position":3,"name":"\u00c9nerg\u00e9tique de l&rsquo;habitat"}]},{"@type":"WebSite","@id":"https:\/\/energeticienne-audibert.com\/Montpellier\/#website","url":"https:\/\/energeticienne-audibert.com\/Montpellier\/","name":"Genevi\u00e8ve Audibert \u00e9nerg\u00e9ticienne","description":"","publisher":{"@id":"https:\/\/energeticienne-audibert.com\/Montpellier\/#organization"},"potentialAction":[{"@type":"SearchAction","target":{"@type":"EntryPoint","urlTemplate":"https:\/\/energeticienne-audibert.com\/Montpellier\/?s={search_term_string}"},"query-input":{"@type":"PropertyValueSpecification","valueRequired":true,"valueName":"search_term_string"}}],"inLanguage":"fr-FR"},{"@type":"Organization","@id":"https:\/\/energeticienne-audibert.com\/Montpellier\/#organization","name":"Genevi\u00e8ve Audibert \u00e9nerg\u00e9ticienne","url":"https:\/\/energeticienne-audibert.com\/Montpellier\/","logo":{"@type":"ImageObject","inLanguage":"fr-FR","@id":"https:\/\/energeticienne-audibert.com\/Montpellier\/#\/schema\/logo\/image\/","url":"https:\/\/energeticienne-audibert.com\/Montpellier\/wp-content\/uploads\/2019\/01\/cropped-logo-genevieve-307.png","contentUrl":"https:\/\/energeticienne-audibert.com\/Montpellier\/wp-content\/uploads\/2019\/01\/cropped-logo-genevieve-307.png","width":250,"height":253,"caption":"Genevi\u00e8ve Audibert \u00e9nerg\u00e9ticienne"},"image":{"@id":"https:\/\/energeticienne-audibert.com\/Montpellier\/#\/schema\/logo\/image\/"}}]}},"_links":{"self":[{"href":"https:\/\/energeticienne-audibert.com\/Montpellier\/wp-json\/wp\/v2\/pages\/1753","targetHints":{"allow":["GET"]}}],"collection":[{"href":"https:\/\/energeticienne-audibert.com\/Montpellier\/wp-json\/wp\/v2\/pages"}],"about":[{"href":"https:\/\/energeticienne-audibert.com\/Montpellier\/wp-json\/wp\/v2\/types\/page"}],"author":[{"embeddable":true,"href":"https:\/\/energeticienne-audibert.com\/Montpellier\/wp-json\/wp\/v2\/users\/2"}],"replies":[{"embeddable":true,"href":"https:\/\/energeticienne-audibert.com\/Montpellier\/wp-json\/wp\/v2\/comments?post=1753"}],"version-history":[{"count":2,"href":"https:\/\/energeticienne-audibert.com\/Montpellier\/wp-json\/wp\/v2\/pages\/1753\/revisions"}],"predecessor-version":[{"id":1828,"href":"https:\/\/energeticienne-audibert.com\/Montpellier\/wp-json\/wp\/v2\/pages\/1753\/revisions\/1828"}],"up":[{"embeddable":true,"href":"https:\/\/energeticienne-audibert.com\/Montpellier\/wp-json\/wp\/v2\/pages\/74"}],"wp:featuredmedia":[{"embeddable":true,"href":"https:\/\/energeticienne-audibert.com\/Montpellier\/wp-json\/wp\/v2\/media\/1750"}],"wp:attachment":[{"href":"https:\/\/energeticienne-audibert.com\/Montpellier\/wp-json\/wp\/v2\/media?parent=1753"}],"curies":[{"name":"wp","href":"https:\/\/api.w.org\/{rel}","templated":true}]}}