{"id":1333,"date":"2010-09-08T16:06:03","date_gmt":"2010-09-08T16:06:03","guid":{"rendered":"http:\/\/energeticienne-audibert.com\/Montpellier\/?page_id=1333"},"modified":"2022-03-02T14:10:34","modified_gmt":"2022-03-02T14:10:34","slug":"le-reiki-shamballa","status":"publish","type":"page","link":"https:\/\/energeticienne-audibert.com\/Montpellier\/la-therapie-energetique\/le-reiki-shamballa","title":{"rendered":"Le Reiki Shamballa"},"content":{"rendered":"<p><strong><img loading=\"lazy\" decoding=\"async\" class=\"size-medium wp-image-1345 alignright\" style=\"margin-left: 16px;\" title=\"Shamballa\" src=\"http:\/\/energeticienne-audibert.com\/Montpellier\/wp-content\/uploads\/2010\/09\/shamballa-genevieve2-300x252.jpg\" alt=\"shamballa-genevieve2\" width=\"329\" height=\"276\" srcset=\"https:\/\/energeticienne-audibert.com\/Montpellier\/wp-content\/uploads\/2010\/09\/shamballa-genevieve2-300x252.jpg 300w, https:\/\/energeticienne-audibert.com\/Montpellier\/wp-content\/uploads\/2010\/09\/shamballa-genevieve2.jpg 600w\" sizes=\"auto, (max-width: 329px) 100vw, 329px\" \/><\/strong><\/p>\n<p>On retrouve dans diff\u00e9rentes tradition l&rsquo;\u00e9vocation de <strong>Shamballa,<\/strong> un lieu o\u00f9 des ma\u00eetre de sagesse r\u00e9sident, et \u0153uvrent \u00e0 aider les \u00eatres dans leurs cheminement.<\/p>\n<p>Il est possible de les rencontrer, d&rsquo;\u00e9changer avec eux, i<strong>l existe aujourd&rsquo;hui des personnes dites \u00ab\u00a0<em>canal<\/em>\u00a0\u00bb qui retransmettent leurs messages.<\/strong><\/p>\n<p>Gr\u00e2ce \u00e0 cette formation, je vous guide \u00e0 leur rencontre, pour \u00e9tablir un lien que vous pourrez utiliser par la suite dans votre vie.<\/p>\n<p>Les Ma\u00eetres sont l\u00e0 pour nous aider dans notre cheminement, ils sont des ancrage profonds pour favoriser la Paix, la gratitude, l&rsquo;Acceptation, le Partage, l&rsquo;Amour.<\/p>\n<p>Chaque ma\u00eetre peut vous accompagner dans l&rsquo;int\u00e9gration de ces \u00ab\u00a0\u00e9nergies enseignantes\u00a0\u00bb, \u00e0 votre rythme. Pour cela, nous&nbsp; allons&nbsp;\u00e0 la rencontre de chaque ma\u00eetre, individuellement. Nous \u00e9tablissons&nbsp;une relation consciente avec lui, et nous apprenons&nbsp;\u00e0 d\u00e9finir sa r\u00e9sonance , sa texture, son discours du moment.<\/p>\n<p><strong>Par la suite vous pourrez les activer dans vos vie en les contactant directement, en leur demandant un soutien temporaire pour vous ou pour une personne que vous sentez dans le besoin.<\/strong><\/p>\n<p>Gr\u00e2ce \u00e0 cette formation et une fois ces liens cr\u00e9\u00e9s, vous pourrez utiliser ces \u00e9nergies dans votre quotidien. A chaque niveau sont pr\u00e9vus l&rsquo;int\u00e9gration de 5 \u00e0 8 \u00e9nergies diff\u00e9rentes, en fonction des capacit\u00e9s d&rsquo;int\u00e9gration de chacun. Comme dans le <a href=\"https:\/\/energeticienne-audibert.com\/Montpellier\/la-therapie-energetique\/le-reiki\" target=\"_blank\" rel=\"noopener\">reiki Usui<\/a>, je vous transmets des symboles pour v\u00e9hiculer l&rsquo;\u00e9nergie. Vous apprenez \u00e0 les dessiner et \u00e0 les utiliser.<\/p>\n<p>C&rsquo;est avec un grand plaisir que je vous accompagnerai dans ces nouveaux univers de connexion.<\/p>\n<p>Rendez-vous sur l&rsquo;<a href=\"https:\/\/energeticienne-audibert.com\/Montpellier\/formations-reiki\/actualite-formations\" target=\"_blank\" rel=\"noopener\">espace formation<\/a> pour plus de renseignements.<\/p>\n\n\n<p><\/p>\n","protected":false},"excerpt":{"rendered":"<p>On retrouve dans diff\u00e9rentes tradition l&rsquo;\u00e9vocation de Shamballa, un lieu o\u00f9 des ma\u00eetre de sagesse r\u00e9sident, et \u0153uvrent \u00e0 [&hellip;]<\/p>\n","protected":false},"author":2,"featured_media":0,"parent":62,"menu_order":3,"comment_status":"closed","ping_status":"closed","template":"","meta":{"footnotes":""},"class_list":["post-1333","page","type-page","status-publish","hentry"],"yoast_head":"<!-- This site is optimized with the Yoast SEO plugin v27.5 - https:\/\/yoast.com\/product\/yoast-seo-wordpress\/ -->\n<title>Le Reiki Shamballa - Genevi\u00e8ve Audibert \u00e9nerg\u00e9ticienne<\/title>\n<meta name=\"description\" content=\"Dans diff\u00e9rentes traditions on \u00e9voque Shamballa, un lieu o\u00f9 des ma\u00eetres de sagesse \u0153uvrent \u00e0 aider les humains. Gr\u00e2ce \u00e0 cette formation vous apprendrez \u00e0 les contacter en leur demandant un soutien temporaire pour vous ou une personne en d\u00e9tresse.\" \/>\n<meta name=\"robots\" content=\"index, follow, max-snippet:-1, max-image-preview:large, max-video-preview:-1\" \/>\n<link rel=\"canonical\" href=\"https:\/\/energeticienne-audibert.com\/Montpellier\/la-therapie-energetique\/le-reiki-shamballa\" \/>\n<meta property=\"og:locale\" content=\"fr_FR\" \/>\n<meta property=\"og:type\" content=\"article\" \/>\n<meta property=\"og:title\" content=\"Le Reiki Shamballa - Genevi\u00e8ve Audibert \u00e9nerg\u00e9ticienne\" \/>\n<meta property=\"og:description\" content=\"Dans diff\u00e9rentes traditions on \u00e9voque Shamballa, un lieu o\u00f9 des ma\u00eetres de sagesse \u0153uvrent \u00e0 aider les humains. Gr\u00e2ce \u00e0 cette formation vous apprendrez \u00e0 les contacter en leur demandant un soutien temporaire pour vous ou une personne en d\u00e9tresse.\" \/>\n<meta property=\"og:url\" content=\"https:\/\/energeticienne-audibert.com\/Montpellier\/la-therapie-energetique\/le-reiki-shamballa\" \/>\n<meta property=\"og:site_name\" content=\"Genevi\u00e8ve Audibert \u00e9nerg\u00e9ticienne\" \/>\n<meta property=\"article:modified_time\" content=\"2022-03-02T14:10:34+00:00\" \/>\n<meta property=\"og:image\" content=\"http:\/\/energeticienne-audibert.com\/Montpellier\/wp-content\/uploads\/2010\/09\/shamballa-genevieve2-300x252.jpg\" \/>\n<meta name=\"twitter:card\" content=\"summary_large_image\" \/>\n<meta name=\"twitter:label1\" content=\"Dur\u00e9e de lecture estim\u00e9e\" \/>\n\t<meta name=\"twitter:data1\" content=\"2 minutes\" \/>\n<script type=\"application\/ld+json\" class=\"yoast-schema-graph\">{\"@context\":\"https:\\\/\\\/schema.org\",\"@graph\":[{\"@type\":[\"Article\",\"BlogPosting\"],\"@id\":\"https:\\\/\\\/energeticienne-audibert.com\\\/Montpellier\\\/la-therapie-energetique\\\/le-reiki-shamballa#article\",\"isPartOf\":{\"@id\":\"https:\\\/\\\/energeticienne-audibert.com\\\/Montpellier\\\/la-therapie-energetique\\\/le-reiki-shamballa\"},\"author\":{\"name\":\"Marie Audibert\",\"@id\":\"https:\\\/\\\/energeticienne-audibert.com\\\/Montpellier\\\/#\\\/schema\\\/person\\\/271242149b17c8e7d67d0b0e99382763\"},\"headline\":\"Le Reiki Shamballa\",\"datePublished\":\"2010-09-08T16:06:03+00:00\",\"dateModified\":\"2022-03-02T14:10:34+00:00\",\"mainEntityOfPage\":{\"@id\":\"https:\\\/\\\/energeticienne-audibert.com\\\/Montpellier\\\/la-therapie-energetique\\\/le-reiki-shamballa\"},\"wordCount\":277,\"publisher\":{\"@id\":\"https:\\\/\\\/energeticienne-audibert.com\\\/Montpellier\\\/#organization\"},\"image\":{\"@id\":\"https:\\\/\\\/energeticienne-audibert.com\\\/Montpellier\\\/la-therapie-energetique\\\/le-reiki-shamballa#primaryimage\"},\"thumbnailUrl\":\"http:\\\/\\\/energeticienne-audibert.com\\\/Montpellier\\\/wp-content\\\/uploads\\\/2010\\\/09\\\/shamballa-genevieve2-300x252.jpg\",\"inLanguage\":\"fr-FR\"},{\"@type\":\"WebPage\",\"@id\":\"https:\\\/\\\/energeticienne-audibert.com\\\/Montpellier\\\/la-therapie-energetique\\\/le-reiki-shamballa\",\"url\":\"https:\\\/\\\/energeticienne-audibert.com\\\/Montpellier\\\/la-therapie-energetique\\\/le-reiki-shamballa\",\"name\":\"Le Reiki Shamballa - Genevi\u00e8ve Audibert \u00e9nerg\u00e9ticienne\",\"isPartOf\":{\"@id\":\"https:\\\/\\\/energeticienne-audibert.com\\\/Montpellier\\\/#website\"},\"primaryImageOfPage\":{\"@id\":\"https:\\\/\\\/energeticienne-audibert.com\\\/Montpellier\\\/la-therapie-energetique\\\/le-reiki-shamballa#primaryimage\"},\"image\":{\"@id\":\"https:\\\/\\\/energeticienne-audibert.com\\\/Montpellier\\\/la-therapie-energetique\\\/le-reiki-shamballa#primaryimage\"},\"thumbnailUrl\":\"http:\\\/\\\/energeticienne-audibert.com\\\/Montpellier\\\/wp-content\\\/uploads\\\/2010\\\/09\\\/shamballa-genevieve2-300x252.jpg\",\"datePublished\":\"2010-09-08T16:06:03+00:00\",\"dateModified\":\"2022-03-02T14:10:34+00:00\",\"description\":\"Dans diff\u00e9rentes traditions on \u00e9voque Shamballa, un lieu o\u00f9 des ma\u00eetres de sagesse \u0153uvrent \u00e0 aider les humains. Gr\u00e2ce \u00e0 cette formation vous apprendrez \u00e0 les contacter en leur demandant un soutien temporaire pour vous ou une personne en d\u00e9tresse.\",\"breadcrumb\":{\"@id\":\"https:\\\/\\\/energeticienne-audibert.com\\\/Montpellier\\\/la-therapie-energetique\\\/le-reiki-shamballa#breadcrumb\"},\"inLanguage\":\"fr-FR\",\"potentialAction\":[{\"@type\":\"ReadAction\",\"target\":[\"https:\\\/\\\/energeticienne-audibert.com\\\/Montpellier\\\/la-therapie-energetique\\\/le-reiki-shamballa\"]}]},{\"@type\":\"ImageObject\",\"inLanguage\":\"fr-FR\",\"@id\":\"https:\\\/\\\/energeticienne-audibert.com\\\/Montpellier\\\/la-therapie-energetique\\\/le-reiki-shamballa#primaryimage\",\"url\":\"https:\\\/\\\/energeticienne-audibert.com\\\/Montpellier\\\/wp-content\\\/uploads\\\/2010\\\/09\\\/shamballa-genevieve2.jpg\",\"contentUrl\":\"https:\\\/\\\/energeticienne-audibert.com\\\/Montpellier\\\/wp-content\\\/uploads\\\/2010\\\/09\\\/shamballa-genevieve2.jpg\",\"width\":600,\"height\":504},{\"@type\":\"BreadcrumbList\",\"@id\":\"https:\\\/\\\/energeticienne-audibert.com\\\/Montpellier\\\/la-therapie-energetique\\\/le-reiki-shamballa#breadcrumb\",\"itemListElement\":[{\"@type\":\"ListItem\",\"position\":1,\"name\":\"Accueil\",\"item\":\"https:\\\/\\\/energeticienne-audibert.com\\\/Montpellier\\\/\"},{\"@type\":\"ListItem\",\"position\":2,\"name\":\"La th\u00e9rapie \u00e9nerg\u00e9tique\",\"item\":\"https:\\\/\\\/energeticienne-audibert.com\\\/Montpellier\\\/la-therapie-energetique\"},{\"@type\":\"ListItem\",\"position\":3,\"name\":\"Le Reiki Shamballa\"}]},{\"@type\":\"WebSite\",\"@id\":\"https:\\\/\\\/energeticienne-audibert.com\\\/Montpellier\\\/#website\",\"url\":\"https:\\\/\\\/energeticienne-audibert.com\\\/Montpellier\\\/\",\"name\":\"Genevi\u00e8ve Audibert \u00e9nerg\u00e9ticienne\",\"description\":\"\",\"publisher\":{\"@id\":\"https:\\\/\\\/energeticienne-audibert.com\\\/Montpellier\\\/#organization\"},\"potentialAction\":[{\"@type\":\"SearchAction\",\"target\":{\"@type\":\"EntryPoint\",\"urlTemplate\":\"https:\\\/\\\/energeticienne-audibert.com\\\/Montpellier\\\/?s={search_term_string}\"},\"query-input\":{\"@type\":\"PropertyValueSpecification\",\"valueRequired\":true,\"valueName\":\"search_term_string\"}}],\"inLanguage\":\"fr-FR\"},{\"@type\":\"Organization\",\"@id\":\"https:\\\/\\\/energeticienne-audibert.com\\\/Montpellier\\\/#organization\",\"name\":\"Genevi\u00e8ve Audibert \u00e9nerg\u00e9ticienne\",\"url\":\"https:\\\/\\\/energeticienne-audibert.com\\\/Montpellier\\\/\",\"logo\":{\"@type\":\"ImageObject\",\"inLanguage\":\"fr-FR\",\"@id\":\"https:\\\/\\\/energeticienne-audibert.com\\\/Montpellier\\\/#\\\/schema\\\/logo\\\/image\\\/\",\"url\":\"https:\\\/\\\/energeticienne-audibert.com\\\/Montpellier\\\/wp-content\\\/uploads\\\/2019\\\/01\\\/cropped-logo-genevieve-307.png\",\"contentUrl\":\"https:\\\/\\\/energeticienne-audibert.com\\\/Montpellier\\\/wp-content\\\/uploads\\\/2019\\\/01\\\/cropped-logo-genevieve-307.png\",\"width\":250,\"height\":253,\"caption\":\"Genevi\u00e8ve Audibert \u00e9nerg\u00e9ticienne\"},\"image\":{\"@id\":\"https:\\\/\\\/energeticienne-audibert.com\\\/Montpellier\\\/#\\\/schema\\\/logo\\\/image\\\/\"}},{\"@type\":\"Person\",\"@id\":\"https:\\\/\\\/energeticienne-audibert.com\\\/Montpellier\\\/#\\\/schema\\\/person\\\/271242149b17c8e7d67d0b0e99382763\",\"name\":\"Marie Audibert\",\"sameAs\":[\"https:\\\/\\\/mcagraphisme.com\"],\"url\":\"https:\\\/\\\/energeticienne-audibert.com\\\/Montpellier\\\/author\\\/mcis2024\"}]}<\/script>\n<!-- \/ Yoast SEO plugin. -->","yoast_head_json":{"title":"Le Reiki Shamballa - Genevi\u00e8ve Audibert \u00e9nerg\u00e9ticienne","description":"Dans diff\u00e9rentes traditions on \u00e9voque Shamballa, un lieu o\u00f9 des ma\u00eetres de sagesse \u0153uvrent \u00e0 aider les humains. Gr\u00e2ce \u00e0 cette formation vous apprendrez \u00e0 les contacter en leur demandant un soutien temporaire pour vous ou une personne en d\u00e9tresse.","robots":{"index":"index","follow":"follow","max-snippet":"max-snippet:-1","max-image-preview":"max-image-preview:large","max-video-preview":"max-video-preview:-1"},"canonical":"https:\/\/energeticienne-audibert.com\/Montpellier\/la-therapie-energetique\/le-reiki-shamballa","og_locale":"fr_FR","og_type":"article","og_title":"Le Reiki Shamballa - Genevi\u00e8ve Audibert \u00e9nerg\u00e9ticienne","og_description":"Dans diff\u00e9rentes traditions on \u00e9voque Shamballa, un lieu o\u00f9 des ma\u00eetres de sagesse \u0153uvrent \u00e0 aider les humains. Gr\u00e2ce \u00e0 cette formation vous apprendrez \u00e0 les contacter en leur demandant un soutien temporaire pour vous ou une personne en d\u00e9tresse.","og_url":"https:\/\/energeticienne-audibert.com\/Montpellier\/la-therapie-energetique\/le-reiki-shamballa","og_site_name":"Genevi\u00e8ve Audibert \u00e9nerg\u00e9ticienne","article_modified_time":"2022-03-02T14:10:34+00:00","og_image":[{"url":"http:\/\/energeticienne-audibert.com\/Montpellier\/wp-content\/uploads\/2010\/09\/shamballa-genevieve2-300x252.jpg","type":"","width":"","height":""}],"twitter_card":"summary_large_image","twitter_misc":{"Dur\u00e9e de lecture estim\u00e9e":"2 minutes"},"schema":{"@context":"https:\/\/schema.org","@graph":[{"@type":["Article","BlogPosting"],"@id":"https:\/\/energeticienne-audibert.com\/Montpellier\/la-therapie-energetique\/le-reiki-shamballa#article","isPartOf":{"@id":"https:\/\/energeticienne-audibert.com\/Montpellier\/la-therapie-energetique\/le-reiki-shamballa"},"author":{"name":"Marie Audibert","@id":"https:\/\/energeticienne-audibert.com\/Montpellier\/#\/schema\/person\/271242149b17c8e7d67d0b0e99382763"},"headline":"Le Reiki Shamballa","datePublished":"2010-09-08T16:06:03+00:00","dateModified":"2022-03-02T14:10:34+00:00","mainEntityOfPage":{"@id":"https:\/\/energeticienne-audibert.com\/Montpellier\/la-therapie-energetique\/le-reiki-shamballa"},"wordCount":277,"publisher":{"@id":"https:\/\/energeticienne-audibert.com\/Montpellier\/#organization"},"image":{"@id":"https:\/\/energeticienne-audibert.com\/Montpellier\/la-therapie-energetique\/le-reiki-shamballa#primaryimage"},"thumbnailUrl":"http:\/\/energeticienne-audibert.com\/Montpellier\/wp-content\/uploads\/2010\/09\/shamballa-genevieve2-300x252.jpg","inLanguage":"fr-FR"},{"@type":"WebPage","@id":"https:\/\/energeticienne-audibert.com\/Montpellier\/la-therapie-energetique\/le-reiki-shamballa","url":"https:\/\/energeticienne-audibert.com\/Montpellier\/la-therapie-energetique\/le-reiki-shamballa","name":"Le Reiki Shamballa - Genevi\u00e8ve Audibert \u00e9nerg\u00e9ticienne","isPartOf":{"@id":"https:\/\/energeticienne-audibert.com\/Montpellier\/#website"},"primaryImageOfPage":{"@id":"https:\/\/energeticienne-audibert.com\/Montpellier\/la-therapie-energetique\/le-reiki-shamballa#primaryimage"},"image":{"@id":"https:\/\/energeticienne-audibert.com\/Montpellier\/la-therapie-energetique\/le-reiki-shamballa#primaryimage"},"thumbnailUrl":"http:\/\/energeticienne-audibert.com\/Montpellier\/wp-content\/uploads\/2010\/09\/shamballa-genevieve2-300x252.jpg","datePublished":"2010-09-08T16:06:03+00:00","dateModified":"2022-03-02T14:10:34+00:00","description":"Dans diff\u00e9rentes traditions on \u00e9voque Shamballa, un lieu o\u00f9 des ma\u00eetres de sagesse \u0153uvrent \u00e0 aider les humains. Gr\u00e2ce \u00e0 cette formation vous apprendrez \u00e0 les contacter en leur demandant un soutien temporaire pour vous ou une personne en d\u00e9tresse.","breadcrumb":{"@id":"https:\/\/energeticienne-audibert.com\/Montpellier\/la-therapie-energetique\/le-reiki-shamballa#breadcrumb"},"inLanguage":"fr-FR","potentialAction":[{"@type":"ReadAction","target":["https:\/\/energeticienne-audibert.com\/Montpellier\/la-therapie-energetique\/le-reiki-shamballa"]}]},{"@type":"ImageObject","inLanguage":"fr-FR","@id":"https:\/\/energeticienne-audibert.com\/Montpellier\/la-therapie-energetique\/le-reiki-shamballa#primaryimage","url":"https:\/\/energeticienne-audibert.com\/Montpellier\/wp-content\/uploads\/2010\/09\/shamballa-genevieve2.jpg","contentUrl":"https:\/\/energeticienne-audibert.com\/Montpellier\/wp-content\/uploads\/2010\/09\/shamballa-genevieve2.jpg","width":600,"height":504},{"@type":"BreadcrumbList","@id":"https:\/\/energeticienne-audibert.com\/Montpellier\/la-therapie-energetique\/le-reiki-shamballa#breadcrumb","itemListElement":[{"@type":"ListItem","position":1,"name":"Accueil","item":"https:\/\/energeticienne-audibert.com\/Montpellier\/"},{"@type":"ListItem","position":2,"name":"La th\u00e9rapie \u00e9nerg\u00e9tique","item":"https:\/\/energeticienne-audibert.com\/Montpellier\/la-therapie-energetique"},{"@type":"ListItem","position":3,"name":"Le Reiki Shamballa"}]},{"@type":"WebSite","@id":"https:\/\/energeticienne-audibert.com\/Montpellier\/#website","url":"https:\/\/energeticienne-audibert.com\/Montpellier\/","name":"Genevi\u00e8ve Audibert \u00e9nerg\u00e9ticienne","description":"","publisher":{"@id":"https:\/\/energeticienne-audibert.com\/Montpellier\/#organization"},"potentialAction":[{"@type":"SearchAction","target":{"@type":"EntryPoint","urlTemplate":"https:\/\/energeticienne-audibert.com\/Montpellier\/?s={search_term_string}"},"query-input":{"@type":"PropertyValueSpecification","valueRequired":true,"valueName":"search_term_string"}}],"inLanguage":"fr-FR"},{"@type":"Organization","@id":"https:\/\/energeticienne-audibert.com\/Montpellier\/#organization","name":"Genevi\u00e8ve Audibert \u00e9nerg\u00e9ticienne","url":"https:\/\/energeticienne-audibert.com\/Montpellier\/","logo":{"@type":"ImageObject","inLanguage":"fr-FR","@id":"https:\/\/energeticienne-audibert.com\/Montpellier\/#\/schema\/logo\/image\/","url":"https:\/\/energeticienne-audibert.com\/Montpellier\/wp-content\/uploads\/2019\/01\/cropped-logo-genevieve-307.png","contentUrl":"https:\/\/energeticienne-audibert.com\/Montpellier\/wp-content\/uploads\/2019\/01\/cropped-logo-genevieve-307.png","width":250,"height":253,"caption":"Genevi\u00e8ve Audibert \u00e9nerg\u00e9ticienne"},"image":{"@id":"https:\/\/energeticienne-audibert.com\/Montpellier\/#\/schema\/logo\/image\/"}},{"@type":"Person","@id":"https:\/\/energeticienne-audibert.com\/Montpellier\/#\/schema\/person\/271242149b17c8e7d67d0b0e99382763","name":"Marie Audibert","sameAs":["https:\/\/mcagraphisme.com"],"url":"https:\/\/energeticienne-audibert.com\/Montpellier\/author\/mcis2024"}]}},"_links":{"self":[{"href":"https:\/\/energeticienne-audibert.com\/Montpellier\/wp-json\/wp\/v2\/pages\/1333","targetHints":{"allow":["GET"]}}],"collection":[{"href":"https:\/\/energeticienne-audibert.com\/Montpellier\/wp-json\/wp\/v2\/pages"}],"about":[{"href":"https:\/\/energeticienne-audibert.com\/Montpellier\/wp-json\/wp\/v2\/types\/page"}],"author":[{"embeddable":true,"href":"https:\/\/energeticienne-audibert.com\/Montpellier\/wp-json\/wp\/v2\/users\/2"}],"replies":[{"embeddable":true,"href":"https:\/\/energeticienne-audibert.com\/Montpellier\/wp-json\/wp\/v2\/comments?post=1333"}],"version-history":[{"count":17,"href":"https:\/\/energeticienne-audibert.com\/Montpellier\/wp-json\/wp\/v2\/pages\/1333\/revisions"}],"predecessor-version":[{"id":2151,"href":"https:\/\/energeticienne-audibert.com\/Montpellier\/wp-json\/wp\/v2\/pages\/1333\/revisions\/2151"}],"up":[{"embeddable":true,"href":"https:\/\/energeticienne-audibert.com\/Montpellier\/wp-json\/wp\/v2\/pages\/62"}],"wp:attachment":[{"href":"https:\/\/energeticienne-audibert.com\/Montpellier\/wp-json\/wp\/v2\/media?parent=1333"}],"curies":[{"name":"wp","href":"https:\/\/api.w.org\/{rel}","templated":true}]}}